{"id":174,"date":"2022-10-05T23:01:55","date_gmt":"2022-10-05T23:01:55","guid":{"rendered":"https:\/\/mueblesitalianos.com\/site\/?page_id=174"},"modified":"2023-11-06T20:16:16","modified_gmt":"2023-11-06T20:16:16","slug":"slide","status":"publish","type":"page","link":"https:\/\/mueblesitalianos.com\/site\/slide\/","title":{"rendered":"Slide"},"content":{"rendered":"\t\t<div data-elementor-type=\"wp-page\" data-elementor-id=\"174\" class=\"elementor elementor-174\">\n\t\t\t\t\t\t<section class=\"elementor-section elementor-top-section elementor-element elementor-element-76c6282 elementor-section-full_width elementor-section-height-default elementor-section-height-default wpr-particle-no wpr-jarallax-no wpr-parallax-no wpr-sticky-section-no\" data-id=\"76c6282\" data-element_type=\"section\" data-settings=\"{&quot;_ha_eqh_enable&quot;:false}\">\n\t\t\t\t\t\t<div class=\"elementor-container elementor-column-gap-no\">\n\t\t\t\t\t<div class=\"elementor-column elementor-col-100 elementor-top-column elementor-element elementor-element-ee7a8f5\" data-id=\"ee7a8f5\" data-element_type=\"column\">\n\t\t\t<div class=\"elementor-widget-wrap elementor-element-populated\">\n\t\t\t\t\t\t<div class=\"elementor-element elementor-element-bf43415 elementor-widget elementor-widget-image\" data-id=\"bf43415\" data-element_type=\"widget\" data-widget_type=\"image.default\">\n\t\t\t\t<div class=\"elementor-widget-container\">\n\t\t\t<style>\/*! elementor - v3.21.0 - 08-05-2024 *\/\n.elementor-widget-image{text-align:center}.elementor-widget-image a{display:inline-block}.elementor-widget-image a img[src$=\".svg\"]{width:48px}.elementor-widget-image img{vertical-align:middle;display:inline-block}<\/style>\t\t\t\t\t\t\t\t\t\t<img fetchpriority=\"high\" decoding=\"async\" width=\"1920\" height=\"819\" src=\"https:\/\/mueblesitalianos.com\/site\/wp-content\/uploads\/2023\/11\/b1_slide22.jpg\" class=\"attachment-full size-full wp-image-3816\" alt=\"\" srcset=\"https:\/\/mueblesitalianos.com\/site\/wp-content\/uploads\/2023\/11\/b1_slide22.jpg 1920w, https:\/\/mueblesitalianos.com\/site\/wp-content\/uploads\/2023\/11\/b1_slide22-300x128.jpg 300w, https:\/\/mueblesitalianos.com\/site\/wp-content\/uploads\/2023\/11\/b1_slide22-1024x437.jpg 1024w, https:\/\/mueblesitalianos.com\/site\/wp-content\/uploads\/2023\/11\/b1_slide22-768x328.jpg 768w, https:\/\/mueblesitalianos.com\/site\/wp-content\/uploads\/2023\/11\/b1_slide22-1536x655.jpg 1536w, https:\/\/mueblesitalianos.com\/site\/wp-content\/uploads\/2023\/11\/b1_slide22-1320x563.jpg 1320w, https:\/\/mueblesitalianos.com\/site\/wp-content\/uploads\/2023\/11\/b1_slide22-600x256.jpg 600w\" sizes=\"(max-width: 1920px) 100vw, 1920px\" \/>\t\t\t\t\t\t\t\t\t\t\t\t\t<\/div>\n\t\t\t\t<\/div>\n\t\t\t\t\t<\/div>\n\t\t<\/div>\n\t\t\t\t\t<\/div>\n\t\t<\/section>\n\t\t\t\t<section class=\"elementor-section elementor-top-section elementor-element elementor-element-be2a512 elementor-section-boxed elementor-section-height-default elementor-section-height-default wpr-particle-no wpr-jarallax-no wpr-parallax-no wpr-sticky-section-no\" data-id=\"be2a512\" data-element_type=\"section\" data-settings=\"{&quot;background_background&quot;:&quot;gradient&quot;,&quot;_ha_eqh_enable&quot;:false}\">\n\t\t\t\t\t\t<div class=\"elementor-container elementor-column-gap-default\">\n\t\t\t\t\t<div class=\"elementor-column elementor-col-100 elementor-top-column elementor-element elementor-element-1447766\" data-id=\"1447766\" data-element_type=\"column\">\n\t\t\t<div class=\"elementor-widget-wrap elementor-element-populated\">\n\t\t\t\t\t\t<div class=\"elementor-element elementor-element-97f5e64 elementor-widget elementor-widget-spacer\" data-id=\"97f5e64\" data-element_type=\"widget\" data-widget_type=\"spacer.default\">\n\t\t\t\t<div class=\"elementor-widget-container\">\n\t\t\t<style>\/*! elementor - v3.21.0 - 08-05-2024 *\/\n.elementor-column .elementor-spacer-inner{height:var(--spacer-size)}.e-con{--container-widget-width:100%}.e-con-inner>.elementor-widget-spacer,.e-con>.elementor-widget-spacer{width:var(--container-widget-width,var(--spacer-size));--align-self:var(--container-widget-align-self,initial);--flex-shrink:0}.e-con-inner>.elementor-widget-spacer>.elementor-widget-container,.e-con>.elementor-widget-spacer>.elementor-widget-container{height:100%;width:100%}.e-con-inner>.elementor-widget-spacer>.elementor-widget-container>.elementor-spacer,.e-con>.elementor-widget-spacer>.elementor-widget-container>.elementor-spacer{height:100%}.e-con-inner>.elementor-widget-spacer>.elementor-widget-container>.elementor-spacer>.elementor-spacer-inner,.e-con>.elementor-widget-spacer>.elementor-widget-container>.elementor-spacer>.elementor-spacer-inner{height:var(--container-widget-height,var(--spacer-size))}.e-con-inner>.elementor-widget-spacer.elementor-widget-empty,.e-con>.elementor-widget-spacer.elementor-widget-empty{position:relative;min-height:22px;min-width:22px}.e-con-inner>.elementor-widget-spacer.elementor-widget-empty .elementor-widget-empty-icon,.e-con>.elementor-widget-spacer.elementor-widget-empty .elementor-widget-empty-icon{position:absolute;top:0;bottom:0;left:0;right:0;margin:auto;padding:0;width:22px;height:22px}<\/style>\t\t<div class=\"elementor-spacer\">\n\t\t\t<div class=\"elementor-spacer-inner\"><\/div>\n\t\t<\/div>\n\t\t\t\t<\/div>\n\t\t\t\t<\/div>\n\t\t\t\t<div class=\"elementor-element elementor-element-65d4459 elementor-widget elementor-widget-heading\" data-id=\"65d4459\" data-element_type=\"widget\" data-widget_type=\"heading.default\">\n\t\t\t\t<div class=\"elementor-widget-container\">\n\t\t\t<style>\/*! elementor - v3.21.0 - 08-05-2024 *\/\n.elementor-heading-title{padding:0;margin:0;line-height:1}.elementor-widget-heading .elementor-heading-title[class*=elementor-size-]>a{color:inherit;font-size:inherit;line-height:inherit}.elementor-widget-heading .elementor-heading-title.elementor-size-small{font-size:15px}.elementor-widget-heading .elementor-heading-title.elementor-size-medium{font-size:19px}.elementor-widget-heading .elementor-heading-title.elementor-size-large{font-size:29px}.elementor-widget-heading .elementor-heading-title.elementor-size-xl{font-size:39px}.elementor-widget-heading .elementor-heading-title.elementor-size-xxl{font-size:59px}<\/style><h2 class=\"elementor-heading-title elementor-size-default\">SLIDE  COLLECTION<\/h2>\t\t<\/div>\n\t\t\t\t<\/div>\n\t\t\t\t<div class=\"elementor-element elementor-element-6bd1add elementor-widget-divider--view-line elementor-widget elementor-widget-divider\" data-id=\"6bd1add\" data-element_type=\"widget\" data-widget_type=\"divider.default\">\n\t\t\t\t<div class=\"elementor-widget-container\">\n\t\t\t<style>\/*! elementor - v3.21.0 - 08-05-2024 *\/\n.elementor-widget-divider{--divider-border-style:none;--divider-border-width:1px;--divider-color:#0c0d0e;--divider-icon-size:20px;--divider-element-spacing:10px;--divider-pattern-height:24px;--divider-pattern-size:20px;--divider-pattern-url:none;--divider-pattern-repeat:repeat-x}.elementor-widget-divider .elementor-divider{display:flex}.elementor-widget-divider .elementor-divider__text{font-size:15px;line-height:1;max-width:95%}.elementor-widget-divider .elementor-divider__element{margin:0 var(--divider-element-spacing);flex-shrink:0}.elementor-widget-divider .elementor-icon{font-size:var(--divider-icon-size)}.elementor-widget-divider .elementor-divider-separator{display:flex;margin:0;direction:ltr}.elementor-widget-divider--view-line_icon .elementor-divider-separator,.elementor-widget-divider--view-line_text .elementor-divider-separator{align-items:center}.elementor-widget-divider--view-line_icon .elementor-divider-separator:after,.elementor-widget-divider--view-line_icon .elementor-divider-separator:before,.elementor-widget-divider--view-line_text .elementor-divider-separator:after,.elementor-widget-divider--view-line_text .elementor-divider-separator:before{display:block;content:\"\";border-block-end:0;flex-grow:1;border-block-start:var(--divider-border-width) var(--divider-border-style) var(--divider-color)}.elementor-widget-divider--element-align-left .elementor-divider .elementor-divider-separator>.elementor-divider__svg:first-of-type{flex-grow:0;flex-shrink:100}.elementor-widget-divider--element-align-left .elementor-divider-separator:before{content:none}.elementor-widget-divider--element-align-left .elementor-divider__element{margin-left:0}.elementor-widget-divider--element-align-right .elementor-divider .elementor-divider-separator>.elementor-divider__svg:last-of-type{flex-grow:0;flex-shrink:100}.elementor-widget-divider--element-align-right .elementor-divider-separator:after{content:none}.elementor-widget-divider--element-align-right .elementor-divider__element{margin-right:0}.elementor-widget-divider--element-align-start .elementor-divider .elementor-divider-separator>.elementor-divider__svg:first-of-type{flex-grow:0;flex-shrink:100}.elementor-widget-divider--element-align-start .elementor-divider-separator:before{content:none}.elementor-widget-divider--element-align-start .elementor-divider__element{margin-inline-start:0}.elementor-widget-divider--element-align-end .elementor-divider .elementor-divider-separator>.elementor-divider__svg:last-of-type{flex-grow:0;flex-shrink:100}.elementor-widget-divider--element-align-end .elementor-divider-separator:after{content:none}.elementor-widget-divider--element-align-end .elementor-divider__element{margin-inline-end:0}.elementor-widget-divider:not(.elementor-widget-divider--view-line_text):not(.elementor-widget-divider--view-line_icon) .elementor-divider-separator{border-block-start:var(--divider-border-width) var(--divider-border-style) var(--divider-color)}.elementor-widget-divider--separator-type-pattern{--divider-border-style:none}.elementor-widget-divider--separator-type-pattern.elementor-widget-divider--view-line .elementor-divider-separator,.elementor-widget-divider--separator-type-pattern:not(.elementor-widget-divider--view-line) .elementor-divider-separator:after,.elementor-widget-divider--separator-type-pattern:not(.elementor-widget-divider--view-line) .elementor-divider-separator:before,.elementor-widget-divider--separator-type-pattern:not([class*=elementor-widget-divider--view]) .elementor-divider-separator{width:100%;min-height:var(--divider-pattern-height);-webkit-mask-size:var(--divider-pattern-size) 100%;mask-size:var(--divider-pattern-size) 100%;-webkit-mask-repeat:var(--divider-pattern-repeat);mask-repeat:var(--divider-pattern-repeat);background-color:var(--divider-color);-webkit-mask-image:var(--divider-pattern-url);mask-image:var(--divider-pattern-url)}.elementor-widget-divider--no-spacing{--divider-pattern-size:auto}.elementor-widget-divider--bg-round{--divider-pattern-repeat:round}.rtl .elementor-widget-divider .elementor-divider__text{direction:rtl}.e-con-inner>.elementor-widget-divider,.e-con>.elementor-widget-divider{width:var(--container-widget-width,100%);--flex-grow:var(--container-widget-flex-grow)}<\/style>\t\t<div class=\"elementor-divider\">\n\t\t\t<span class=\"elementor-divider-separator\">\n\t\t\t\t\t\t<\/span>\n\t\t<\/div>\n\t\t\t\t<\/div>\n\t\t\t\t<\/div>\n\t\t\t\t<div class=\"elementor-element elementor-element-40204a5 elementor-hidden-desktop elementor-hidden-tablet elementor-widget elementor-widget-text-editor\" data-id=\"40204a5\" data-element_type=\"widget\" data-widget_type=\"text-editor.default\">\n\t\t\t\t<div class=\"elementor-widget-container\">\n\t\t\t<style>\/*! elementor - v3.21.0 - 08-05-2024 *\/\n.elementor-widget-text-editor.elementor-drop-cap-view-stacked .elementor-drop-cap{background-color:#69727d;color:#fff}.elementor-widget-text-editor.elementor-drop-cap-view-framed .elementor-drop-cap{color:#69727d;border:3px solid;background-color:transparent}.elementor-widget-text-editor:not(.elementor-drop-cap-view-default) .elementor-drop-cap{margin-top:8px}.elementor-widget-text-editor:not(.elementor-drop-cap-view-default) .elementor-drop-cap-letter{width:1em;height:1em}.elementor-widget-text-editor .elementor-drop-cap{float:left;text-align:center;line-height:1;font-size:50px}.elementor-widget-text-editor .elementor-drop-cap-letter{display:inline-block}<\/style>\t\t\t\t<p>SLIDE incluye asientos, mesas, l\u00e1mparas, barras de bar, macetas, estantes y mucho m\u00e1s, elementos transversales, heterog\u00e9neos e inusuales en los que la luz sutil y los colores brillantes se mezclan de manera poderosa y distintiva, creando una atm\u00f3sfera \u00fanica y evocadora.<br \/>Tres son los elementos clave tradicionales de la producci\u00f3n de SLIDE: el m\u00e1s simple entre los materiales pl\u00e1sticos (polietileno), el proceso de producci\u00f3n (moldeo rotacional) y la creatividad de los dise\u00f1adores nacionales e internacionales involucrados en los proyectos.<\/p>\t\t\t\t\t\t<\/div>\n\t\t\t\t<\/div>\n\t\t\t\t<div class=\"elementor-element elementor-element-8e83084 elementor-hidden-mobile elementor-widget elementor-widget-text-editor\" data-id=\"8e83084\" data-element_type=\"widget\" data-widget_type=\"text-editor.default\">\n\t\t\t\t<div class=\"elementor-widget-container\">\n\t\t\t\t\t\t\t<p>SLIDE incluye asientos, mesas, l\u00e1mparas, barras de bar, macetas, estantes y mucho m\u00e1s, elementos transversales, heterog\u00e9neos e inusuales en los que la luz sutil y los colores brillantes se mezclan de manera poderosa y distintiva, creando una atm\u00f3sfera \u00fanica y evocadora.<br \/>Tres son los elementos clave tradicionales de la producci\u00f3n de SLIDE: el m\u00e1s simple entre los materiales pl\u00e1sticos (polietileno), el proceso de producci\u00f3n (moldeo rotacional) y la creatividad de los dise\u00f1adores nacionales e internacionales involucrados en los proyectos.<\/p><p>SLIDE se asocia con dise\u00f1adores de renombre internacional como Marc Sadler, Karim Rashid, Marcel Wanders, Paola Navone, Alessandro Mendini, Stefano Giovannoni y Marco Acerbis, esforz\u00e1ndose por crear productos de calidad y conquistar una posici\u00f3n en el segmento medio y alto del mercado.<\/p>\t\t\t\t\t\t<\/div>\n\t\t\t\t<\/div>\n\t\t\t\t<div class=\"elementor-element elementor-element-3fe47ad eael-product-gallery-column-3 elementor-widget elementor-widget-eael-woo-product-gallery\" data-id=\"3fe47ad\" data-element_type=\"widget\" data-widget_type=\"eael-woo-product-gallery.default\">\n\t\t\t\t<div class=\"elementor-widget-container\">\n\t\t\t\n        <div class=\"eael-product-gallery eael-product-preset-4 grid eael-terms-layout-horizontal\" id=\"eael-product-gallery\" data-widget-id=\"3fe47ad\" data-page-id=\"174\" data-nonce=\"8a76d21ab4\" >\n\t\t\t<ul class=\"eael-cat-tab\" data-layout=\"grid\" data-template={\"dir\":\"lite\",\"file_name\":\"default.php\",\"name\":\"Woo-Product-Gallery\"}  data-nonce=\"8a76d21ab4\" data-page-id=\"174\" data-widget-id=\"3fe47ad\" data-widget=\"3fe47ad\" data-class=\"Essential_Addons_Elementor\\Elements\\Woo_Product_Gallery\" data-args=\"post_type=product&post_status%5B0%5D=publish&post_status%5B1%5D=pending&post_status%5B2%5D=future&posts_per_page=3&order=desc&offset=0&tax_query%5Brelation%5D=AND&tax_query%5B0%5D%5Btaxonomy%5D=product_visibility&tax_query%5B0%5D%5Bfield%5D=name&tax_query%5B0%5D%5Bterms%5D%5B0%5D=exclude-from-search&tax_query%5B0%5D%5Bterms%5D%5B1%5D=exclude-from-catalog&tax_query%5B0%5D%5Boperator%5D=NOT+IN&tax_query%5B1%5D%5Brelation%5D=OR&tax_query%5B1%5D%5B0%5D%5Btaxonomy%5D=product_cat&tax_query%5B1%5D%5B0%5D%5Bfield%5D=term_id&tax_query%5B1%5D%5B0%5D%5Bterms%5D=17&tax_query%5B1%5D%5B0%5D%5Boperator%5D=IN&orderby=date&meta_query%5Brelation%5D=AND&meta_query%5B0%5D%5Bkey%5D=_stock_status&meta_query%5B0%5D%5Bvalue%5D=instock\" data-page=\"1\"><li><a href=\"javascript:;\" data-page=\"1\" data-taxonomy=\"product_cat\" data-terms=[\"slide-collection\"] data-id=\"17\" class=\"post-list-filter-item \">Slide Collection<\/a><\/li><\/ul>\n            <div class=\"woocommerce\">\n\t\t\t\t<ul class=\"products eael-post-appender eael-post-appender-3fe47ad\" data-layout-mode=\"grid\" data-show-secondary-image=\"0\" >        <li class=\"product \">\n                        <div class=\"eael-product-wrap\" data-src=\"\" data-src-hover=\"\" >\n\t        <a href=\"https:\/\/mueblesitalianos.com\/site\/producto\/pot-threebu\/\" class=\"woocommerce-LoopProduct-link woocommerce-loop-product__link\">                <img decoding=\"async\" width=\"1000\" height=\"1000\" src=\"https:\/\/mueblesitalianos.com\/site\/wp-content\/uploads\/2023\/11\/Pot-THREEBU.jpg\" class=\"attachment-full size-full\" alt=\"Pot THREEBU\" loading=\"eager\" srcset=\"https:\/\/mueblesitalianos.com\/site\/wp-content\/uploads\/2023\/11\/Pot-THREEBU.jpg 1000w, https:\/\/mueblesitalianos.com\/site\/wp-content\/uploads\/2023\/11\/Pot-THREEBU-300x300.jpg 300w, https:\/\/mueblesitalianos.com\/site\/wp-content\/uploads\/2023\/11\/Pot-THREEBU-150x150.jpg 150w, https:\/\/mueblesitalianos.com\/site\/wp-content\/uploads\/2023\/11\/Pot-THREEBU-768x768.jpg 768w, https:\/\/mueblesitalianos.com\/site\/wp-content\/uploads\/2023\/11\/Pot-THREEBU-600x600.jpg 600w, https:\/\/mueblesitalianos.com\/site\/wp-content\/uploads\/2023\/11\/Pot-THREEBU-100x100.jpg 100w, https:\/\/mueblesitalianos.com\/site\/wp-content\/uploads\/2023\/11\/Pot-THREEBU-50x50.jpg 50w\" sizes=\"(max-width: 1000px) 100vw, 1000px\" \/><\/a><h2 class=\"woocommerce-loop-product__title\">Pot THREEBU<\/h2><div class=\"eael-star-rating star-rating\"><span style=\"width:0%\">Rated <strong class=\"rating\">0<\/strong> out of 5<\/span><\/div><div class=\"eael-product-price\"><span class=\"woocommerce-Price-amount amount\"><bdi><span class=\"woocommerce-Price-currencySymbol\">&#36;<\/span>490.74<\/bdi><\/span><\/div>            <a href=\"?add-to-cart=3616\" data-quantity=\"1\" class=\"button product_type_simple add_to_cart_button ajax_add_to_cart\" data-product_id=\"3616\" data-product_sku=\"\" aria-label=\"Add to cart: &ldquo;Pot THREEBU&rdquo;\" aria-describedby=\"\" rel=\"nofollow\">Add to cart<\/a>            <\/div>\n        <\/li>\n                <li class=\"product \">\n                        <div class=\"eael-product-wrap\" data-src=\"\" data-src-hover=\"\" >\n\t        <a href=\"https:\/\/mueblesitalianos.com\/site\/producto\/stool-threebu\/\" class=\"woocommerce-LoopProduct-link woocommerce-loop-product__link\">                <img decoding=\"async\" width=\"1000\" height=\"1000\" src=\"https:\/\/mueblesitalianos.com\/site\/wp-content\/uploads\/2023\/11\/Stool-THREEBU.jpg\" class=\"attachment-full size-full\" alt=\"Stool THREEBU\" loading=\"eager\" srcset=\"https:\/\/mueblesitalianos.com\/site\/wp-content\/uploads\/2023\/11\/Stool-THREEBU.jpg 1000w, https:\/\/mueblesitalianos.com\/site\/wp-content\/uploads\/2023\/11\/Stool-THREEBU-300x300.jpg 300w, https:\/\/mueblesitalianos.com\/site\/wp-content\/uploads\/2023\/11\/Stool-THREEBU-150x150.jpg 150w, https:\/\/mueblesitalianos.com\/site\/wp-content\/uploads\/2023\/11\/Stool-THREEBU-768x768.jpg 768w, https:\/\/mueblesitalianos.com\/site\/wp-content\/uploads\/2023\/11\/Stool-THREEBU-600x600.jpg 600w, https:\/\/mueblesitalianos.com\/site\/wp-content\/uploads\/2023\/11\/Stool-THREEBU-100x100.jpg 100w, https:\/\/mueblesitalianos.com\/site\/wp-content\/uploads\/2023\/11\/Stool-THREEBU-50x50.jpg 50w\" sizes=\"(max-width: 1000px) 100vw, 1000px\" \/><\/a><h2 class=\"woocommerce-loop-product__title\">Stool THREEBU<\/h2><div class=\"eael-star-rating star-rating\"><span style=\"width:0%\">Rated <strong class=\"rating\">0<\/strong> out of 5<\/span><\/div><div class=\"eael-product-price\"><span class=\"woocommerce-Price-amount amount\"><bdi><span class=\"woocommerce-Price-currencySymbol\">&#36;<\/span>490.74<\/bdi><\/span><\/div>            <a href=\"?add-to-cart=3605\" data-quantity=\"1\" class=\"button product_type_simple add_to_cart_button ajax_add_to_cart\" data-product_id=\"3605\" data-product_sku=\"\" aria-label=\"Add to cart: &ldquo;Stool THREEBU&rdquo;\" aria-describedby=\"\" rel=\"nofollow\">Add to cart<\/a>            <\/div>\n        <\/li>\n                <li class=\"product \">\n                        <div class=\"eael-product-wrap\" data-src=\"\" data-src-hover=\"\" >\n\t        <a href=\"https:\/\/mueblesitalianos.com\/site\/producto\/lowchair-low-lita\/\" class=\"woocommerce-LoopProduct-link woocommerce-loop-product__link\">                <img decoding=\"async\" width=\"1000\" height=\"1000\" src=\"https:\/\/mueblesitalianos.com\/site\/wp-content\/uploads\/2023\/11\/LOW.jpg\" class=\"attachment-full size-full\" alt=\"Lowchair LOW LITA\" loading=\"eager\" srcset=\"https:\/\/mueblesitalianos.com\/site\/wp-content\/uploads\/2023\/11\/LOW.jpg 1000w, https:\/\/mueblesitalianos.com\/site\/wp-content\/uploads\/2023\/11\/LOW-300x300.jpg 300w, https:\/\/mueblesitalianos.com\/site\/wp-content\/uploads\/2023\/11\/LOW-150x150.jpg 150w, https:\/\/mueblesitalianos.com\/site\/wp-content\/uploads\/2023\/11\/LOW-768x768.jpg 768w, https:\/\/mueblesitalianos.com\/site\/wp-content\/uploads\/2023\/11\/LOW-600x600.jpg 600w, https:\/\/mueblesitalianos.com\/site\/wp-content\/uploads\/2023\/11\/LOW-100x100.jpg 100w, https:\/\/mueblesitalianos.com\/site\/wp-content\/uploads\/2023\/11\/LOW-50x50.jpg 50w\" sizes=\"(max-width: 1000px) 100vw, 1000px\" \/><\/a><h2 class=\"woocommerce-loop-product__title\">Lowchair LOW LITA<\/h2><div class=\"eael-star-rating star-rating\"><span style=\"width:0%\">Rated <strong class=\"rating\">0<\/strong> out of 5<\/span><\/div><div class=\"eael-product-price\"><span class=\"woocommerce-Price-amount amount\"><bdi><span class=\"woocommerce-Price-currencySymbol\">&#36;<\/span>1,107.93<\/bdi><\/span><\/div>            <a href=\"?add-to-cart=3602\" data-quantity=\"1\" class=\"button product_type_simple add_to_cart_button ajax_add_to_cart\" data-product_id=\"3602\" data-product_sku=\"\" aria-label=\"Add to cart: &ldquo;Lowchair LOW LITA&rdquo;\" aria-describedby=\"\" rel=\"nofollow\">Add to cart<\/a>            <\/div>\n        <\/li>\n        <\/ul>            <div class=\"eael-load-more-button-wrap\">\n                <button class=\"eael-load-more-button\" id=\"eael-load-more-btn-3fe47ad\" data-widget-id=\"3fe47ad\" data-widget=\"3fe47ad\" data-page-id=\"174\" data-template=\"{&quot;dir&quot;:&quot;lite&quot;,&quot;file_name&quot;:&quot;default.php&quot;,&quot;name&quot;:&quot;Woo-Product-Gallery&quot;}\" data-class=\"Essential_Addons_Elementor\\Elements\\Woo_Product_Gallery\" data-layout=\"grid\" data-page=\"1\" data-args=\"post_type=product&amp;post_status%5B0%5D=publish&amp;post_status%5B1%5D=pending&amp;post_status%5B2%5D=future&amp;posts_per_page=3&amp;order=desc&amp;offset=0&amp;tax_query%5Brelation%5D=AND&amp;tax_query%5B0%5D%5Btaxonomy%5D=product_visibility&amp;tax_query%5B0%5D%5Bfield%5D=name&amp;tax_query%5B0%5D%5Bterms%5D%5B0%5D=exclude-from-search&amp;tax_query%5B0%5D%5Bterms%5D%5B1%5D=exclude-from-catalog&amp;tax_query%5B0%5D%5Boperator%5D=NOT+IN&amp;tax_query%5B1%5D%5Brelation%5D=OR&amp;tax_query%5B1%5D%5B0%5D%5Btaxonomy%5D=product_cat&amp;tax_query%5B1%5D%5B0%5D%5Bfield%5D=term_id&amp;tax_query%5B1%5D%5B0%5D%5Bterms%5D=17&amp;tax_query%5B1%5D%5B0%5D%5Boperator%5D=IN&amp;orderby=date&amp;meta_query%5Brelation%5D=AND&amp;meta_query%5B0%5D%5Bkey%5D=_stock_status&amp;meta_query%5B0%5D%5Bvalue%5D=instock&amp;found_posts=67\" data-max-page=\"23\">\n                    <span class=\"eael-btn-loader button__loader\"><\/span>\n                    <span class=\"eael_load_more_text\">Cargar m\u00e1s<\/span>\n                <\/button>\n            <\/div>\n                        <\/div>\n        <\/div>\n        <script type=\"text\/javascript\">\n\t\t\tjQuery(document).ready(function ($) {\n\t\t\t\tvar $scope = jQuery(\".elementor-element-3fe47ad\");\n\t\t\t\tvar $products = $('.products', $scope);\n\t\t\t\tvar $layout_mode = $products.data('layout-mode');\n\n\t\t\t\tif ($layout_mode === 'masonry') {\n\t\t\t\t\t\/\/ init isotope\n\t\t\t\t\tvar $isotope_products = $products.isotope({\n\t\t\t\t\t\t                                          itemSelector: \"li.product\",\n\t\t\t\t\t\t                                          layoutMode: $layout_mode,\n\t\t\t\t\t\t                                          percentPosition: true\n\t\t\t\t\t                                          });\n\n\t\t\t\t\t$isotope_products.imagesLoaded().progress(function () {\n\t\t\t\t\t\t$isotope_products.isotope('layout');\n\t\t\t\t\t})\n\n\t\t\t\t\t$(window).on('resize', function () {\n\t\t\t\t\t\t$isotope_products.isotope('layout');\n\t\t\t\t\t});\n\t\t\t\t}\n\t\t\t});\n        <\/script>\n\t\t\t\t<\/div>\n\t\t\t\t<\/div>\n\t\t\t\t<div class=\"elementor-element elementor-element-5f56c78 elementor-widget elementor-widget-spacer\" data-id=\"5f56c78\" data-element_type=\"widget\" data-widget_type=\"spacer.default\">\n\t\t\t\t<div class=\"elementor-widget-container\">\n\t\t\t\t\t<div class=\"elementor-spacer\">\n\t\t\t<div class=\"elementor-spacer-inner\"><\/div>\n\t\t<\/div>\n\t\t\t\t<\/div>\n\t\t\t\t<\/div>\n\t\t\t\t\t<\/div>\n\t\t<\/div>\n\t\t\t\t\t<\/div>\n\t\t<\/section>\n\t\t\t\t<\/div>\n\t\t","protected":false},"excerpt":{"rendered":"<p>SLIDE COLLECTION SLIDE incluye asientos, mesas, l\u00e1mparas, barras de bar, macetas, estantes y mucho m\u00e1s, elementos transversales, heterog\u00e9neos e inusuales en los que la luz sutil y los colores brillantes se mezclan de manera poderosa y distintiva, creando una atm\u00f3sfera \u00fanica y evocadora.Tres son los elementos clave tradicionales de la producci\u00f3n de SLIDE: el m\u00e1s [&hellip;]<\/p>\n","protected":false},"author":1,"featured_media":0,"parent":0,"menu_order":0,"comment_status":"closed","ping_status":"closed","template":"elementor_canvas","meta":{"_joinchat":[],"footnotes":""},"class_list":["post-174","page","type-page","status-publish","hentry"],"aioseo_notices":[],"_links":{"self":[{"href":"https:\/\/mueblesitalianos.com\/site\/wp-json\/wp\/v2\/pages\/174","targetHints":{"allow":["GET"]}}],"collection":[{"href":"https:\/\/mueblesitalianos.com\/site\/wp-json\/wp\/v2\/pages"}],"about":[{"href":"https:\/\/mueblesitalianos.com\/site\/wp-json\/wp\/v2\/types\/page"}],"author":[{"embeddable":true,"href":"https:\/\/mueblesitalianos.com\/site\/wp-json\/wp\/v2\/users\/1"}],"replies":[{"embeddable":true,"href":"https:\/\/mueblesitalianos.com\/site\/wp-json\/wp\/v2\/comments?post=174"}],"version-history":[{"count":10,"href":"https:\/\/mueblesitalianos.com\/site\/wp-json\/wp\/v2\/pages\/174\/revisions"}],"predecessor-version":[{"id":3819,"href":"https:\/\/mueblesitalianos.com\/site\/wp-json\/wp\/v2\/pages\/174\/revisions\/3819"}],"wp:attachment":[{"href":"https:\/\/mueblesitalianos.com\/site\/wp-json\/wp\/v2\/media?parent=174"}],"curies":[{"name":"wp","href":"https:\/\/api.w.org\/{rel}","templated":true}]}}