{"id":302,"date":"2022-10-06T17:11:28","date_gmt":"2022-10-06T17:11:28","guid":{"rendered":"https:\/\/mueblesitalianos.com\/site\/?page_id=302"},"modified":"2022-11-07T22:25:45","modified_gmt":"2022-11-07T22:25:45","slug":"saba","status":"publish","type":"page","link":"https:\/\/mueblesitalianos.com\/site\/saba\/","title":{"rendered":"Saba"},"content":{"rendered":"\t\t<div data-elementor-type=\"wp-page\" data-elementor-id=\"302\" class=\"elementor elementor-302\">\n\t\t\t\t\t\t<section class=\"elementor-section elementor-top-section elementor-element elementor-element-76c6282 elementor-section-full_width elementor-section-height-default elementor-section-height-default wpr-particle-no wpr-jarallax-no wpr-parallax-no wpr-sticky-section-no\" data-id=\"76c6282\" data-element_type=\"section\" data-settings=\"{&quot;_ha_eqh_enable&quot;:false}\">\n\t\t\t\t\t\t<div class=\"elementor-container elementor-column-gap-no\">\n\t\t\t\t\t<div class=\"elementor-column elementor-col-100 elementor-top-column elementor-element elementor-element-ee7a8f5\" data-id=\"ee7a8f5\" data-element_type=\"column\">\n\t\t\t<div class=\"elementor-widget-wrap elementor-element-populated\">\n\t\t\t\t\t\t<div class=\"elementor-element elementor-element-bf43415 elementor-widget elementor-widget-image\" data-id=\"bf43415\" data-element_type=\"widget\" data-widget_type=\"image.default\">\n\t\t\t\t<div class=\"elementor-widget-container\">\n\t\t\t<style>\/*! elementor - v3.21.0 - 08-05-2024 *\/\n.elementor-widget-image{text-align:center}.elementor-widget-image a{display:inline-block}.elementor-widget-image a img[src$=\".svg\"]{width:48px}.elementor-widget-image img{vertical-align:middle;display:inline-block}<\/style>\t\t\t\t\t\t\t\t\t\t<img fetchpriority=\"high\" decoding=\"async\" width=\"1920\" height=\"819\" src=\"https:\/\/mueblesitalianos.com\/site\/wp-content\/uploads\/2022\/10\/b1_Saba-2.jpg\" class=\"attachment-full size-full wp-image-1706\" alt=\"\" srcset=\"https:\/\/mueblesitalianos.com\/site\/wp-content\/uploads\/2022\/10\/b1_Saba-2.jpg 1920w, https:\/\/mueblesitalianos.com\/site\/wp-content\/uploads\/2022\/10\/b1_Saba-2-300x128.jpg 300w, https:\/\/mueblesitalianos.com\/site\/wp-content\/uploads\/2022\/10\/b1_Saba-2-1024x437.jpg 1024w, https:\/\/mueblesitalianos.com\/site\/wp-content\/uploads\/2022\/10\/b1_Saba-2-768x328.jpg 768w, https:\/\/mueblesitalianos.com\/site\/wp-content\/uploads\/2022\/10\/b1_Saba-2-1536x655.jpg 1536w, https:\/\/mueblesitalianos.com\/site\/wp-content\/uploads\/2022\/10\/b1_Saba-2-1320x563.jpg 1320w, https:\/\/mueblesitalianos.com\/site\/wp-content\/uploads\/2022\/10\/b1_Saba-2-600x256.jpg 600w\" sizes=\"(max-width: 1920px) 100vw, 1920px\" \/>\t\t\t\t\t\t\t\t\t\t\t\t\t<\/div>\n\t\t\t\t<\/div>\n\t\t\t\t\t<\/div>\n\t\t<\/div>\n\t\t\t\t\t<\/div>\n\t\t<\/section>\n\t\t\t\t<section class=\"elementor-section elementor-top-section elementor-element elementor-element-be2a512 elementor-section-boxed elementor-section-height-default elementor-section-height-default wpr-particle-no wpr-jarallax-no wpr-parallax-no wpr-sticky-section-no\" data-id=\"be2a512\" data-element_type=\"section\" data-settings=\"{&quot;background_background&quot;:&quot;gradient&quot;,&quot;_ha_eqh_enable&quot;:false}\">\n\t\t\t\t\t\t<div class=\"elementor-container elementor-column-gap-default\">\n\t\t\t\t\t<div class=\"elementor-column elementor-col-100 elementor-top-column elementor-element elementor-element-1447766\" data-id=\"1447766\" data-element_type=\"column\">\n\t\t\t<div class=\"elementor-widget-wrap elementor-element-populated\">\n\t\t\t\t\t\t<div class=\"elementor-element elementor-element-97f5e64 elementor-widget elementor-widget-spacer\" data-id=\"97f5e64\" data-element_type=\"widget\" data-widget_type=\"spacer.default\">\n\t\t\t\t<div class=\"elementor-widget-container\">\n\t\t\t<style>\/*! elementor - v3.21.0 - 08-05-2024 *\/\n.elementor-column .elementor-spacer-inner{height:var(--spacer-size)}.e-con{--container-widget-width:100%}.e-con-inner>.elementor-widget-spacer,.e-con>.elementor-widget-spacer{width:var(--container-widget-width,var(--spacer-size));--align-self:var(--container-widget-align-self,initial);--flex-shrink:0}.e-con-inner>.elementor-widget-spacer>.elementor-widget-container,.e-con>.elementor-widget-spacer>.elementor-widget-container{height:100%;width:100%}.e-con-inner>.elementor-widget-spacer>.elementor-widget-container>.elementor-spacer,.e-con>.elementor-widget-spacer>.elementor-widget-container>.elementor-spacer{height:100%}.e-con-inner>.elementor-widget-spacer>.elementor-widget-container>.elementor-spacer>.elementor-spacer-inner,.e-con>.elementor-widget-spacer>.elementor-widget-container>.elementor-spacer>.elementor-spacer-inner{height:var(--container-widget-height,var(--spacer-size))}.e-con-inner>.elementor-widget-spacer.elementor-widget-empty,.e-con>.elementor-widget-spacer.elementor-widget-empty{position:relative;min-height:22px;min-width:22px}.e-con-inner>.elementor-widget-spacer.elementor-widget-empty .elementor-widget-empty-icon,.e-con>.elementor-widget-spacer.elementor-widget-empty .elementor-widget-empty-icon{position:absolute;top:0;bottom:0;left:0;right:0;margin:auto;padding:0;width:22px;height:22px}<\/style>\t\t<div class=\"elementor-spacer\">\n\t\t\t<div class=\"elementor-spacer-inner\"><\/div>\n\t\t<\/div>\n\t\t\t\t<\/div>\n\t\t\t\t<\/div>\n\t\t\t\t<div class=\"elementor-element elementor-element-65d4459 elementor-widget elementor-widget-heading\" data-id=\"65d4459\" data-element_type=\"widget\" data-widget_type=\"heading.default\">\n\t\t\t\t<div class=\"elementor-widget-container\">\n\t\t\t<style>\/*! elementor - v3.21.0 - 08-05-2024 *\/\n.elementor-heading-title{padding:0;margin:0;line-height:1}.elementor-widget-heading .elementor-heading-title[class*=elementor-size-]>a{color:inherit;font-size:inherit;line-height:inherit}.elementor-widget-heading .elementor-heading-title.elementor-size-small{font-size:15px}.elementor-widget-heading .elementor-heading-title.elementor-size-medium{font-size:19px}.elementor-widget-heading .elementor-heading-title.elementor-size-large{font-size:29px}.elementor-widget-heading .elementor-heading-title.elementor-size-xl{font-size:39px}.elementor-widget-heading .elementor-heading-title.elementor-size-xxl{font-size:59px}<\/style><h2 class=\"elementor-heading-title elementor-size-default\">SABA COLLECTION<\/h2>\t\t<\/div>\n\t\t\t\t<\/div>\n\t\t\t\t<div class=\"elementor-element elementor-element-6bd1add elementor-widget-divider--view-line elementor-widget elementor-widget-divider\" data-id=\"6bd1add\" data-element_type=\"widget\" data-widget_type=\"divider.default\">\n\t\t\t\t<div class=\"elementor-widget-container\">\n\t\t\t<style>\/*! elementor - v3.21.0 - 08-05-2024 *\/\n.elementor-widget-divider{--divider-border-style:none;--divider-border-width:1px;--divider-color:#0c0d0e;--divider-icon-size:20px;--divider-element-spacing:10px;--divider-pattern-height:24px;--divider-pattern-size:20px;--divider-pattern-url:none;--divider-pattern-repeat:repeat-x}.elementor-widget-divider .elementor-divider{display:flex}.elementor-widget-divider .elementor-divider__text{font-size:15px;line-height:1;max-width:95%}.elementor-widget-divider .elementor-divider__element{margin:0 var(--divider-element-spacing);flex-shrink:0}.elementor-widget-divider .elementor-icon{font-size:var(--divider-icon-size)}.elementor-widget-divider .elementor-divider-separator{display:flex;margin:0;direction:ltr}.elementor-widget-divider--view-line_icon .elementor-divider-separator,.elementor-widget-divider--view-line_text .elementor-divider-separator{align-items:center}.elementor-widget-divider--view-line_icon .elementor-divider-separator:after,.elementor-widget-divider--view-line_icon .elementor-divider-separator:before,.elementor-widget-divider--view-line_text .elementor-divider-separator:after,.elementor-widget-divider--view-line_text .elementor-divider-separator:before{display:block;content:\"\";border-block-end:0;flex-grow:1;border-block-start:var(--divider-border-width) var(--divider-border-style) var(--divider-color)}.elementor-widget-divider--element-align-left .elementor-divider .elementor-divider-separator>.elementor-divider__svg:first-of-type{flex-grow:0;flex-shrink:100}.elementor-widget-divider--element-align-left .elementor-divider-separator:before{content:none}.elementor-widget-divider--element-align-left .elementor-divider__element{margin-left:0}.elementor-widget-divider--element-align-right .elementor-divider .elementor-divider-separator>.elementor-divider__svg:last-of-type{flex-grow:0;flex-shrink:100}.elementor-widget-divider--element-align-right .elementor-divider-separator:after{content:none}.elementor-widget-divider--element-align-right .elementor-divider__element{margin-right:0}.elementor-widget-divider--element-align-start .elementor-divider .elementor-divider-separator>.elementor-divider__svg:first-of-type{flex-grow:0;flex-shrink:100}.elementor-widget-divider--element-align-start .elementor-divider-separator:before{content:none}.elementor-widget-divider--element-align-start .elementor-divider__element{margin-inline-start:0}.elementor-widget-divider--element-align-end .elementor-divider .elementor-divider-separator>.elementor-divider__svg:last-of-type{flex-grow:0;flex-shrink:100}.elementor-widget-divider--element-align-end .elementor-divider-separator:after{content:none}.elementor-widget-divider--element-align-end .elementor-divider__element{margin-inline-end:0}.elementor-widget-divider:not(.elementor-widget-divider--view-line_text):not(.elementor-widget-divider--view-line_icon) .elementor-divider-separator{border-block-start:var(--divider-border-width) var(--divider-border-style) var(--divider-color)}.elementor-widget-divider--separator-type-pattern{--divider-border-style:none}.elementor-widget-divider--separator-type-pattern.elementor-widget-divider--view-line .elementor-divider-separator,.elementor-widget-divider--separator-type-pattern:not(.elementor-widget-divider--view-line) .elementor-divider-separator:after,.elementor-widget-divider--separator-type-pattern:not(.elementor-widget-divider--view-line) .elementor-divider-separator:before,.elementor-widget-divider--separator-type-pattern:not([class*=elementor-widget-divider--view]) .elementor-divider-separator{width:100%;min-height:var(--divider-pattern-height);-webkit-mask-size:var(--divider-pattern-size) 100%;mask-size:var(--divider-pattern-size) 100%;-webkit-mask-repeat:var(--divider-pattern-repeat);mask-repeat:var(--divider-pattern-repeat);background-color:var(--divider-color);-webkit-mask-image:var(--divider-pattern-url);mask-image:var(--divider-pattern-url)}.elementor-widget-divider--no-spacing{--divider-pattern-size:auto}.elementor-widget-divider--bg-round{--divider-pattern-repeat:round}.rtl .elementor-widget-divider .elementor-divider__text{direction:rtl}.e-con-inner>.elementor-widget-divider,.e-con>.elementor-widget-divider{width:var(--container-widget-width,100%);--flex-grow:var(--container-widget-flex-grow)}<\/style>\t\t<div class=\"elementor-divider\">\n\t\t\t<span class=\"elementor-divider-separator\">\n\t\t\t\t\t\t<\/span>\n\t\t<\/div>\n\t\t\t\t<\/div>\n\t\t\t\t<\/div>\n\t\t\t\t<div class=\"elementor-element elementor-element-623ea79 elementor-hidden-desktop elementor-hidden-tablet elementor-widget elementor-widget-text-editor\" data-id=\"623ea79\" data-element_type=\"widget\" data-widget_type=\"text-editor.default\">\n\t\t\t\t<div class=\"elementor-widget-container\">\n\t\t\t<style>\/*! elementor - v3.21.0 - 08-05-2024 *\/\n.elementor-widget-text-editor.elementor-drop-cap-view-stacked .elementor-drop-cap{background-color:#69727d;color:#fff}.elementor-widget-text-editor.elementor-drop-cap-view-framed .elementor-drop-cap{color:#69727d;border:3px solid;background-color:transparent}.elementor-widget-text-editor:not(.elementor-drop-cap-view-default) .elementor-drop-cap{margin-top:8px}.elementor-widget-text-editor:not(.elementor-drop-cap-view-default) .elementor-drop-cap-letter{width:1em;height:1em}.elementor-widget-text-editor .elementor-drop-cap{float:left;text-align:center;line-height:1;font-size:50px}.elementor-widget-text-editor .elementor-drop-cap-letter{display:inline-block}<\/style>\t\t\t\t<p><strong>Saba<\/strong>, sin dejar de dar un papel central al confort, busca ser una empresa abierta en todo momento a la inclusi\u00f3n y\u00a0 a la diversidad.<br \/>La colaboraci\u00f3n con Antonio Marras nace del deseo de comunicar cultura y creatividad a trav\u00e9s de colaboraciones art\u00edsticas. Su vocabulario est\u00e9tico gu\u00eda al espectador a trav\u00e9s de una nueva experiencia en la que ya no existen fronteras entre el hombre, la ropa y el hogar.<\/p>\t\t\t\t\t\t<\/div>\n\t\t\t\t<\/div>\n\t\t\t\t<div class=\"elementor-element elementor-element-d54372e elementor-hidden-mobile elementor-widget elementor-widget-text-editor\" data-id=\"d54372e\" data-element_type=\"widget\" data-widget_type=\"text-editor.default\">\n\t\t\t\t<div class=\"elementor-widget-container\">\n\t\t\t\t\t\t\t<p><strong>Saba<\/strong>, sin dejar de dar un papel central al confort, busca ser una empresa abierta en todo momento a la inclusi\u00f3n y\u00a0 a la diversidad.<br \/>La colaboraci\u00f3n con Antonio Marras nace del deseo de comunicar cultura y creatividad a trav\u00e9s de colaboraciones art\u00edsticas. Su vocabulario est\u00e9tico gu\u00eda al espectador a trav\u00e9s de una nueva experiencia en la que ya no existen fronteras entre el hombre, la ropa y el hogar.<br \/>Lo que m\u00e1s distingue a Saba es su inconfundible manera de combinar cada forma con la poes\u00eda del color, as\u00ed como su dedicaci\u00f3n a la alta calidad textil. La vestimenta, al igual que los espacios interiores, forma parte de nuestra investigaci\u00f3n y los tejidos se seleccionan imaginando suaves experiencias sensoriales y combinando los colores y las pr\u00e1cticas visuales que estos pueden crear.<\/p><p>Saba no elige un estilo, sino que elige la belleza que existe en cada estilo<br \/>y la interpreta con una sonrisa.<\/p>\t\t\t\t\t\t<\/div>\n\t\t\t\t<\/div>\n\t\t\t\t<div class=\"elementor-element elementor-element-9db6879 eael-product-gallery-column-3 elementor-widget elementor-widget-eael-woo-product-gallery\" data-id=\"9db6879\" data-element_type=\"widget\" data-widget_type=\"eael-woo-product-gallery.default\">\n\t\t\t\t<div class=\"elementor-widget-container\">\n\t\t\t\n        <div class=\"eael-product-gallery eael-product-preset-4 grid eael-terms-layout-horizontal\" id=\"eael-product-gallery\" data-widget-id=\"9db6879\" data-page-id=\"302\" data-nonce=\"b72a24af90\" >\n\t\t\t<ul class=\"eael-cat-tab\" data-layout=\"grid\" data-template={\"dir\":\"lite\",\"file_name\":\"default.php\",\"name\":\"Woo-Product-Gallery\"}  data-nonce=\"b72a24af90\" data-page-id=\"302\" data-widget-id=\"9db6879\" data-widget=\"9db6879\" data-class=\"Essential_Addons_Elementor\\Elements\\Woo_Product_Gallery\" data-args=\"post_type=product&post_status%5B0%5D=publish&post_status%5B1%5D=pending&post_status%5B2%5D=future&posts_per_page=3&order=desc&offset=0&tax_query%5Brelation%5D=AND&tax_query%5B0%5D%5Btaxonomy%5D=product_visibility&tax_query%5B0%5D%5Bfield%5D=name&tax_query%5B0%5D%5Bterms%5D%5B0%5D=exclude-from-search&tax_query%5B0%5D%5Bterms%5D%5B1%5D=exclude-from-catalog&tax_query%5B0%5D%5Boperator%5D=NOT+IN&tax_query%5B1%5D%5Brelation%5D=OR&tax_query%5B1%5D%5B0%5D%5Btaxonomy%5D=product_cat&tax_query%5B1%5D%5B0%5D%5Bfield%5D=term_id&tax_query%5B1%5D%5B0%5D%5Bterms%5D=19&tax_query%5B1%5D%5B0%5D%5Boperator%5D=IN&orderby=date&meta_query%5Brelation%5D=AND&meta_query%5B0%5D%5Bkey%5D=_stock_status&meta_query%5B0%5D%5Bvalue%5D=instock\" data-page=\"1\"><li><a href=\"javascript:;\" data-page=\"1\" data-taxonomy=\"product_cat\" data-terms=[\"saba-collection\"] data-id=\"19\" class=\"post-list-filter-item \">Saba Collection<\/a><\/li><\/ul>\n            <div class=\"woocommerce\">\n\t\t\t\t<ul class=\"products eael-post-appender eael-post-appender-9db6879\" data-layout-mode=\"grid\" data-show-secondary-image=\"0\" >        <li class=\"product \">\n                        <div class=\"eael-product-wrap\" data-src=\"\" data-src-hover=\"\" >\n\t        <a href=\"https:\/\/mueblesitalianos.com\/site\/producto\/buitaca-modular\/\" class=\"woocommerce-LoopProduct-link woocommerce-loop-product__link\">                <img decoding=\"async\" width=\"1510\" height=\"850\" src=\"https:\/\/mueblesitalianos.com\/site\/wp-content\/uploads\/2024\/04\/saba-Pixel_01.webp\" class=\"attachment-full size-full\" alt=\"BUITACA MODULAR\" loading=\"eager\" srcset=\"https:\/\/mueblesitalianos.com\/site\/wp-content\/uploads\/2024\/04\/saba-Pixel_01.webp 1510w, https:\/\/mueblesitalianos.com\/site\/wp-content\/uploads\/2024\/04\/saba-Pixel_01-300x169.webp 300w, https:\/\/mueblesitalianos.com\/site\/wp-content\/uploads\/2024\/04\/saba-Pixel_01-1024x576.webp 1024w, https:\/\/mueblesitalianos.com\/site\/wp-content\/uploads\/2024\/04\/saba-Pixel_01-768x432.webp 768w, https:\/\/mueblesitalianos.com\/site\/wp-content\/uploads\/2024\/04\/saba-Pixel_01-1320x743.webp 1320w, https:\/\/mueblesitalianos.com\/site\/wp-content\/uploads\/2024\/04\/saba-Pixel_01-600x338.webp 600w\" sizes=\"(max-width: 1510px) 100vw, 1510px\" \/><\/a><h2 class=\"woocommerce-loop-product__title\">BUITACA MODULAR<\/h2><div class=\"eael-star-rating star-rating\"><span style=\"width:0%\">Rated <strong class=\"rating\">0<\/strong> out of 5<\/span><\/div><div class=\"eael-product-price\"><span class=\"woocommerce-Price-amount amount\"><bdi><span class=\"woocommerce-Price-currencySymbol\">&#36;<\/span>13,155.00<\/bdi><\/span><\/div>            <a href=\"?add-to-cart=3847\" data-quantity=\"1\" class=\"button product_type_simple add_to_cart_button ajax_add_to_cart\" data-product_id=\"3847\" data-product_sku=\"\" aria-label=\"Add to cart: &ldquo;BUITACA MODULAR&rdquo;\" aria-describedby=\"\" rel=\"nofollow\">Add to cart<\/a>            <\/div>\n        <\/li>\n                <li class=\"product \">\n                        <div class=\"eael-product-wrap\" data-src=\"\" data-src-hover=\"\" >\n\t        <a href=\"https:\/\/mueblesitalianos.com\/site\/producto\/sofa-oltremare\/\" class=\"woocommerce-LoopProduct-link woocommerce-loop-product__link\">                <img decoding=\"async\" width=\"856\" height=\"482\" src=\"https:\/\/mueblesitalianos.com\/site\/wp-content\/uploads\/2024\/04\/saba-OltremareSofa_01.webp\" class=\"attachment-full size-full\" alt=\"SOFA OLTREMARE\" loading=\"eager\" srcset=\"https:\/\/mueblesitalianos.com\/site\/wp-content\/uploads\/2024\/04\/saba-OltremareSofa_01.webp 856w, https:\/\/mueblesitalianos.com\/site\/wp-content\/uploads\/2024\/04\/saba-OltremareSofa_01-300x169.webp 300w, https:\/\/mueblesitalianos.com\/site\/wp-content\/uploads\/2024\/04\/saba-OltremareSofa_01-768x432.webp 768w, https:\/\/mueblesitalianos.com\/site\/wp-content\/uploads\/2024\/04\/saba-OltremareSofa_01-600x338.webp 600w\" sizes=\"(max-width: 856px) 100vw, 856px\" \/><\/a><h2 class=\"woocommerce-loop-product__title\">SOFA OLTREMARE<\/h2><div class=\"eael-star-rating star-rating\"><span style=\"width:0%\">Rated <strong class=\"rating\">0<\/strong> out of 5<\/span><\/div><div class=\"eael-product-price\"><span class=\"woocommerce-Price-amount amount\"><bdi><span class=\"woocommerce-Price-currencySymbol\">&#36;<\/span>8,666.00<\/bdi><\/span><\/div>            <a href=\"?add-to-cart=3842\" data-quantity=\"1\" class=\"button product_type_simple add_to_cart_button ajax_add_to_cart\" data-product_id=\"3842\" data-product_sku=\"\" aria-label=\"Add to cart: &ldquo;SOFA OLTREMARE&rdquo;\" aria-describedby=\"\" rel=\"nofollow\">Add to cart<\/a>            <\/div>\n        <\/li>\n                <li class=\"product \">\n                        <div class=\"eael-product-wrap\" data-src=\"\" data-src-hover=\"\" >\n\t        <a href=\"https:\/\/mueblesitalianos.com\/site\/producto\/buitaca-oltremare\/\" class=\"woocommerce-LoopProduct-link woocommerce-loop-product__link\">                <img decoding=\"async\" width=\"500\" height=\"500\" src=\"https:\/\/mueblesitalianos.com\/site\/wp-content\/uploads\/2024\/04\/9-SABA_Oltremare-_BeppeBrancato_0ee8a13e-9450-41e7-bb4c-f6f67844e95f_250x250@2x.webp\" class=\"attachment-full size-full\" alt=\"BUITACA OLTREMARE\" loading=\"eager\" srcset=\"https:\/\/mueblesitalianos.com\/site\/wp-content\/uploads\/2024\/04\/9-SABA_Oltremare-_BeppeBrancato_0ee8a13e-9450-41e7-bb4c-f6f67844e95f_250x250@2x.webp 500w, https:\/\/mueblesitalianos.com\/site\/wp-content\/uploads\/2024\/04\/9-SABA_Oltremare-_BeppeBrancato_0ee8a13e-9450-41e7-bb4c-f6f67844e95f_250x250@2x-300x300.webp 300w, https:\/\/mueblesitalianos.com\/site\/wp-content\/uploads\/2024\/04\/9-SABA_Oltremare-_BeppeBrancato_0ee8a13e-9450-41e7-bb4c-f6f67844e95f_250x250@2x-150x150.webp 150w, https:\/\/mueblesitalianos.com\/site\/wp-content\/uploads\/2024\/04\/9-SABA_Oltremare-_BeppeBrancato_0ee8a13e-9450-41e7-bb4c-f6f67844e95f_250x250@2x-100x100.webp 100w, https:\/\/mueblesitalianos.com\/site\/wp-content\/uploads\/2024\/04\/9-SABA_Oltremare-_BeppeBrancato_0ee8a13e-9450-41e7-bb4c-f6f67844e95f_250x250@2x-50x50.webp 50w\" sizes=\"(max-width: 500px) 100vw, 500px\" \/><\/a><h2 class=\"woocommerce-loop-product__title\">BUITACA OLTREMARE<\/h2><div class=\"eael-star-rating star-rating\"><span style=\"width:0%\">Rated <strong class=\"rating\">0<\/strong> out of 5<\/span><\/div><div class=\"eael-product-price\"><span class=\"woocommerce-Price-amount amount\"><bdi><span class=\"woocommerce-Price-currencySymbol\">&#36;<\/span>5,149.00<\/bdi><\/span><\/div>            <a href=\"?add-to-cart=3837\" data-quantity=\"1\" class=\"button product_type_simple add_to_cart_button ajax_add_to_cart\" data-product_id=\"3837\" data-product_sku=\"\" aria-label=\"Add to cart: &ldquo;BUITACA OLTREMARE&rdquo;\" aria-describedby=\"\" rel=\"nofollow\">Add to cart<\/a>            <\/div>\n        <\/li>\n        <\/ul>            <div class=\"eael-load-more-button-wrap\">\n                <button class=\"eael-load-more-button\" id=\"eael-load-more-btn-9db6879\" data-widget-id=\"9db6879\" data-widget=\"9db6879\" data-page-id=\"302\" data-template=\"{&quot;dir&quot;:&quot;lite&quot;,&quot;file_name&quot;:&quot;default.php&quot;,&quot;name&quot;:&quot;Woo-Product-Gallery&quot;}\" data-class=\"Essential_Addons_Elementor\\Elements\\Woo_Product_Gallery\" data-layout=\"grid\" data-page=\"1\" data-args=\"post_type=product&amp;post_status%5B0%5D=publish&amp;post_status%5B1%5D=pending&amp;post_status%5B2%5D=future&amp;posts_per_page=3&amp;order=desc&amp;offset=0&amp;tax_query%5Brelation%5D=AND&amp;tax_query%5B0%5D%5Btaxonomy%5D=product_visibility&amp;tax_query%5B0%5D%5Bfield%5D=name&amp;tax_query%5B0%5D%5Bterms%5D%5B0%5D=exclude-from-search&amp;tax_query%5B0%5D%5Bterms%5D%5B1%5D=exclude-from-catalog&amp;tax_query%5B0%5D%5Boperator%5D=NOT+IN&amp;tax_query%5B1%5D%5Brelation%5D=OR&amp;tax_query%5B1%5D%5B0%5D%5Btaxonomy%5D=product_cat&amp;tax_query%5B1%5D%5B0%5D%5Bfield%5D=term_id&amp;tax_query%5B1%5D%5B0%5D%5Bterms%5D=19&amp;tax_query%5B1%5D%5B0%5D%5Boperator%5D=IN&amp;orderby=date&amp;meta_query%5Brelation%5D=AND&amp;meta_query%5B0%5D%5Bkey%5D=_stock_status&amp;meta_query%5B0%5D%5Bvalue%5D=instock&amp;found_posts=15\" data-max-page=\"5\">\n                    <span class=\"eael-btn-loader button__loader\"><\/span>\n                    <span class=\"eael_load_more_text\">Cargar m\u00e1s<\/span>\n                <\/button>\n            <\/div>\n                        <\/div>\n        <\/div>\n        <script type=\"text\/javascript\">\n\t\t\tjQuery(document).ready(function ($) {\n\t\t\t\tvar $scope = jQuery(\".elementor-element-9db6879\");\n\t\t\t\tvar $products = $('.products', $scope);\n\t\t\t\tvar $layout_mode = $products.data('layout-mode');\n\n\t\t\t\tif ($layout_mode === 'masonry') {\n\t\t\t\t\t\/\/ init isotope\n\t\t\t\t\tvar $isotope_products = $products.isotope({\n\t\t\t\t\t\t                                          itemSelector: \"li.product\",\n\t\t\t\t\t\t                                          layoutMode: $layout_mode,\n\t\t\t\t\t\t                                          percentPosition: true\n\t\t\t\t\t                                          });\n\n\t\t\t\t\t$isotope_products.imagesLoaded().progress(function () {\n\t\t\t\t\t\t$isotope_products.isotope('layout');\n\t\t\t\t\t})\n\n\t\t\t\t\t$(window).on('resize', function () {\n\t\t\t\t\t\t$isotope_products.isotope('layout');\n\t\t\t\t\t});\n\t\t\t\t}\n\t\t\t});\n        <\/script>\n\t\t\t\t<\/div>\n\t\t\t\t<\/div>\n\t\t\t\t<div class=\"elementor-element elementor-element-5f56c78 elementor-widget elementor-widget-spacer\" data-id=\"5f56c78\" data-element_type=\"widget\" data-widget_type=\"spacer.default\">\n\t\t\t\t<div class=\"elementor-widget-container\">\n\t\t\t\t\t<div class=\"elementor-spacer\">\n\t\t\t<div class=\"elementor-spacer-inner\"><\/div>\n\t\t<\/div>\n\t\t\t\t<\/div>\n\t\t\t\t<\/div>\n\t\t\t\t\t<\/div>\n\t\t<\/div>\n\t\t\t\t\t<\/div>\n\t\t<\/section>\n\t\t\t\t<\/div>\n\t\t","protected":false},"excerpt":{"rendered":"<p>SABA COLLECTION Saba, sin dejar de dar un papel central al confort, busca ser una empresa abierta en todo momento a la inclusi\u00f3n y\u00a0 a la diversidad.La colaboraci\u00f3n con Antonio Marras nace del deseo de comunicar cultura y creatividad a trav\u00e9s de colaboraciones art\u00edsticas. Su vocabulario est\u00e9tico gu\u00eda al espectador a trav\u00e9s de una nueva [&hellip;]<\/p>\n","protected":false},"author":1,"featured_media":0,"parent":0,"menu_order":0,"comment_status":"closed","ping_status":"closed","template":"elementor_canvas","meta":{"_joinchat":[],"footnotes":""},"class_list":["post-302","page","type-page","status-publish","hentry"],"aioseo_notices":[],"_links":{"self":[{"href":"https:\/\/mueblesitalianos.com\/site\/wp-json\/wp\/v2\/pages\/302","targetHints":{"allow":["GET"]}}],"collection":[{"href":"https:\/\/mueblesitalianos.com\/site\/wp-json\/wp\/v2\/pages"}],"about":[{"href":"https:\/\/mueblesitalianos.com\/site\/wp-json\/wp\/v2\/types\/page"}],"author":[{"embeddable":true,"href":"https:\/\/mueblesitalianos.com\/site\/wp-json\/wp\/v2\/users\/1"}],"replies":[{"embeddable":true,"href":"https:\/\/mueblesitalianos.com\/site\/wp-json\/wp\/v2\/comments?post=302"}],"version-history":[{"count":11,"href":"https:\/\/mueblesitalianos.com\/site\/wp-json\/wp\/v2\/pages\/302\/revisions"}],"predecessor-version":[{"id":2979,"href":"https:\/\/mueblesitalianos.com\/site\/wp-json\/wp\/v2\/pages\/302\/revisions\/2979"}],"wp:attachment":[{"href":"https:\/\/mueblesitalianos.com\/site\/wp-json\/wp\/v2\/media?parent=302"}],"curies":[{"name":"wp","href":"https:\/\/api.w.org\/{rel}","templated":true}]}}