{"id":3947,"date":"2024-04-09T22:45:23","date_gmt":"2024-04-09T22:45:23","guid":{"rendered":"https:\/\/mueblesitalianos.com\/site\/?page_id=3947"},"modified":"2024-04-09T23:00:24","modified_gmt":"2024-04-09T23:00:24","slug":"moroso","status":"publish","type":"page","link":"https:\/\/mueblesitalianos.com\/site\/moroso\/","title":{"rendered":"Moroso"},"content":{"rendered":"\t\t<div data-elementor-type=\"wp-page\" data-elementor-id=\"3947\" class=\"elementor elementor-3947\">\n\t\t\t\t\t\t<section class=\"elementor-section elementor-top-section elementor-element elementor-element-76c6282 elementor-section-full_width elementor-section-height-default elementor-section-height-default wpr-particle-no wpr-jarallax-no wpr-parallax-no wpr-sticky-section-no\" data-id=\"76c6282\" data-element_type=\"section\" data-settings=\"{&quot;_ha_eqh_enable&quot;:false}\">\n\t\t\t\t\t\t<div class=\"elementor-container elementor-column-gap-no\">\n\t\t\t\t\t<div class=\"elementor-column elementor-col-100 elementor-top-column elementor-element elementor-element-ee7a8f5\" data-id=\"ee7a8f5\" data-element_type=\"column\">\n\t\t\t<div class=\"elementor-widget-wrap elementor-element-populated\">\n\t\t\t\t\t\t<div class=\"elementor-element elementor-element-bf43415 elementor-widget elementor-widget-image\" data-id=\"bf43415\" data-element_type=\"widget\" data-widget_type=\"image.default\">\n\t\t\t\t<div class=\"elementor-widget-container\">\n\t\t\t<style>\/*! elementor - v3.21.0 - 08-05-2024 *\/\n.elementor-widget-image{text-align:center}.elementor-widget-image a{display:inline-block}.elementor-widget-image a img[src$=\".svg\"]{width:48px}.elementor-widget-image img{vertical-align:middle;display:inline-block}<\/style>\t\t\t\t\t\t\t\t\t\t<img fetchpriority=\"high\" decoding=\"async\" width=\"1920\" height=\"819\" src=\"https:\/\/mueblesitalianos.com\/site\/wp-content\/uploads\/2024\/04\/b1_slide225.jpg\" class=\"attachment-full size-full wp-image-3949\" alt=\"\" srcset=\"https:\/\/mueblesitalianos.com\/site\/wp-content\/uploads\/2024\/04\/b1_slide225.jpg 1920w, https:\/\/mueblesitalianos.com\/site\/wp-content\/uploads\/2024\/04\/b1_slide225-300x128.jpg 300w, https:\/\/mueblesitalianos.com\/site\/wp-content\/uploads\/2024\/04\/b1_slide225-1024x437.jpg 1024w, https:\/\/mueblesitalianos.com\/site\/wp-content\/uploads\/2024\/04\/b1_slide225-768x328.jpg 768w, https:\/\/mueblesitalianos.com\/site\/wp-content\/uploads\/2024\/04\/b1_slide225-1536x655.jpg 1536w, https:\/\/mueblesitalianos.com\/site\/wp-content\/uploads\/2024\/04\/b1_slide225-1320x563.jpg 1320w, https:\/\/mueblesitalianos.com\/site\/wp-content\/uploads\/2024\/04\/b1_slide225-600x256.jpg 600w\" sizes=\"(max-width: 1920px) 100vw, 1920px\" \/>\t\t\t\t\t\t\t\t\t\t\t\t\t<\/div>\n\t\t\t\t<\/div>\n\t\t\t\t\t<\/div>\n\t\t<\/div>\n\t\t\t\t\t<\/div>\n\t\t<\/section>\n\t\t\t\t<section class=\"elementor-section elementor-top-section elementor-element elementor-element-be2a512 elementor-section-boxed elementor-section-height-default elementor-section-height-default wpr-particle-no wpr-jarallax-no wpr-parallax-no wpr-sticky-section-no\" data-id=\"be2a512\" data-element_type=\"section\" data-settings=\"{&quot;background_background&quot;:&quot;gradient&quot;,&quot;_ha_eqh_enable&quot;:false}\">\n\t\t\t\t\t\t<div class=\"elementor-container elementor-column-gap-default\">\n\t\t\t\t\t<div class=\"elementor-column elementor-col-100 elementor-top-column elementor-element elementor-element-1447766\" data-id=\"1447766\" data-element_type=\"column\">\n\t\t\t<div class=\"elementor-widget-wrap elementor-element-populated\">\n\t\t\t\t\t\t<div class=\"elementor-element elementor-element-97f5e64 elementor-widget elementor-widget-spacer\" data-id=\"97f5e64\" data-element_type=\"widget\" data-widget_type=\"spacer.default\">\n\t\t\t\t<div class=\"elementor-widget-container\">\n\t\t\t<style>\/*! elementor - v3.21.0 - 08-05-2024 *\/\n.elementor-column .elementor-spacer-inner{height:var(--spacer-size)}.e-con{--container-widget-width:100%}.e-con-inner>.elementor-widget-spacer,.e-con>.elementor-widget-spacer{width:var(--container-widget-width,var(--spacer-size));--align-self:var(--container-widget-align-self,initial);--flex-shrink:0}.e-con-inner>.elementor-widget-spacer>.elementor-widget-container,.e-con>.elementor-widget-spacer>.elementor-widget-container{height:100%;width:100%}.e-con-inner>.elementor-widget-spacer>.elementor-widget-container>.elementor-spacer,.e-con>.elementor-widget-spacer>.elementor-widget-container>.elementor-spacer{height:100%}.e-con-inner>.elementor-widget-spacer>.elementor-widget-container>.elementor-spacer>.elementor-spacer-inner,.e-con>.elementor-widget-spacer>.elementor-widget-container>.elementor-spacer>.elementor-spacer-inner{height:var(--container-widget-height,var(--spacer-size))}.e-con-inner>.elementor-widget-spacer.elementor-widget-empty,.e-con>.elementor-widget-spacer.elementor-widget-empty{position:relative;min-height:22px;min-width:22px}.e-con-inner>.elementor-widget-spacer.elementor-widget-empty .elementor-widget-empty-icon,.e-con>.elementor-widget-spacer.elementor-widget-empty .elementor-widget-empty-icon{position:absolute;top:0;bottom:0;left:0;right:0;margin:auto;padding:0;width:22px;height:22px}<\/style>\t\t<div class=\"elementor-spacer\">\n\t\t\t<div class=\"elementor-spacer-inner\"><\/div>\n\t\t<\/div>\n\t\t\t\t<\/div>\n\t\t\t\t<\/div>\n\t\t\t\t<div class=\"elementor-element elementor-element-65d4459 elementor-widget elementor-widget-heading\" data-id=\"65d4459\" data-element_type=\"widget\" data-widget_type=\"heading.default\">\n\t\t\t\t<div class=\"elementor-widget-container\">\n\t\t\t<style>\/*! elementor - v3.21.0 - 08-05-2024 *\/\n.elementor-heading-title{padding:0;margin:0;line-height:1}.elementor-widget-heading .elementor-heading-title[class*=elementor-size-]>a{color:inherit;font-size:inherit;line-height:inherit}.elementor-widget-heading .elementor-heading-title.elementor-size-small{font-size:15px}.elementor-widget-heading .elementor-heading-title.elementor-size-medium{font-size:19px}.elementor-widget-heading .elementor-heading-title.elementor-size-large{font-size:29px}.elementor-widget-heading .elementor-heading-title.elementor-size-xl{font-size:39px}.elementor-widget-heading .elementor-heading-title.elementor-size-xxl{font-size:59px}<\/style><h2 class=\"elementor-heading-title elementor-size-default\">MOROSO  COLLECTION<\/h2>\t\t<\/div>\n\t\t\t\t<\/div>\n\t\t\t\t<div class=\"elementor-element elementor-element-6bd1add elementor-widget-divider--view-line elementor-widget elementor-widget-divider\" data-id=\"6bd1add\" data-element_type=\"widget\" data-widget_type=\"divider.default\">\n\t\t\t\t<div class=\"elementor-widget-container\">\n\t\t\t<style>\/*! elementor - v3.21.0 - 08-05-2024 *\/\n.elementor-widget-divider{--divider-border-style:none;--divider-border-width:1px;--divider-color:#0c0d0e;--divider-icon-size:20px;--divider-element-spacing:10px;--divider-pattern-height:24px;--divider-pattern-size:20px;--divider-pattern-url:none;--divider-pattern-repeat:repeat-x}.elementor-widget-divider .elementor-divider{display:flex}.elementor-widget-divider .elementor-divider__text{font-size:15px;line-height:1;max-width:95%}.elementor-widget-divider .elementor-divider__element{margin:0 var(--divider-element-spacing);flex-shrink:0}.elementor-widget-divider .elementor-icon{font-size:var(--divider-icon-size)}.elementor-widget-divider .elementor-divider-separator{display:flex;margin:0;direction:ltr}.elementor-widget-divider--view-line_icon .elementor-divider-separator,.elementor-widget-divider--view-line_text .elementor-divider-separator{align-items:center}.elementor-widget-divider--view-line_icon .elementor-divider-separator:after,.elementor-widget-divider--view-line_icon .elementor-divider-separator:before,.elementor-widget-divider--view-line_text .elementor-divider-separator:after,.elementor-widget-divider--view-line_text .elementor-divider-separator:before{display:block;content:\"\";border-block-end:0;flex-grow:1;border-block-start:var(--divider-border-width) var(--divider-border-style) var(--divider-color)}.elementor-widget-divider--element-align-left .elementor-divider .elementor-divider-separator>.elementor-divider__svg:first-of-type{flex-grow:0;flex-shrink:100}.elementor-widget-divider--element-align-left .elementor-divider-separator:before{content:none}.elementor-widget-divider--element-align-left .elementor-divider__element{margin-left:0}.elementor-widget-divider--element-align-right .elementor-divider .elementor-divider-separator>.elementor-divider__svg:last-of-type{flex-grow:0;flex-shrink:100}.elementor-widget-divider--element-align-right .elementor-divider-separator:after{content:none}.elementor-widget-divider--element-align-right .elementor-divider__element{margin-right:0}.elementor-widget-divider--element-align-start .elementor-divider .elementor-divider-separator>.elementor-divider__svg:first-of-type{flex-grow:0;flex-shrink:100}.elementor-widget-divider--element-align-start .elementor-divider-separator:before{content:none}.elementor-widget-divider--element-align-start .elementor-divider__element{margin-inline-start:0}.elementor-widget-divider--element-align-end .elementor-divider .elementor-divider-separator>.elementor-divider__svg:last-of-type{flex-grow:0;flex-shrink:100}.elementor-widget-divider--element-align-end .elementor-divider-separator:after{content:none}.elementor-widget-divider--element-align-end .elementor-divider__element{margin-inline-end:0}.elementor-widget-divider:not(.elementor-widget-divider--view-line_text):not(.elementor-widget-divider--view-line_icon) .elementor-divider-separator{border-block-start:var(--divider-border-width) var(--divider-border-style) var(--divider-color)}.elementor-widget-divider--separator-type-pattern{--divider-border-style:none}.elementor-widget-divider--separator-type-pattern.elementor-widget-divider--view-line .elementor-divider-separator,.elementor-widget-divider--separator-type-pattern:not(.elementor-widget-divider--view-line) .elementor-divider-separator:after,.elementor-widget-divider--separator-type-pattern:not(.elementor-widget-divider--view-line) .elementor-divider-separator:before,.elementor-widget-divider--separator-type-pattern:not([class*=elementor-widget-divider--view]) .elementor-divider-separator{width:100%;min-height:var(--divider-pattern-height);-webkit-mask-size:var(--divider-pattern-size) 100%;mask-size:var(--divider-pattern-size) 100%;-webkit-mask-repeat:var(--divider-pattern-repeat);mask-repeat:var(--divider-pattern-repeat);background-color:var(--divider-color);-webkit-mask-image:var(--divider-pattern-url);mask-image:var(--divider-pattern-url)}.elementor-widget-divider--no-spacing{--divider-pattern-size:auto}.elementor-widget-divider--bg-round{--divider-pattern-repeat:round}.rtl .elementor-widget-divider .elementor-divider__text{direction:rtl}.e-con-inner>.elementor-widget-divider,.e-con>.elementor-widget-divider{width:var(--container-widget-width,100%);--flex-grow:var(--container-widget-flex-grow)}<\/style>\t\t<div class=\"elementor-divider\">\n\t\t\t<span class=\"elementor-divider-separator\">\n\t\t\t\t\t\t<\/span>\n\t\t<\/div>\n\t\t\t\t<\/div>\n\t\t\t\t<\/div>\n\t\t\t\t<div class=\"elementor-element elementor-element-40204a5 elementor-hidden-desktop elementor-hidden-tablet elementor-widget elementor-widget-text-editor\" data-id=\"40204a5\" data-element_type=\"widget\" data-widget_type=\"text-editor.default\">\n\t\t\t\t<div class=\"elementor-widget-container\">\n\t\t\t<style>\/*! elementor - v3.21.0 - 08-05-2024 *\/\n.elementor-widget-text-editor.elementor-drop-cap-view-stacked .elementor-drop-cap{background-color:#69727d;color:#fff}.elementor-widget-text-editor.elementor-drop-cap-view-framed .elementor-drop-cap{color:#69727d;border:3px solid;background-color:transparent}.elementor-widget-text-editor:not(.elementor-drop-cap-view-default) .elementor-drop-cap{margin-top:8px}.elementor-widget-text-editor:not(.elementor-drop-cap-view-default) .elementor-drop-cap-letter{width:1em;height:1em}.elementor-widget-text-editor .elementor-drop-cap{float:left;text-align:center;line-height:1;font-size:50px}.elementor-widget-text-editor .elementor-drop-cap-letter{display:inline-block}<\/style>\t\t\t\t<p><span>Moroso es el proveedor oficial del\u00a0<\/span><strong><span>\u00e1rea exclusiva principal<\/span><\/strong><span>\u00a0de las Nitto ATP Finals 2023, el formato Hospitality de la Federaci\u00f3n Italiana de Tenis y P\u00e1del dise\u00f1ado para recibir a los invitados internacionales de la ATP (Asociaci\u00f3n de Profesionales del Tenis), Deporte y Salud y de la federaci\u00f3n italiana. s\u00ed mismo.<\/span><\/p><p><span>Dentro de los espacios de LEA encontramos la exposici\u00f3n TIME, un proyecto que nace de una reflexi\u00f3n sobre el hombre y su evoluci\u00f3n en el planeta Tierra a trav\u00e9s del tiempo y el espacio.<\/span><\/p><p><span>Las obras de arte y mobiliario de dise\u00f1o pretenden provocar una reflexi\u00f3n sobre c\u00f3mo cambia la posici\u00f3n del hombre en el planeta en la actualidad, generando una relaci\u00f3n entre realidad y ficci\u00f3n a trav\u00e9s de actitudes, lugares, objetos e intervenciones que interfieren y cooperan con la actividad humana.<\/span><\/p><p><span>El recorrido expositivo comienza desde las \u00e1reas externas con tres impactantes obras de luz, instaladas en tres puntos cardinales de la fachada: las dos obras site-specific encargadas para la exposici\u00f3n, Unload (2023) de Matteo Attruia e Left &amp; Right (2023) de Claire Fontaine, y en la esquina derecha de la fachada, la obra Estudio sobre un agujero negro giratorio (2015-2017) de Andrea Galvani.<\/span><\/p>\t\t\t\t\t\t<\/div>\n\t\t\t\t<\/div>\n\t\t\t\t<div class=\"elementor-element elementor-element-8e83084 elementor-hidden-mobile elementor-widget elementor-widget-text-editor\" data-id=\"8e83084\" data-element_type=\"widget\" data-widget_type=\"text-editor.default\">\n\t\t\t\t<div class=\"elementor-widget-container\">\n\t\t\t\t\t\t\t<p><span>Moroso es el proveedor oficial del\u00a0<\/span><strong><span>\u00e1rea exclusiva principal<\/span><\/strong><span>\u00a0de las Nitto ATP Finals 2023, el formato Hospitality de la Federaci\u00f3n Italiana de Tenis y P\u00e1del dise\u00f1ado para recibir a los invitados internacionales de la ATP (Asociaci\u00f3n de Profesionales del Tenis), Deporte y Salud y de la federaci\u00f3n italiana. s\u00ed mismo.<\/span><\/p><p><span>Dentro de los espacios de LEA encontramos la exposici\u00f3n TIME, un proyecto que nace de una reflexi\u00f3n sobre el hombre y su evoluci\u00f3n en el planeta Tierra a trav\u00e9s del tiempo y el espacio.<\/span><\/p><p><span>Las obras de arte y mobiliario de dise\u00f1o pretenden provocar una reflexi\u00f3n sobre c\u00f3mo cambia la posici\u00f3n del hombre en el planeta en la actualidad, generando una relaci\u00f3n entre realidad y ficci\u00f3n a trav\u00e9s de actitudes, lugares, objetos e intervenciones que interfieren y cooperan con la actividad humana.<\/span><\/p><p><span>El recorrido expositivo comienza desde las \u00e1reas externas con tres impactantes obras de luz, instaladas en tres puntos cardinales de la fachada: las dos obras site-specific encargadas para la exposici\u00f3n, Unload (2023) de Matteo Attruia e Left &amp; Right (2023) de Claire Fontaine, y en la esquina derecha de la fachada, la obra Estudio sobre un agujero negro giratorio (2015-2017) de Andrea Galvani.<\/span><\/p>\t\t\t\t\t\t<\/div>\n\t\t\t\t<\/div>\n\t\t\t\t<div class=\"elementor-element elementor-element-3fe47ad eael-product-gallery-column-3 elementor-widget elementor-widget-eael-woo-product-gallery\" data-id=\"3fe47ad\" data-element_type=\"widget\" data-widget_type=\"eael-woo-product-gallery.default\">\n\t\t\t\t<div class=\"elementor-widget-container\">\n\t\t\t\n        <div class=\"eael-product-gallery eael-product-preset-4 grid eael-terms-layout-horizontal\" id=\"eael-product-gallery\" data-widget-id=\"3fe47ad\" data-page-id=\"3947\" data-nonce=\"5fac240cc2\" >\n\t\t\t<ul class=\"eael-cat-tab\" data-layout=\"grid\" data-template={\"dir\":\"lite\",\"file_name\":\"default.php\",\"name\":\"Woo-Product-Gallery\"}  data-nonce=\"5fac240cc2\" data-page-id=\"3947\" data-widget-id=\"3fe47ad\" data-widget=\"3fe47ad\" data-class=\"Essential_Addons_Elementor\\Elements\\Woo_Product_Gallery\" data-args=\"post_type=product&post_status%5B0%5D=publish&post_status%5B1%5D=pending&post_status%5B2%5D=future&posts_per_page=3&order=desc&offset=0&tax_query%5Brelation%5D=AND&tax_query%5B0%5D%5Btaxonomy%5D=product_visibility&tax_query%5B0%5D%5Bfield%5D=name&tax_query%5B0%5D%5Bterms%5D%5B0%5D=exclude-from-search&tax_query%5B0%5D%5Bterms%5D%5B1%5D=exclude-from-catalog&tax_query%5B0%5D%5Boperator%5D=NOT+IN&tax_query%5B1%5D%5Brelation%5D=OR&tax_query%5B1%5D%5B0%5D%5Btaxonomy%5D=product_cat&tax_query%5B1%5D%5B0%5D%5Bfield%5D=term_id&tax_query%5B1%5D%5B0%5D%5Bterms%5D=99&tax_query%5B1%5D%5B0%5D%5Boperator%5D=IN&orderby=date&meta_query%5Brelation%5D=AND&meta_query%5B0%5D%5Bkey%5D=_stock_status&meta_query%5B0%5D%5Bvalue%5D=instock\" data-page=\"1\"><li><a href=\"javascript:;\" data-page=\"1\" data-taxonomy=\"product_cat\" data-terms=[\"moroso\"] data-id=\"99\" class=\"post-list-filter-item \">Moroso<\/a><\/li><\/ul>\n            <div class=\"woocommerce\">\n\t\t\t\t<ul class=\"products eael-post-appender eael-post-appender-3fe47ad\" data-layout-mode=\"grid\" data-show-secondary-image=\"0\" >        <li class=\"product \">\n                        <div class=\"eael-product-wrap\" data-src=\"\" data-src-hover=\"\" >\n\t        <a href=\"https:\/\/mueblesitalianos.com\/site\/producto\/butaca-gemma\/\" class=\"woocommerce-LoopProduct-link woocommerce-loop-product__link\">                <img decoding=\"async\" width=\"500\" height=\"500\" src=\"https:\/\/mueblesitalianos.com\/site\/wp-content\/uploads\/2024\/04\/4378-15082913.jpg\" class=\"attachment-full size-full\" alt=\"Butaca Gemma\" loading=\"eager\" srcset=\"https:\/\/mueblesitalianos.com\/site\/wp-content\/uploads\/2024\/04\/4378-15082913.jpg 500w, https:\/\/mueblesitalianos.com\/site\/wp-content\/uploads\/2024\/04\/4378-15082913-300x300.jpg 300w, https:\/\/mueblesitalianos.com\/site\/wp-content\/uploads\/2024\/04\/4378-15082913-150x150.jpg 150w, https:\/\/mueblesitalianos.com\/site\/wp-content\/uploads\/2024\/04\/4378-15082913-100x100.jpg 100w, https:\/\/mueblesitalianos.com\/site\/wp-content\/uploads\/2024\/04\/4378-15082913-50x50.jpg 50w\" sizes=\"(max-width: 500px) 100vw, 500px\" \/><\/a><h2 class=\"woocommerce-loop-product__title\">Butaca Gemma<\/h2><div class=\"eael-star-rating star-rating\"><span style=\"width:0%\">Rated <strong class=\"rating\">0<\/strong> out of 5<\/span><\/div><div class=\"eael-product-price\"><span class=\"woocommerce-Price-amount amount\"><bdi><span class=\"woocommerce-Price-currencySymbol\">&#36;<\/span>6,870.00<\/bdi><\/span><\/div>            <a href=\"?add-to-cart=3941\" data-quantity=\"1\" class=\"button product_type_simple add_to_cart_button ajax_add_to_cart\" data-product_id=\"3941\" data-product_sku=\"\" aria-label=\"Add to cart: &ldquo;Butaca Gemma&rdquo;\" aria-describedby=\"\" rel=\"nofollow\">Add to cart<\/a>            <\/div>\n        <\/li>\n                <li class=\"product \">\n                        <div class=\"eael-product-wrap\" data-src=\"\" data-src-hover=\"\" >\n\t        <a href=\"https:\/\/mueblesitalianos.com\/site\/producto\/sofa-m-a-s-s-a-s\/\" class=\"woocommerce-LoopProduct-link woocommerce-loop-product__link\">                <img decoding=\"async\" width=\"1200\" height=\"800\" src=\"https:\/\/mueblesitalianos.com\/site\/wp-content\/uploads\/2024\/04\/mobilia-moroso-massas-sofa-slider-6.jpg\" class=\"attachment-full size-full\" alt=\"Sofa M.A.S.S.A.S.\" loading=\"eager\" srcset=\"https:\/\/mueblesitalianos.com\/site\/wp-content\/uploads\/2024\/04\/mobilia-moroso-massas-sofa-slider-6.jpg 1200w, https:\/\/mueblesitalianos.com\/site\/wp-content\/uploads\/2024\/04\/mobilia-moroso-massas-sofa-slider-6-300x200.jpg 300w, https:\/\/mueblesitalianos.com\/site\/wp-content\/uploads\/2024\/04\/mobilia-moroso-massas-sofa-slider-6-1024x683.jpg 1024w, https:\/\/mueblesitalianos.com\/site\/wp-content\/uploads\/2024\/04\/mobilia-moroso-massas-sofa-slider-6-768x512.jpg 768w, https:\/\/mueblesitalianos.com\/site\/wp-content\/uploads\/2024\/04\/mobilia-moroso-massas-sofa-slider-6-600x400.jpg 600w\" sizes=\"(max-width: 1200px) 100vw, 1200px\" \/><\/a><h2 class=\"woocommerce-loop-product__title\">Sofa M.A.S.S.A.S.<\/h2><div class=\"eael-star-rating star-rating\"><span style=\"width:0%\">Rated <strong class=\"rating\">0<\/strong> out of 5<\/span><\/div><div class=\"eael-product-price\"><span class=\"woocommerce-Price-amount amount\"><bdi><span class=\"woocommerce-Price-currencySymbol\">&#36;<\/span>8,850.00<\/bdi><\/span><\/div>            <a href=\"?add-to-cart=3935\" data-quantity=\"1\" class=\"button product_type_simple add_to_cart_button ajax_add_to_cart\" data-product_id=\"3935\" data-product_sku=\"\" aria-label=\"Add to cart: &ldquo;Sofa M.A.S.S.A.S.&rdquo;\" aria-describedby=\"\" rel=\"nofollow\">Add to cart<\/a>            <\/div>\n        <\/li>\n                <li class=\"product \">\n                        <div class=\"eael-product-wrap\" data-src=\"\" data-src-hover=\"\" >\n\t        <a href=\"https:\/\/mueblesitalianos.com\/site\/producto\/butaca-giratoria-fjord-armchair\/\" class=\"woocommerce-LoopProduct-link woocommerce-loop-product__link\">                <img decoding=\"async\" width=\"350\" height=\"350\" src=\"https:\/\/mueblesitalianos.com\/site\/wp-content\/uploads\/2024\/04\/11560457_object.jpg\" class=\"attachment-full size-full\" alt=\"Butaca Giratoria Fjord Armchair\" loading=\"eager\" srcset=\"https:\/\/mueblesitalianos.com\/site\/wp-content\/uploads\/2024\/04\/11560457_object.jpg 350w, https:\/\/mueblesitalianos.com\/site\/wp-content\/uploads\/2024\/04\/11560457_object-300x300.jpg 300w, https:\/\/mueblesitalianos.com\/site\/wp-content\/uploads\/2024\/04\/11560457_object-150x150.jpg 150w, https:\/\/mueblesitalianos.com\/site\/wp-content\/uploads\/2024\/04\/11560457_object-100x100.jpg 100w, https:\/\/mueblesitalianos.com\/site\/wp-content\/uploads\/2024\/04\/11560457_object-50x50.jpg 50w\" sizes=\"(max-width: 350px) 100vw, 350px\" \/><\/a><h2 class=\"woocommerce-loop-product__title\">Butaca Giratoria Fjord Armchair<\/h2><div class=\"eael-star-rating star-rating\"><span style=\"width:0%\">Rated <strong class=\"rating\">0<\/strong> out of 5<\/span><\/div><div class=\"eael-product-price\"><span class=\"woocommerce-Price-amount amount\"><bdi><span class=\"woocommerce-Price-currencySymbol\">&#36;<\/span>4,758.00<\/bdi><\/span><\/div>            <a href=\"?add-to-cart=3927\" data-quantity=\"1\" class=\"button product_type_simple add_to_cart_button ajax_add_to_cart\" data-product_id=\"3927\" data-product_sku=\"\" aria-label=\"Add to cart: &ldquo;Butaca Giratoria Fjord Armchair&rdquo;\" aria-describedby=\"\" rel=\"nofollow\">Add to cart<\/a>            <\/div>\n        <\/li>\n        <\/ul>            <div class=\"eael-load-more-button-wrap\">\n                <button class=\"eael-load-more-button\" id=\"eael-load-more-btn-3fe47ad\" data-widget-id=\"3fe47ad\" data-widget=\"3fe47ad\" data-page-id=\"3947\" data-template=\"{&quot;dir&quot;:&quot;lite&quot;,&quot;file_name&quot;:&quot;default.php&quot;,&quot;name&quot;:&quot;Woo-Product-Gallery&quot;}\" data-class=\"Essential_Addons_Elementor\\Elements\\Woo_Product_Gallery\" data-layout=\"grid\" data-page=\"1\" data-args=\"post_type=product&amp;post_status%5B0%5D=publish&amp;post_status%5B1%5D=pending&amp;post_status%5B2%5D=future&amp;posts_per_page=3&amp;order=desc&amp;offset=0&amp;tax_query%5Brelation%5D=AND&amp;tax_query%5B0%5D%5Btaxonomy%5D=product_visibility&amp;tax_query%5B0%5D%5Bfield%5D=name&amp;tax_query%5B0%5D%5Bterms%5D%5B0%5D=exclude-from-search&amp;tax_query%5B0%5D%5Bterms%5D%5B1%5D=exclude-from-catalog&amp;tax_query%5B0%5D%5Boperator%5D=NOT+IN&amp;tax_query%5B1%5D%5Brelation%5D=OR&amp;tax_query%5B1%5D%5B0%5D%5Btaxonomy%5D=product_cat&amp;tax_query%5B1%5D%5B0%5D%5Bfield%5D=term_id&amp;tax_query%5B1%5D%5B0%5D%5Bterms%5D=99&amp;tax_query%5B1%5D%5B0%5D%5Boperator%5D=IN&amp;orderby=date&amp;meta_query%5Brelation%5D=AND&amp;meta_query%5B0%5D%5Bkey%5D=_stock_status&amp;meta_query%5B0%5D%5Bvalue%5D=instock&amp;found_posts=9\" data-max-page=\"3\">\n                    <span class=\"eael-btn-loader button__loader\"><\/span>\n                    <span class=\"eael_load_more_text\">Cargar m\u00e1s<\/span>\n                <\/button>\n            <\/div>\n                        <\/div>\n        <\/div>\n        <script type=\"text\/javascript\">\n\t\t\tjQuery(document).ready(function ($) {\n\t\t\t\tvar $scope = jQuery(\".elementor-element-3fe47ad\");\n\t\t\t\tvar $products = $('.products', $scope);\n\t\t\t\tvar $layout_mode = $products.data('layout-mode');\n\n\t\t\t\tif ($layout_mode === 'masonry') {\n\t\t\t\t\t\/\/ init isotope\n\t\t\t\t\tvar $isotope_products = $products.isotope({\n\t\t\t\t\t\t                                          itemSelector: \"li.product\",\n\t\t\t\t\t\t                                          layoutMode: $layout_mode,\n\t\t\t\t\t\t                                          percentPosition: true\n\t\t\t\t\t                                          });\n\n\t\t\t\t\t$isotope_products.imagesLoaded().progress(function () {\n\t\t\t\t\t\t$isotope_products.isotope('layout');\n\t\t\t\t\t})\n\n\t\t\t\t\t$(window).on('resize', function () {\n\t\t\t\t\t\t$isotope_products.isotope('layout');\n\t\t\t\t\t});\n\t\t\t\t}\n\t\t\t});\n        <\/script>\n\t\t\t\t<\/div>\n\t\t\t\t<\/div>\n\t\t\t\t<div class=\"elementor-element elementor-element-5f56c78 elementor-widget elementor-widget-spacer\" data-id=\"5f56c78\" data-element_type=\"widget\" data-widget_type=\"spacer.default\">\n\t\t\t\t<div class=\"elementor-widget-container\">\n\t\t\t\t\t<div class=\"elementor-spacer\">\n\t\t\t<div class=\"elementor-spacer-inner\"><\/div>\n\t\t<\/div>\n\t\t\t\t<\/div>\n\t\t\t\t<\/div>\n\t\t\t\t\t<\/div>\n\t\t<\/div>\n\t\t\t\t\t<\/div>\n\t\t<\/section>\n\t\t\t\t<\/div>\n\t\t","protected":false},"excerpt":{"rendered":"<p>MOROSO COLLECTION Moroso es el proveedor oficial del\u00a0\u00e1rea exclusiva principal\u00a0de las Nitto ATP Finals 2023, el formato Hospitality de la Federaci\u00f3n Italiana de Tenis y P\u00e1del dise\u00f1ado para recibir a los invitados internacionales de la ATP (Asociaci\u00f3n de Profesionales del Tenis), Deporte y Salud y de la federaci\u00f3n italiana. s\u00ed mismo. Dentro de los espacios [&hellip;]<\/p>\n","protected":false},"author":1,"featured_media":0,"parent":0,"menu_order":0,"comment_status":"closed","ping_status":"closed","template":"elementor_canvas","meta":{"_joinchat":[],"footnotes":""},"class_list":["post-3947","page","type-page","status-publish","hentry"],"aioseo_notices":[],"_links":{"self":[{"href":"https:\/\/mueblesitalianos.com\/site\/wp-json\/wp\/v2\/pages\/3947","targetHints":{"allow":["GET"]}}],"collection":[{"href":"https:\/\/mueblesitalianos.com\/site\/wp-json\/wp\/v2\/pages"}],"about":[{"href":"https:\/\/mueblesitalianos.com\/site\/wp-json\/wp\/v2\/types\/page"}],"author":[{"embeddable":true,"href":"https:\/\/mueblesitalianos.com\/site\/wp-json\/wp\/v2\/users\/1"}],"replies":[{"embeddable":true,"href":"https:\/\/mueblesitalianos.com\/site\/wp-json\/wp\/v2\/comments?post=3947"}],"version-history":[{"count":10,"href":"https:\/\/mueblesitalianos.com\/site\/wp-json\/wp\/v2\/pages\/3947\/revisions"}],"predecessor-version":[{"id":3960,"href":"https:\/\/mueblesitalianos.com\/site\/wp-json\/wp\/v2\/pages\/3947\/revisions\/3960"}],"wp:attachment":[{"href":"https:\/\/mueblesitalianos.com\/site\/wp-json\/wp\/v2\/media?parent=3947"}],"curies":[{"name":"wp","href":"https:\/\/api.w.org\/{rel}","templated":true}]}}