{"id":1022,"date":"2022-10-13T18:52:14","date_gmt":"2022-10-13T18:52:14","guid":{"rendered":"https:\/\/mueblesitalianos.com\/site\/?post_type=product&#038;p=1022"},"modified":"2022-11-17T02:09:28","modified_gmt":"2022-11-17T02:09:28","slug":"ron-ron","status":"publish","type":"product","link":"https:\/\/mueblesitalianos.com\/site\/producto\/ron-ron\/","title":{"rendered":"Ron Ron Puf"},"content":{"rendered":"<p>Ron Ron es, a todos los efectos, un animal de compa\u00f1\u00eda inanimado que puede mostrar mucho afecto y tener mucha, mucha compa\u00f1\u00eda. De ah\u00ed el nombre, que recuerda el sonido del ronroneo. Este puf\/no puf tiene un alma suave de espuma de poliuretano que est\u00e1 tapizada con una tela que se asemeja perfectamente a la piel suave. La apariencia zoomorfa se complementa con una cola: \u00a1cuidado de no tirar de ella, o Ron Ron se enfadar\u00e1!<\/p>\n","protected":false},"excerpt":{"rendered":"<p>TABURETE<\/p>\n","protected":false},"featured_media":1181,"template":"","meta":{"_joinchat":[]},"product_cat":[23],"product_tag":[],"class_list":{"0":"post-1022","1":"product","2":"type-product","3":"status-publish","4":"has-post-thumbnail","6":"product_cat-gufram-collection","8":"first","9":"outofstock","10":"shipping-taxable","11":"purchasable","12":"product-type-simple"},"aioseo_notices":[],"_links":{"self":[{"href":"https:\/\/mueblesitalianos.com\/site\/wp-json\/wp\/v2\/product\/1022","targetHints":{"allow":["GET"]}}],"collection":[{"href":"https:\/\/mueblesitalianos.com\/site\/wp-json\/wp\/v2\/product"}],"about":[{"href":"https:\/\/mueblesitalianos.com\/site\/wp-json\/wp\/v2\/types\/product"}],"wp:featuredmedia":[{"embeddable":true,"href":"https:\/\/mueblesitalianos.com\/site\/wp-json\/wp\/v2\/media\/1181"}],"wp:attachment":[{"href":"https:\/\/mueblesitalianos.com\/site\/wp-json\/wp\/v2\/media?parent=1022"}],"wp:term":[{"taxonomy":"product_cat","embeddable":true,"href":"https:\/\/mueblesitalianos.com\/site\/wp-json\/wp\/v2\/product_cat?post=1022"},{"taxonomy":"product_tag","embeddable":true,"href":"https:\/\/mueblesitalianos.com\/site\/wp-json\/wp\/v2\/product_tag?post=1022"}],"curies":[{"name":"wp","href":"https:\/\/api.w.org\/{rel}","templated":true}]}}