{"id":1026,"date":"2022-10-13T18:58:37","date_gmt":"2022-10-13T18:58:37","guid":{"rendered":"https:\/\/mueblesitalianos.com\/site\/?post_type=product&#038;p=1026"},"modified":"2022-11-17T02:09:15","modified_gmt":"2022-11-17T02:09:15","slug":"bocca","status":"publish","type":"product","link":"https:\/\/mueblesitalianos.com\/site\/producto\/bocca\/","title":{"rendered":"Bocca Sofa"},"content":{"rendered":"<p>Este sof\u00e1 sensual, ideal para un t\u00eate-\u00e0-t\u00eate, ahora forma parte del imaginario colectivo al igual que las obras de Andy Warhol y otras obras maestras del arte pop. Despu\u00e9s de ser exhibido en los museos m\u00e1s importantes del mundo, incluido el Museo de Artes y Ciencias Aplicadas de Sydney, el Museo del Dise\u00f1o de Munich y el MAK de Viena, hoy se crean 25 nuevas identidades, capaces de animar innumerables vidas nuevas. Es una escultura dom\u00e9stica que puede habitar tanto el espacio privado como el p\u00fablico con la misma soltura, ya que responde a los requerimientos espec\u00edficos del contrato a trav\u00e9s de su renovada versatilidad.<\/p>\n","protected":false},"excerpt":{"rendered":"<p>SOFA<\/p>\n","protected":false},"featured_media":1174,"template":"","meta":{"_joinchat":[]},"product_cat":[23],"product_tag":[],"class_list":{"0":"post-1026","1":"product","2":"type-product","3":"status-publish","4":"has-post-thumbnail","6":"product_cat-gufram-collection","7":"pa_color-green","8":"pa_color-ochre","9":"pa_color-red","10":"pa_color-white","11":"pa_color-yellow","13":"first","14":"outofstock","15":"shipping-taxable","16":"purchasable","17":"product-type-variable"},"aioseo_notices":[],"_links":{"self":[{"href":"https:\/\/mueblesitalianos.com\/site\/wp-json\/wp\/v2\/product\/1026","targetHints":{"allow":["GET"]}}],"collection":[{"href":"https:\/\/mueblesitalianos.com\/site\/wp-json\/wp\/v2\/product"}],"about":[{"href":"https:\/\/mueblesitalianos.com\/site\/wp-json\/wp\/v2\/types\/product"}],"wp:featuredmedia":[{"embeddable":true,"href":"https:\/\/mueblesitalianos.com\/site\/wp-json\/wp\/v2\/media\/1174"}],"wp:attachment":[{"href":"https:\/\/mueblesitalianos.com\/site\/wp-json\/wp\/v2\/media?parent=1026"}],"wp:term":[{"taxonomy":"product_cat","embeddable":true,"href":"https:\/\/mueblesitalianos.com\/site\/wp-json\/wp\/v2\/product_cat?post=1026"},{"taxonomy":"product_tag","embeddable":true,"href":"https:\/\/mueblesitalianos.com\/site\/wp-json\/wp\/v2\/product_tag?post=1026"}],"curies":[{"name":"wp","href":"https:\/\/api.w.org\/{rel}","templated":true}]}}