{"id":1036,"date":"2022-11-17T16:45:22","date_gmt":"2022-11-17T16:45:22","guid":{"rendered":"https:\/\/mueblesitalianos.com\/site\/?post_type=product&#038;p=1036"},"modified":"2023-01-17T19:45:54","modified_gmt":"2023-01-17T19:45:54","slug":"broken-square-mirror","status":"publish","type":"product","link":"https:\/\/mueblesitalianos.com\/site\/producto\/broken-square-mirror\/","title":{"rendered":"Broken Square Mirror"},"content":{"rendered":"<p>Broken Mirror es un espejo que no abandona su funci\u00f3n, sino que la enriquece y transforma, al convertirse en objeto de arte y traspasar los l\u00edmites de la correspondencia directa forma-funci\u00f3n. El proyecto nace del encuentro entre la voluntad de experimentar de Gufram, la marca m\u00e1s radical del dise\u00f1o italiano, y la inconfundible figura urban\u00edstica del d\u00fao neoyorquino Snarkitecture, que investiga los l\u00edmites entre el arte y la arquitectura con la misma curiosidad del primer italiano. dise\u00f1adores radicales de los a\u00f1os sesenta y setenta.<\/p>\n","protected":false},"excerpt":{"rendered":"<p>El marco de poliuretano<br \/>\ncrea un efecto \u00f3ptico alienante<br \/>\ny da vida a otra dimensi\u00f3n<\/p>\n","protected":false},"featured_media":1178,"template":"","meta":{"_joinchat":[]},"product_cat":[23],"product_tag":[],"class_list":{"0":"post-1036","1":"product","2":"type-product","3":"status-publish","4":"has-post-thumbnail","6":"product_cat-gufram-collection","8":"first","9":"outofstock","10":"shipping-taxable","11":"purchasable","12":"product-type-simple"},"aioseo_notices":[],"_links":{"self":[{"href":"https:\/\/mueblesitalianos.com\/site\/wp-json\/wp\/v2\/product\/1036","targetHints":{"allow":["GET"]}}],"collection":[{"href":"https:\/\/mueblesitalianos.com\/site\/wp-json\/wp\/v2\/product"}],"about":[{"href":"https:\/\/mueblesitalianos.com\/site\/wp-json\/wp\/v2\/types\/product"}],"wp:featuredmedia":[{"embeddable":true,"href":"https:\/\/mueblesitalianos.com\/site\/wp-json\/wp\/v2\/media\/1178"}],"wp:attachment":[{"href":"https:\/\/mueblesitalianos.com\/site\/wp-json\/wp\/v2\/media?parent=1036"}],"wp:term":[{"taxonomy":"product_cat","embeddable":true,"href":"https:\/\/mueblesitalianos.com\/site\/wp-json\/wp\/v2\/product_cat?post=1036"},{"taxonomy":"product_tag","embeddable":true,"href":"https:\/\/mueblesitalianos.com\/site\/wp-json\/wp\/v2\/product_tag?post=1036"}],"curies":[{"name":"wp","href":"https:\/\/api.w.org\/{rel}","templated":true}]}}