{"id":1044,"date":"2022-11-17T16:47:30","date_gmt":"2022-11-17T16:47:30","guid":{"rendered":"https:\/\/mueblesitalianos.com\/site\/?post_type=product&#038;p=1044"},"modified":"2023-01-17T19:45:32","modified_gmt":"2023-01-17T19:45:32","slug":"magritta-armchair","status":"publish","type":"product","link":"https:\/\/mueblesitalianos.com\/site\/producto\/magritta-armchair\/","title":{"rendered":"MagriTTA Armchair"},"content":{"rendered":"<p>MAgriTTA es una escultura-sill\u00f3n, homenaje al Surrealismo. La manzana verde y el bomb\u00edn negro, elementos figurativos recurrentes en la obra de Ren\u00e9 Magritte, son ensamblados por la imaginaci\u00f3n visionaria de Sebasti\u00e1n Matta en un nuevo asiento, realizado en espuma de poliuretano y tapizado con lana boucl\u00e9. Adem\u00e1s de la versi\u00f3n cl\u00e1sica con tapicer\u00eda verde, Gufram tambi\u00e9n colorea MAgriTTA en amarillo y rojo, a\u00f1adiendo MAgriTTA Rouge y MAgriTTA Jaune al cat\u00e1logo.<\/p>\n","protected":false},"excerpt":{"rendered":"<p>Es un claro homenaje al Surrealismo<br \/>\ny su creador, Ren\u00e9 Magritte<\/p>\n","protected":false},"featured_media":1177,"template":"","meta":{"_joinchat":[]},"product_cat":[23],"product_tag":[],"class_list":{"0":"post-1044","1":"product","2":"type-product","3":"status-publish","4":"has-post-thumbnail","6":"product_cat-gufram-collection","8":"first","9":"outofstock","10":"shipping-taxable","11":"purchasable","12":"product-type-simple"},"aioseo_notices":[],"_links":{"self":[{"href":"https:\/\/mueblesitalianos.com\/site\/wp-json\/wp\/v2\/product\/1044","targetHints":{"allow":["GET"]}}],"collection":[{"href":"https:\/\/mueblesitalianos.com\/site\/wp-json\/wp\/v2\/product"}],"about":[{"href":"https:\/\/mueblesitalianos.com\/site\/wp-json\/wp\/v2\/types\/product"}],"wp:featuredmedia":[{"embeddable":true,"href":"https:\/\/mueblesitalianos.com\/site\/wp-json\/wp\/v2\/media\/1177"}],"wp:attachment":[{"href":"https:\/\/mueblesitalianos.com\/site\/wp-json\/wp\/v2\/media?parent=1044"}],"wp:term":[{"taxonomy":"product_cat","embeddable":true,"href":"https:\/\/mueblesitalianos.com\/site\/wp-json\/wp\/v2\/product_cat?post=1044"},{"taxonomy":"product_tag","embeddable":true,"href":"https:\/\/mueblesitalianos.com\/site\/wp-json\/wp\/v2\/product_tag?post=1044"}],"curies":[{"name":"wp","href":"https:\/\/api.w.org\/{rel}","templated":true}]}}