{"id":1051,"date":"2022-11-17T05:15:29","date_gmt":"2022-11-17T05:15:29","guid":{"rendered":"https:\/\/mueblesitalianos.com\/site\/?post_type=product&#038;p=1051"},"modified":"2023-11-06T17:10:17","modified_gmt":"2023-11-06T17:10:17","slug":"jolly-roger-pirate","status":"publish","type":"product","link":"https:\/\/mueblesitalianos.com\/site\/producto\/jolly-roger-pirate\/","title":{"rendered":"Jolly Roger Pirate"},"content":{"rendered":"<p>Jolly Roger, en consonancia con la actitud que une todos los productos de Gufram, es un sill\u00f3n que representa un gesto de reivindicaci\u00f3n de la libertad; es sin\u00f3nimo de independencia intelectual que sigue un camino valiente, y se aleja de los \u00e1ridos tipos estandarizados de proyectos de interiorismo.<\/p>\n","protected":false},"excerpt":{"rendered":"<p>Armchair 74x85cm<\/p>\n","protected":false},"featured_media":1179,"template":"","meta":{"_joinchat":[]},"product_cat":[23],"product_tag":[],"class_list":{"0":"post-1051","1":"product","2":"type-product","3":"status-publish","4":"has-post-thumbnail","6":"product_cat-gufram-collection","7":"pa_color-black","8":"pa_color-white","10":"first","11":"instock","12":"shipping-taxable","13":"purchasable","14":"product-type-variable"},"aioseo_notices":[],"_links":{"self":[{"href":"https:\/\/mueblesitalianos.com\/site\/wp-json\/wp\/v2\/product\/1051","targetHints":{"allow":["GET"]}}],"collection":[{"href":"https:\/\/mueblesitalianos.com\/site\/wp-json\/wp\/v2\/product"}],"about":[{"href":"https:\/\/mueblesitalianos.com\/site\/wp-json\/wp\/v2\/types\/product"}],"wp:featuredmedia":[{"embeddable":true,"href":"https:\/\/mueblesitalianos.com\/site\/wp-json\/wp\/v2\/media\/1179"}],"wp:attachment":[{"href":"https:\/\/mueblesitalianos.com\/site\/wp-json\/wp\/v2\/media?parent=1051"}],"wp:term":[{"taxonomy":"product_cat","embeddable":true,"href":"https:\/\/mueblesitalianos.com\/site\/wp-json\/wp\/v2\/product_cat?post=1051"},{"taxonomy":"product_tag","embeddable":true,"href":"https:\/\/mueblesitalianos.com\/site\/wp-json\/wp\/v2\/product_tag?post=1051"}],"curies":[{"name":"wp","href":"https:\/\/api.w.org\/{rel}","templated":true}]}}