{"id":1058,"date":"2022-11-17T16:49:42","date_gmt":"2022-11-17T16:49:42","guid":{"rendered":"https:\/\/mueblesitalianos.com\/site\/?post_type=product&#038;p=1058"},"modified":"2023-10-28T05:15:35","modified_gmt":"2023-10-28T05:15:35","slug":"the-end-table","status":"publish","type":"product","link":"https:\/\/mueblesitalianos.com\/site\/producto\/the-end-table\/","title":{"rendered":"The End Table"},"content":{"rendered":"<pre id=\"tw-target-text\" class=\"tw-data-text tw-text-large tw-ta\" dir=\"ltr\" data-placeholder=\"Traducci\u00f3n\"><span class=\"Y2IQFc\" lang=\"es\">Asiento de poliuretano blando, acabado y decorado con Guflac<\/span><\/pre>\n<p>En cualquier caso, nunca nadie ha sido capaz de entender realmente la misi\u00f3n de la empresa de dise\u00f1o de interiores. Todos criticaron la ambig\u00fcedad de sus sillones reclinables, que en realidad no son esculturas, ya que al final conservan su funci\u00f3n, aunque latente. Hab\u00eda demasiadas personas envidiosas maldiciendo la incomprensibilidad de ciertos productos que, despu\u00e9s de todo, parecen enormes chucher\u00edas. \u00bfY esa multitud de embarradores que siempre la han mirado con recelo y la han acusado de divulgar la perversa y blasfema palabra del antidise\u00f1o? Era hora de decir alto. Era un estr\u00e9s insoportable para una marca como Gufram que, a trav\u00e9s de sus iconos pop, siempre hab\u00eda querido dar la oportunidad a cualquiera de alimentar su imaginaci\u00f3n dentro de su casa, realizando piezas un poco m\u00e1s originales de lo habitual con obras de colores. Mobiliario fresco, vivo, ir\u00f3nico y divertido. As\u00ed que era necesario planificar una salida definitiva en un resplandor de gloria, llamando al ambiguo proyecto editorial, art\u00edstico, fotogr\u00e1fico (todav\u00eda es dif\u00edcil de entender) TOILETPAPER, formado por Maurizio Cattelan y Pierpaolo Ferrari, para celebrar los ritos funerarios. .<\/p>\n","protected":false},"excerpt":{"rendered":"<p>Asiento de poliuretano blando, acabado y decorado con Guflac\u00ae<\/p>\n","protected":false},"featured_media":1182,"template":"","meta":{"_joinchat":[]},"product_cat":[23],"product_tag":[],"class_list":{"0":"post-1058","1":"product","2":"type-product","3":"status-publish","4":"has-post-thumbnail","6":"product_cat-gufram-collection","8":"first","9":"instock","10":"shipping-taxable","11":"purchasable","12":"product-type-simple"},"aioseo_notices":[],"_links":{"self":[{"href":"https:\/\/mueblesitalianos.com\/site\/wp-json\/wp\/v2\/product\/1058","targetHints":{"allow":["GET"]}}],"collection":[{"href":"https:\/\/mueblesitalianos.com\/site\/wp-json\/wp\/v2\/product"}],"about":[{"href":"https:\/\/mueblesitalianos.com\/site\/wp-json\/wp\/v2\/types\/product"}],"wp:featuredmedia":[{"embeddable":true,"href":"https:\/\/mueblesitalianos.com\/site\/wp-json\/wp\/v2\/media\/1182"}],"wp:attachment":[{"href":"https:\/\/mueblesitalianos.com\/site\/wp-json\/wp\/v2\/media?parent=1058"}],"wp:term":[{"taxonomy":"product_cat","embeddable":true,"href":"https:\/\/mueblesitalianos.com\/site\/wp-json\/wp\/v2\/product_cat?post=1058"},{"taxonomy":"product_tag","embeddable":true,"href":"https:\/\/mueblesitalianos.com\/site\/wp-json\/wp\/v2\/product_tag?post=1058"}],"curies":[{"name":"wp","href":"https:\/\/api.w.org\/{rel}","templated":true}]}}