{"id":1061,"date":"2022-11-17T16:50:55","date_gmt":"2022-11-17T16:50:55","guid":{"rendered":"https:\/\/mueblesitalianos.com\/site\/?post_type=product&#038;p=1061"},"modified":"2023-10-28T05:15:24","modified_gmt":"2023-10-28T05:15:24","slug":"broken-mirror","status":"publish","type":"product","link":"https:\/\/mueblesitalianos.com\/site\/producto\/broken-mirror\/","title":{"rendered":"Broken Mirror"},"content":{"rendered":"<p>Broken Mirror es un espejo que no abandona su funci\u00f3n, sino que la enriquece y transforma, al convertirse en objeto de arte y traspasar los l\u00edmites de la correspondencia directa forma-funci\u00f3n. El proyecto nace del encuentro entre la voluntad de experimentar de Gufram, la marca m\u00e1s radical del dise\u00f1o italiano, y la inconfundible figura urban\u00edstica del d\u00fao neoyorquino Snarkitecture, que investiga los l\u00edmites entre el arte y la arquitectura con la misma curiosidad del primer italiano. dise\u00f1adores radicales de los a\u00f1os sesenta y setenta.<\/p>\n<p>La superficie reflectante est\u00e1 rodeada por un marco de poliuretano blando -una referencia directa al material de Gufram por excelencia- que tiene la forma de una ruptura en la pared, una grieta que refleja el espacio circundante y al mismo tiempo crea un efecto \u00f3ptico alienante, como si la habitaci\u00f3n se abr\u00eda al mundo exterior oa otro entorno.<\/p>\n","protected":false},"excerpt":{"rendered":"<p>Espejo con marco en poliuretano suave acabado a mano con Guflac\u00ae.<br \/>\n1.00m de ancho<br \/>\n2.00m de alto<\/p>\n","protected":false},"featured_media":1173,"template":"","meta":{"_joinchat":[]},"product_cat":[23],"product_tag":[],"class_list":{"0":"post-1061","1":"product","2":"type-product","3":"status-publish","4":"has-post-thumbnail","6":"product_cat-gufram-collection","8":"first","9":"instock","10":"shipping-taxable","11":"purchasable","12":"product-type-simple"},"aioseo_notices":[],"_links":{"self":[{"href":"https:\/\/mueblesitalianos.com\/site\/wp-json\/wp\/v2\/product\/1061","targetHints":{"allow":["GET"]}}],"collection":[{"href":"https:\/\/mueblesitalianos.com\/site\/wp-json\/wp\/v2\/product"}],"about":[{"href":"https:\/\/mueblesitalianos.com\/site\/wp-json\/wp\/v2\/types\/product"}],"wp:featuredmedia":[{"embeddable":true,"href":"https:\/\/mueblesitalianos.com\/site\/wp-json\/wp\/v2\/media\/1173"}],"wp:attachment":[{"href":"https:\/\/mueblesitalianos.com\/site\/wp-json\/wp\/v2\/media?parent=1061"}],"wp:term":[{"taxonomy":"product_cat","embeddable":true,"href":"https:\/\/mueblesitalianos.com\/site\/wp-json\/wp\/v2\/product_cat?post=1061"},{"taxonomy":"product_tag","embeddable":true,"href":"https:\/\/mueblesitalianos.com\/site\/wp-json\/wp\/v2\/product_tag?post=1061"}],"curies":[{"name":"wp","href":"https:\/\/api.w.org\/{rel}","templated":true}]}}