{"id":1065,"date":"2022-10-13T19:29:51","date_gmt":"2022-10-13T19:29:51","guid":{"rendered":"https:\/\/mueblesitalianos.com\/site\/?post_type=product&#038;p=1065"},"modified":"2023-10-28T02:34:56","modified_gmt":"2023-10-28T02:34:56","slug":"cucun-lamp","status":"publish","type":"product","link":"https:\/\/mueblesitalianos.com\/site\/producto\/cucun-lamp\/","title":{"rendered":"Cucun Lamp"},"content":{"rendered":"<p>Cucun es una gran l\u00e1mpara de pie inspirada en las formas simples y naturales de flores, vegetales y bulbos. La estructura particular en polietileno rotacional, con su textura superficial y sus nervaduras es un homenaje a algunos \u00edconos del dise\u00f1o italiano del siglo pasado. Su dise\u00f1o es ideal para crear efectos de luz suave. El cl\u00e1sico polvo de polietileno se mezcla con fibras de vidrio especiales que realzan las formas de la l\u00e1mpara de pie Cucun. Cucun es adecuado para decorar jardines y espacios exteriores. Gracias a su fuerte presencia decorativa, es ideal para amueblar tanto espacios dom\u00e9sticos como comerciales. Cucun est\u00e1 disponible con luz led blanca c\u00e1lida (3000K) o blanca fr\u00eda (4000K).<\/p>\n","protected":false},"excerpt":{"rendered":"<p>Cucun es una gran l\u00e1mpara de pie inspirada en las formas simples y naturales de flores, vegetales y bulbos. La estructura particular en polietileno rotacional, con su textura superficial y sus nervaduras es un homenaje a algunos \u00edconos del dise\u00f1o italiano del siglo pasado. Su dise\u00f1o es ideal para crear efectos de luz suave. El [&hellip;]<\/p>\n","protected":false},"featured_media":1189,"template":"","meta":{"_joinchat":[]},"product_cat":[17],"product_tag":[],"class_list":{"0":"post-1065","1":"product","2":"type-product","3":"status-publish","4":"has-post-thumbnail","6":"product_cat-slide-collection","8":"first","9":"instock","10":"shipping-taxable","11":"purchasable","12":"product-type-simple"},"aioseo_notices":[],"_links":{"self":[{"href":"https:\/\/mueblesitalianos.com\/site\/wp-json\/wp\/v2\/product\/1065","targetHints":{"allow":["GET"]}}],"collection":[{"href":"https:\/\/mueblesitalianos.com\/site\/wp-json\/wp\/v2\/product"}],"about":[{"href":"https:\/\/mueblesitalianos.com\/site\/wp-json\/wp\/v2\/types\/product"}],"wp:featuredmedia":[{"embeddable":true,"href":"https:\/\/mueblesitalianos.com\/site\/wp-json\/wp\/v2\/media\/1189"}],"wp:attachment":[{"href":"https:\/\/mueblesitalianos.com\/site\/wp-json\/wp\/v2\/media?parent=1065"}],"wp:term":[{"taxonomy":"product_cat","embeddable":true,"href":"https:\/\/mueblesitalianos.com\/site\/wp-json\/wp\/v2\/product_cat?post=1065"},{"taxonomy":"product_tag","embeddable":true,"href":"https:\/\/mueblesitalianos.com\/site\/wp-json\/wp\/v2\/product_tag?post=1065"}],"curies":[{"name":"wp","href":"https:\/\/api.w.org\/{rel}","templated":true}]}}