{"id":1068,"date":"2022-10-13T19:33:32","date_gmt":"2022-10-13T19:33:32","guid":{"rendered":"https:\/\/mueblesitalianos.com\/site\/?post_type=product&#038;p=1068"},"modified":"2023-10-28T03:26:50","modified_gmt":"2023-10-28T03:26:50","slug":"half-globo","status":"publish","type":"product","link":"https:\/\/mueblesitalianos.com\/site\/producto\/half-globo\/","title":{"rendered":"Half Globo 50"},"content":{"rendered":"<p>Globo es una familia de superventas de toda la producci\u00f3n de Slide: hace que la f\u00e1brica sea famosa en todo el mundo. Esta familia de l\u00e1mparas de pie est\u00e1 realizada en polietileno, con la tecnolog\u00eda de rotomoldeo. Su sencilla forma esf\u00e9rica crea atm\u00f3sferas m\u00e1gicas y sugerentes: es elegante, contempor\u00e1nea y de moda.<\/p>\n","protected":false},"excerpt":{"rendered":"<p>LAMP DIAM 60<\/p>\n","protected":false},"featured_media":1192,"template":"","meta":{"_joinchat":[]},"product_cat":[17],"product_tag":[],"class_list":{"0":"post-1068","1":"product","2":"type-product","3":"status-publish","4":"has-post-thumbnail","6":"product_cat-slide-collection","8":"first","9":"instock","10":"shipping-taxable","11":"purchasable","12":"product-type-simple"},"aioseo_notices":[],"_links":{"self":[{"href":"https:\/\/mueblesitalianos.com\/site\/wp-json\/wp\/v2\/product\/1068","targetHints":{"allow":["GET"]}}],"collection":[{"href":"https:\/\/mueblesitalianos.com\/site\/wp-json\/wp\/v2\/product"}],"about":[{"href":"https:\/\/mueblesitalianos.com\/site\/wp-json\/wp\/v2\/types\/product"}],"wp:featuredmedia":[{"embeddable":true,"href":"https:\/\/mueblesitalianos.com\/site\/wp-json\/wp\/v2\/media\/1192"}],"wp:attachment":[{"href":"https:\/\/mueblesitalianos.com\/site\/wp-json\/wp\/v2\/media?parent=1068"}],"wp:term":[{"taxonomy":"product_cat","embeddable":true,"href":"https:\/\/mueblesitalianos.com\/site\/wp-json\/wp\/v2\/product_cat?post=1068"},{"taxonomy":"product_tag","embeddable":true,"href":"https:\/\/mueblesitalianos.com\/site\/wp-json\/wp\/v2\/product_tag?post=1068"}],"curies":[{"name":"wp","href":"https:\/\/api.w.org\/{rel}","templated":true}]}}