{"id":1072,"date":"2022-10-13T19:41:45","date_gmt":"2022-10-13T19:41:45","guid":{"rendered":"https:\/\/mueblesitalianos.com\/site\/?post_type=product&#038;p=1072"},"modified":"2023-10-28T02:31:42","modified_gmt":"2023-10-28T02:31:42","slug":"murano-tige-lamp","status":"publish","type":"product","link":"https:\/\/mueblesitalianos.com\/site\/producto\/murano-tige-lamp\/","title":{"rendered":"Murano Tige Lamp"},"content":{"rendered":"<p>Nuestra producci\u00f3n industrial se encuentra con el arte de los maestros vidrieros: la elegancia del vidrio soplado se une a la sofisticaci\u00f3n del tige de lat\u00f3n satinado o aluminio lacado en blanco. Disponible en dos longitudes diferentes y dos di\u00e1metros de globo diferentes, Murano Tige enriquece la propuesta de Murano Collection, tambi\u00e9n disponible en versi\u00f3n de mesa y suspendida.<\/p>\n","protected":false},"excerpt":{"rendered":"<p>Nuestra producci\u00f3n industrial se encuentra con el arte de los maestros vidrieros:<\/p>\n","protected":false},"featured_media":1190,"template":"","meta":{"_joinchat":[]},"product_cat":[17],"product_tag":[],"class_list":{"0":"post-1072","1":"product","2":"type-product","3":"status-publish","4":"has-post-thumbnail","6":"product_cat-slide-collection","7":"pa_tamano-murano-tige-30","8":"pa_tamano-murano-tige-40","10":"first","11":"instock","12":"shipping-taxable","13":"purchasable","14":"product-type-variable"},"aioseo_notices":[],"_links":{"self":[{"href":"https:\/\/mueblesitalianos.com\/site\/wp-json\/wp\/v2\/product\/1072","targetHints":{"allow":["GET"]}}],"collection":[{"href":"https:\/\/mueblesitalianos.com\/site\/wp-json\/wp\/v2\/product"}],"about":[{"href":"https:\/\/mueblesitalianos.com\/site\/wp-json\/wp\/v2\/types\/product"}],"wp:featuredmedia":[{"embeddable":true,"href":"https:\/\/mueblesitalianos.com\/site\/wp-json\/wp\/v2\/media\/1190"}],"wp:attachment":[{"href":"https:\/\/mueblesitalianos.com\/site\/wp-json\/wp\/v2\/media?parent=1072"}],"wp:term":[{"taxonomy":"product_cat","embeddable":true,"href":"https:\/\/mueblesitalianos.com\/site\/wp-json\/wp\/v2\/product_cat?post=1072"},{"taxonomy":"product_tag","embeddable":true,"href":"https:\/\/mueblesitalianos.com\/site\/wp-json\/wp\/v2\/product_tag?post=1072"}],"curies":[{"name":"wp","href":"https:\/\/api.w.org\/{rel}","templated":true}]}}