{"id":1080,"date":"2022-10-13T19:43:01","date_gmt":"2022-10-13T19:43:01","guid":{"rendered":"https:\/\/mueblesitalianos.com\/site\/?post_type=product&#038;p=1080"},"modified":"2023-10-28T01:49:12","modified_gmt":"2023-10-28T01:49:12","slug":"mineral-tige-lamp","status":"publish","type":"product","link":"https:\/\/mueblesitalianos.com\/site\/producto\/mineral-tige-lamp\/","title":{"rendered":"Mineral Tige Lamp"},"content":{"rendered":"<p>La elegancia del m\u00e1rmol combinada con el acabado en lat\u00f3n crea una versi\u00f3n Mineral perfecta para espacios interiores. La pantalla de aspecto marm\u00f3reo, con vetas grises o rojas, hace juego con el pie disponible en dos longitudes diferentes y en lat\u00f3n o hierro pintado. La colecci\u00f3n \u201cTige\u201d se completa con las pantallas de las colecciones Murano y Globo. Mineral Tige es perfecto para crear ambientes refinados, tanto en monoelemento como en composiciones infinitas.<\/p>\n","protected":false},"excerpt":{"rendered":"<p>La elegancia del m\u00e1rmol combinada con el acabado en lat\u00f3n crea una versi\u00f3n Mineral perfecta para espacios interiores.<\/p>\n","protected":false},"featured_media":1190,"template":"","meta":{"_joinchat":[]},"product_cat":[17],"product_tag":[],"class_list":{"0":"post-1080","1":"product","2":"type-product","3":"status-publish","4":"has-post-thumbnail","6":"product_cat-slide-collection","7":"pa_tamano-murano-tige-30","8":"pa_tamano-murano-tige-40","10":"first","11":"instock","12":"shipping-taxable","13":"purchasable","14":"product-type-variable"},"aioseo_notices":[],"_links":{"self":[{"href":"https:\/\/mueblesitalianos.com\/site\/wp-json\/wp\/v2\/product\/1080","targetHints":{"allow":["GET"]}}],"collection":[{"href":"https:\/\/mueblesitalianos.com\/site\/wp-json\/wp\/v2\/product"}],"about":[{"href":"https:\/\/mueblesitalianos.com\/site\/wp-json\/wp\/v2\/types\/product"}],"wp:featuredmedia":[{"embeddable":true,"href":"https:\/\/mueblesitalianos.com\/site\/wp-json\/wp\/v2\/media\/1190"}],"wp:attachment":[{"href":"https:\/\/mueblesitalianos.com\/site\/wp-json\/wp\/v2\/media?parent=1080"}],"wp:term":[{"taxonomy":"product_cat","embeddable":true,"href":"https:\/\/mueblesitalianos.com\/site\/wp-json\/wp\/v2\/product_cat?post=1080"},{"taxonomy":"product_tag","embeddable":true,"href":"https:\/\/mueblesitalianos.com\/site\/wp-json\/wp\/v2\/product_tag?post=1080"}],"curies":[{"name":"wp","href":"https:\/\/api.w.org\/{rel}","templated":true}]}}