{"id":1083,"date":"2022-10-13T19:50:01","date_gmt":"2022-10-13T19:50:01","guid":{"rendered":"https:\/\/mueblesitalianos.com\/site\/?post_type=product&#038;p=1083"},"modified":"2023-10-28T01:45:40","modified_gmt":"2023-10-28T01:45:40","slug":"low-lita-lounge","status":"publish","type":"product","link":"https:\/\/mueblesitalianos.com\/site\/producto\/low-lita-lounge\/","title":{"rendered":"Low Lita Lounge"},"content":{"rendered":"<p>Low Lita Lounge es una chaise-longue que pertenece a la colecci\u00f3n Low Lita, creada por la famosa dise\u00f1adora italiana Paola Navone. El dise\u00f1o delgado del respaldo y del asiento combina perfectamente con las cuatro enormes patas que lo sostienen y dan estabilidad a Low Lita Lounge. El chaise-lounge de dise\u00f1o rinde homenaje a los t\u00edpicos asientos africanos, pero el polietileno le da contemporaneidad y alegr\u00eda al producto. Low Lita Lounge evoca comodidad y relax, como toda la colecci\u00f3n Low Lita. Para Low Lita Lounge, est\u00e1n disponibles suaves cojines en tejido impermeable.<\/p>\n","protected":false},"excerpt":{"rendered":"<p>creada por la famosa dise\u00f1adora italiana Paola Navone.<\/p>\n","protected":false},"featured_media":1193,"template":"","meta":{"_joinchat":[]},"product_cat":[17],"product_tag":[],"class_list":{"0":"post-1083","1":"product","2":"type-product","3":"status-publish","4":"has-post-thumbnail","6":"product_cat-slide-collection","8":"first","9":"instock","10":"shipping-taxable","11":"purchasable","12":"product-type-simple"},"aioseo_notices":[],"_links":{"self":[{"href":"https:\/\/mueblesitalianos.com\/site\/wp-json\/wp\/v2\/product\/1083","targetHints":{"allow":["GET"]}}],"collection":[{"href":"https:\/\/mueblesitalianos.com\/site\/wp-json\/wp\/v2\/product"}],"about":[{"href":"https:\/\/mueblesitalianos.com\/site\/wp-json\/wp\/v2\/types\/product"}],"wp:featuredmedia":[{"embeddable":true,"href":"https:\/\/mueblesitalianos.com\/site\/wp-json\/wp\/v2\/media\/1193"}],"wp:attachment":[{"href":"https:\/\/mueblesitalianos.com\/site\/wp-json\/wp\/v2\/media?parent=1083"}],"wp:term":[{"taxonomy":"product_cat","embeddable":true,"href":"https:\/\/mueblesitalianos.com\/site\/wp-json\/wp\/v2\/product_cat?post=1083"},{"taxonomy":"product_tag","embeddable":true,"href":"https:\/\/mueblesitalianos.com\/site\/wp-json\/wp\/v2\/product_tag?post=1083"}],"curies":[{"name":"wp","href":"https:\/\/api.w.org\/{rel}","templated":true}]}}