{"id":1091,"date":"2022-11-17T17:04:27","date_gmt":"2022-11-17T17:04:27","guid":{"rendered":"https:\/\/mueblesitalianos.com\/site\/?post_type=product&#038;p=1091"},"modified":"2023-10-28T00:41:30","modified_gmt":"2023-10-28T00:41:30","slug":"chubby-low","status":"publish","type":"product","link":"https:\/\/mueblesitalianos.com\/site\/producto\/chubby-low\/","title":{"rendered":"Chubby Low"},"content":{"rendered":"<p>Chubby Low pertenece a la familia de productos Chubby, creada por el famoso dise\u00f1ador Marcel Wanders. Es un reposapi\u00e9s con un dise\u00f1o original y lineal, que recuerda la forma maciza natural de una roca lisa. Chubby Low aumenta el ideal inicial de las exclusivas Crochet Chair, de las que solo quedan 20 en todo el mundo. El dise\u00f1o suave y curvil\u00edneo del reposapi\u00e9s recuerda el dise\u00f1o sinuoso y gordito del sill\u00f3n Chubby: es posible crear un mobiliario completo, con una apariencia de visi\u00f3n profunda y muy colorido.<\/p>\n","protected":false},"excerpt":{"rendered":"<p>El dise\u00f1o suave y curvil\u00edneo del reposapi\u00e9s recuerda el dise\u00f1o sinuoso y gordito del sill\u00f3n<\/p>\n","protected":false},"featured_media":2694,"template":"","meta":{"_joinchat":[]},"product_cat":[17],"product_tag":[],"class_list":{"0":"post-1091","1":"product","2":"type-product","3":"status-publish","4":"has-post-thumbnail","6":"product_cat-slide-collection","7":"pa_color-green","8":"pa_color-grey","9":"pa_color-white","11":"first","12":"instock","13":"shipping-taxable","14":"purchasable","15":"product-type-simple"},"aioseo_notices":[],"_links":{"self":[{"href":"https:\/\/mueblesitalianos.com\/site\/wp-json\/wp\/v2\/product\/1091","targetHints":{"allow":["GET"]}}],"collection":[{"href":"https:\/\/mueblesitalianos.com\/site\/wp-json\/wp\/v2\/product"}],"about":[{"href":"https:\/\/mueblesitalianos.com\/site\/wp-json\/wp\/v2\/types\/product"}],"wp:featuredmedia":[{"embeddable":true,"href":"https:\/\/mueblesitalianos.com\/site\/wp-json\/wp\/v2\/media\/2694"}],"wp:attachment":[{"href":"https:\/\/mueblesitalianos.com\/site\/wp-json\/wp\/v2\/media?parent=1091"}],"wp:term":[{"taxonomy":"product_cat","embeddable":true,"href":"https:\/\/mueblesitalianos.com\/site\/wp-json\/wp\/v2\/product_cat?post=1091"},{"taxonomy":"product_tag","embeddable":true,"href":"https:\/\/mueblesitalianos.com\/site\/wp-json\/wp\/v2\/product_tag?post=1091"}],"curies":[{"name":"wp","href":"https:\/\/api.w.org\/{rel}","templated":true}]}}