{"id":1098,"date":"2022-10-13T20:06:01","date_gmt":"2022-10-13T20:06:01","guid":{"rendered":"https:\/\/mueblesitalianos.com\/site\/?post_type=product&#038;p=1098"},"modified":"2022-11-17T17:20:47","modified_gmt":"2022-11-17T17:20:47","slug":"blos-low-table","status":"publish","type":"product","link":"https:\/\/mueblesitalianos.com\/site\/producto\/blos-low-table\/","title":{"rendered":"Blos Low Table"},"content":{"rendered":"<p>Blos Low Table dise\u00f1ada por Karim Rashid es la nueva creaci\u00f3n de la colecci\u00f3n Blos: una mesita peque\u00f1a y \u00fatil, con un dise\u00f1o que recuerda a toda la Familia Blos. Gracias a su forma informal y c\u00f3mica, Blos Low Table crea un mobiliario completo para todos los espacios interiores y exteriores, junto con el sill\u00f3n Blos y el sof\u00e1 Blossy. Es apta tanto para el \u00e1mbito dom\u00e9stico como para el contract. Simplemente volteando la Mesa Baja Blos, se puede transformar en un accesorio de decoraci\u00f3n funcional para usar como contenedor o revistero.<\/p>\n","protected":false},"excerpt":{"rendered":"<p>Simplemente volteando la Mesa Baja Blos, se puede transformar en un accesorio de decoraci\u00f3n funcional para usar como contenedor o revistero.<\/p>\n","protected":false},"featured_media":1187,"template":"","meta":{"_joinchat":[]},"product_cat":[17],"product_tag":[],"class_list":{"0":"post-1098","1":"product","2":"type-product","3":"status-publish","4":"has-post-thumbnail","6":"product_cat-slide-collection","8":"first","9":"outofstock","10":"shipping-taxable","11":"purchasable","12":"product-type-simple"},"aioseo_notices":[],"_links":{"self":[{"href":"https:\/\/mueblesitalianos.com\/site\/wp-json\/wp\/v2\/product\/1098","targetHints":{"allow":["GET"]}}],"collection":[{"href":"https:\/\/mueblesitalianos.com\/site\/wp-json\/wp\/v2\/product"}],"about":[{"href":"https:\/\/mueblesitalianos.com\/site\/wp-json\/wp\/v2\/types\/product"}],"wp:featuredmedia":[{"embeddable":true,"href":"https:\/\/mueblesitalianos.com\/site\/wp-json\/wp\/v2\/media\/1187"}],"wp:attachment":[{"href":"https:\/\/mueblesitalianos.com\/site\/wp-json\/wp\/v2\/media?parent=1098"}],"wp:term":[{"taxonomy":"product_cat","embeddable":true,"href":"https:\/\/mueblesitalianos.com\/site\/wp-json\/wp\/v2\/product_cat?post=1098"},{"taxonomy":"product_tag","embeddable":true,"href":"https:\/\/mueblesitalianos.com\/site\/wp-json\/wp\/v2\/product_tag?post=1098"}],"curies":[{"name":"wp","href":"https:\/\/api.w.org\/{rel}","templated":true}]}}