{"id":1306,"date":"2022-10-21T14:13:02","date_gmt":"2022-10-21T14:13:02","guid":{"rendered":"https:\/\/mueblesitalianos.com\/site\/?post_type=product&#038;p=1306"},"modified":"2022-10-21T14:13:03","modified_gmt":"2022-10-21T14:13:03","slug":"eliot-keramik-round","status":"publish","type":"product","link":"https:\/\/mueblesitalianos.com\/site\/producto\/eliot-keramik-round\/","title":{"rendered":"ELIOT Keramik Round"},"content":{"rendered":"<p>Las mesas\u00a0<strong>Eliot<\/strong>\u00a0son la gama m\u00e1s completa de\u00a0<strong>mesas de comedor modernas<\/strong>\u00a0de Cattelan Italia. De hecho, es posible elegir entre m\u00faltiples materiales para el sobre y acabados para la base en acero. La mesa Eliot es un mueble que llama la atenci\u00f3n con suavidad, sin ser excesivo. Las patas en acero, que se desarrollan desde el centro deel sobre, forman una estructura firme pero ligera que alaba los materiales de excelente calidad. La mesa\u00a0<strong>Eliot<\/strong>, en la versi\u00f3n original dise\u00f1ada por Giorgio Cattelan, lleva un\u00a0<strong>encimera de m\u00e1rmol<\/strong>\u00a0o de cristal barnizado graphite. Este \u00faltimo tambi\u00e9n se realiza tambi\u00e9n en la versi\u00f3n\u00a0<strong>Eliot Drive<\/strong>\u00a0como\u00a0<strong>mesa de comedor extensible<\/strong>. Si se desea m\u00e1s finura,\u00a0<strong>Eliot Crystalart<\/strong>\u00a0con\u00a0<strong>encimera de cristal<\/strong>\u00a0est\u00e1 decorado por un estampado art\u00edstico, en dos colores. La misma t\u00e9cnica adorna la\u00a0<strong>mesa extensible de cristal Eliot Crystalar Drive<\/strong>. Por otro lado, la mesa\u00a0<strong>Eliot Wood<\/strong>\u00a0es m\u00e1s sencilla con una\u00a0<strong>encimera de madera<\/strong>\u00a0y bordes irregulares en macizo. En la versi\u00f3n extensible\u00a0<strong>Eliot Wood Drive<\/strong>\u00a0los bordes son regulares y obliquos. Para resultar m\u00e1s compacta incluso si se trata de una\u00a0<strong>mesa extensible de madera<\/strong>\u00a0de casi 3 metros de largo. La familia est\u00e0 enriquecida a\u00fan m\u00e1s por\u00a0<strong>Eliot Keramik<\/strong>\u00a0con sobre en cer\u00e1mica y la\u00a0<strong>mesa extensible Eliot Keramik Drive<\/strong>. Las mesas redondas con 3 patas de apoyo completan la gama:\u00a0<strong>Eliot Round<\/strong>\u00a0y\u00a0<strong>Eliot Round Keramik<\/strong>\u00a0con sobre de cer\u00e1mica.<\/p>\n","protected":false},"excerpt":{"rendered":"<p>Mesa con base en acero barnizado gofrado titanio<\/p>\n","protected":false},"featured_media":1307,"template":"","meta":{"_joinchat":[]},"product_cat":[21],"product_tag":[],"class_list":{"0":"post-1306","1":"product","2":"type-product","3":"status-publish","4":"has-post-thumbnail","6":"product_cat-cattelan-italia-collection","8":"first","9":"outofstock","10":"shipping-taxable","11":"purchasable","12":"product-type-simple"},"aioseo_notices":[],"_links":{"self":[{"href":"https:\/\/mueblesitalianos.com\/site\/wp-json\/wp\/v2\/product\/1306","targetHints":{"allow":["GET"]}}],"collection":[{"href":"https:\/\/mueblesitalianos.com\/site\/wp-json\/wp\/v2\/product"}],"about":[{"href":"https:\/\/mueblesitalianos.com\/site\/wp-json\/wp\/v2\/types\/product"}],"wp:featuredmedia":[{"embeddable":true,"href":"https:\/\/mueblesitalianos.com\/site\/wp-json\/wp\/v2\/media\/1307"}],"wp:attachment":[{"href":"https:\/\/mueblesitalianos.com\/site\/wp-json\/wp\/v2\/media?parent=1306"}],"wp:term":[{"taxonomy":"product_cat","embeddable":true,"href":"https:\/\/mueblesitalianos.com\/site\/wp-json\/wp\/v2\/product_cat?post=1306"},{"taxonomy":"product_tag","embeddable":true,"href":"https:\/\/mueblesitalianos.com\/site\/wp-json\/wp\/v2\/product_tag?post=1306"}],"curies":[{"name":"wp","href":"https:\/\/api.w.org\/{rel}","templated":true}]}}