{"id":1310,"date":"2022-10-21T14:25:14","date_gmt":"2022-10-21T14:25:14","guid":{"rendered":"https:\/\/mueblesitalianos.com\/site\/?post_type=product&#038;p=1310"},"modified":"2022-10-21T14:25:14","modified_gmt":"2022-10-21T14:25:14","slug":"gordon-outdoor","status":"publish","type":"product","link":"https:\/\/mueblesitalianos.com\/site\/producto\/gordon-outdoor\/","title":{"rendered":"Gordon Outdoor"},"content":{"rendered":"<p>La familia de\u00a0<strong>mesas modernas<\/strong>\u00a0<b>Gordon<\/b>, dise\u00f1adas por Giorgio Cattelan, se presenta como una conjunci\u00f3n de l\u00edneas geom\u00e9tricas que se mueven de forma aparentemente ca\u00f3tica, mientras que, por el contrario, orden y dise\u00f1o dan vida a una simetr\u00eda perfecta. Este juego es a\u00fan m\u00e1s evidente en el modelo de la\u00a0<strong>mesa redonda de vidrio<\/strong>, pero est\u00e1 disponible tambi\u00e9n de cer\u00e1mica, en la cual, a la vista desde arriba, es posible reconocer la forma de una estrella tridimensional. Las versiones\u00a0<b>Gordon<\/b>\u00a0y\u00a0<b>Gordon Crystalart<\/b>\u00a0presentan ambas un sobre de cristal; la segunda se realza gracias a un grabado art\u00edstico decorativo. Adem\u00e1s, se realizan las variantes\u00a0<b>Gordon Deep Wood<\/b>\u00a0de madera maciza con bordes irregulares de gran robustez e imponencia, o bien,\u00a0<b>Gordon Keramik<\/b>\u00a0de cer\u00e1mica Marmi, de numerosos tonos elegantes. Por \u00faltimo, la\u00a0<strong>mesa moderna de exterior\u00a0<\/strong><b>Gordon Outdoor<\/b>\u00a0decora un patio o una terraza con elegancia y distinci\u00f3n.<\/p>\n","protected":false},"excerpt":{"rendered":"<p>Mesa apta para uso exterior con base en acero barnizado gofrado titanio<\/p>\n","protected":false},"featured_media":1313,"template":"","meta":{"_joinchat":[]},"product_cat":[21],"product_tag":[],"class_list":{"0":"post-1310","1":"product","2":"type-product","3":"status-publish","4":"has-post-thumbnail","6":"product_cat-cattelan-italia-collection","8":"first","9":"outofstock","10":"shipping-taxable","11":"purchasable","12":"product-type-simple"},"aioseo_notices":[],"_links":{"self":[{"href":"https:\/\/mueblesitalianos.com\/site\/wp-json\/wp\/v2\/product\/1310","targetHints":{"allow":["GET"]}}],"collection":[{"href":"https:\/\/mueblesitalianos.com\/site\/wp-json\/wp\/v2\/product"}],"about":[{"href":"https:\/\/mueblesitalianos.com\/site\/wp-json\/wp\/v2\/types\/product"}],"wp:featuredmedia":[{"embeddable":true,"href":"https:\/\/mueblesitalianos.com\/site\/wp-json\/wp\/v2\/media\/1313"}],"wp:attachment":[{"href":"https:\/\/mueblesitalianos.com\/site\/wp-json\/wp\/v2\/media?parent=1310"}],"wp:term":[{"taxonomy":"product_cat","embeddable":true,"href":"https:\/\/mueblesitalianos.com\/site\/wp-json\/wp\/v2\/product_cat?post=1310"},{"taxonomy":"product_tag","embeddable":true,"href":"https:\/\/mueblesitalianos.com\/site\/wp-json\/wp\/v2\/product_tag?post=1310"}],"curies":[{"name":"wp","href":"https:\/\/api.w.org\/{rel}","templated":true}]}}