{"id":1315,"date":"2022-10-21T14:33:08","date_gmt":"2022-10-21T14:33:08","guid":{"rendered":"https:\/\/mueblesitalianos.com\/site\/?post_type=product&#038;p=1315"},"modified":"2022-10-21T14:33:08","modified_gmt":"2022-10-21T14:33:08","slug":"clarion-desk","status":"publish","type":"product","link":"https:\/\/mueblesitalianos.com\/site\/producto\/clarion-desk\/","title":{"rendered":"Clarion Desk"},"content":{"rendered":"<p>El\u00a0<strong>escritorio moderno<\/strong>\u00a0<b>Clarion<\/b>, ideado por Andrea Lucatello, es adecuado para decorar una\u00a0<strong>oficina en casa<\/strong>\u00a0o un rinc\u00f3n de lectura, gracias a su tama\u00f1o reducido. Se caracteriza por l\u00edneas geom\u00e9tricas y una forma trapezoidal, el\u00a0<strong>escritorio de dise\u00f1o<\/strong>\u00a0Clarion cuenta con un caj\u00f3n extra\u00edble de acero, combinado con delgadas patas, que crea un desnivel con el refinado sobre de madera.<\/p>\n","protected":false},"excerpt":{"rendered":"<p>Escritorio con caj\u00f3n. Estructura en acero barnizado gofrado graphite<\/p>\n","protected":false},"featured_media":1316,"template":"","meta":{"_joinchat":[]},"product_cat":[21],"product_tag":[],"class_list":{"0":"post-1315","1":"product","2":"type-product","3":"status-publish","4":"has-post-thumbnail","6":"product_cat-cattelan-italia-collection","8":"first","9":"outofstock","10":"shipping-taxable","11":"purchasable","12":"product-type-simple"},"aioseo_notices":[],"_links":{"self":[{"href":"https:\/\/mueblesitalianos.com\/site\/wp-json\/wp\/v2\/product\/1315","targetHints":{"allow":["GET"]}}],"collection":[{"href":"https:\/\/mueblesitalianos.com\/site\/wp-json\/wp\/v2\/product"}],"about":[{"href":"https:\/\/mueblesitalianos.com\/site\/wp-json\/wp\/v2\/types\/product"}],"wp:featuredmedia":[{"embeddable":true,"href":"https:\/\/mueblesitalianos.com\/site\/wp-json\/wp\/v2\/media\/1316"}],"wp:attachment":[{"href":"https:\/\/mueblesitalianos.com\/site\/wp-json\/wp\/v2\/media?parent=1315"}],"wp:term":[{"taxonomy":"product_cat","embeddable":true,"href":"https:\/\/mueblesitalianos.com\/site\/wp-json\/wp\/v2\/product_cat?post=1315"},{"taxonomy":"product_tag","embeddable":true,"href":"https:\/\/mueblesitalianos.com\/site\/wp-json\/wp\/v2\/product_tag?post=1315"}],"curies":[{"name":"wp","href":"https:\/\/api.w.org\/{rel}","templated":true}]}}