{"id":1321,"date":"2022-10-21T14:37:32","date_gmt":"2022-10-21T14:37:32","guid":{"rendered":"https:\/\/mueblesitalianos.com\/site\/?post_type=product&#038;p=1321"},"modified":"2022-10-21T14:37:32","modified_gmt":"2022-10-21T14:37:32","slug":"vega-desk","status":"publish","type":"product","link":"https:\/\/mueblesitalianos.com\/site\/producto\/vega-desk\/","title":{"rendered":"Vega Desk"},"content":{"rendered":"<p><b>Vega<\/b>\u00a0es un espl\u00e9ndido\u00a0<strong>escritorio de oficina<\/strong>\u00a0dise\u00f1ado por Giorgio Cattelan. Puede embellecerse gracias a algunos pr\u00e1cticos accesorios que lo convierten en un sistema de oficina funcional, como as\u00ed tambi\u00e9n en un elegante\u00a0<strong>escritorio ejecutivo moderno<\/strong>. La estructura puede ser de acero inoxidable, o bien, estar revestida de refinados tipos de madera, mientras que el interior est\u00e1 pintado de grafito opaco. Una alfombrilla de cuero disponible de diferentes y refinados colores, completa el sobre, de manera que resulte confortable y elegante. Vega puede equiparse con un d\u00e1ctilo, transform\u00e1ndose de esta manera en un\u00a0<strong>escritorio en L<\/strong>\u00a0en dos niveles. Esta extensi\u00f3n se apoya en una pr\u00e1ctica\u00a0<strong>cajonera sobre ruedas<\/strong>, que permite acercar el d\u00e1ctilo seg\u00fan sea necesario. La cajonera es un pr\u00e1ctico opcional incluso para la versi\u00f3n est\u00e1ndar, sin d\u00e1ctilo, del\u00a0<strong>escritorio moderno<\/strong>\u00a0Vega. Los dos pr\u00e1cticos cajones se embellecen gracias a una aplicaci\u00f3n de refinado cuero en el frente.<\/p>\n","protected":false},"excerpt":{"rendered":"<p>Escritorio en acero inox brillo o revestido en nogal Canaletto<\/p>\n","protected":false},"featured_media":1322,"template":"","meta":{"_joinchat":[]},"product_cat":[21],"product_tag":[],"class_list":{"0":"post-1321","1":"product","2":"type-product","3":"status-publish","4":"has-post-thumbnail","6":"product_cat-cattelan-italia-collection","8":"first","9":"outofstock","10":"shipping-taxable","11":"purchasable","12":"product-type-simple"},"aioseo_notices":[],"_links":{"self":[{"href":"https:\/\/mueblesitalianos.com\/site\/wp-json\/wp\/v2\/product\/1321","targetHints":{"allow":["GET"]}}],"collection":[{"href":"https:\/\/mueblesitalianos.com\/site\/wp-json\/wp\/v2\/product"}],"about":[{"href":"https:\/\/mueblesitalianos.com\/site\/wp-json\/wp\/v2\/types\/product"}],"wp:featuredmedia":[{"embeddable":true,"href":"https:\/\/mueblesitalianos.com\/site\/wp-json\/wp\/v2\/media\/1322"}],"wp:attachment":[{"href":"https:\/\/mueblesitalianos.com\/site\/wp-json\/wp\/v2\/media?parent=1321"}],"wp:term":[{"taxonomy":"product_cat","embeddable":true,"href":"https:\/\/mueblesitalianos.com\/site\/wp-json\/wp\/v2\/product_cat?post=1321"},{"taxonomy":"product_tag","embeddable":true,"href":"https:\/\/mueblesitalianos.com\/site\/wp-json\/wp\/v2\/product_tag?post=1321"}],"curies":[{"name":"wp","href":"https:\/\/api.w.org\/{rel}","templated":true}]}}