{"id":1324,"date":"2022-10-21T14:39:31","date_gmt":"2022-10-21T14:39:31","guid":{"rendered":"https:\/\/mueblesitalianos.com\/site\/?post_type=product&#038;p=1324"},"modified":"2022-10-21T14:39:31","modified_gmt":"2022-10-21T14:39:31","slug":"atrium-keramik-consola","status":"publish","type":"product","link":"https:\/\/mueblesitalianos.com\/site\/producto\/atrium-keramik-consola\/","title":{"rendered":"Atrium Keramik Consola"},"content":{"rendered":"<p>La base de la cautivadora y pr\u00e1ctica\u00a0<strong>consola de cer\u00e1mica<\/strong>\u00a0<b>Atrium Keramik Consolle<\/b>\u00a0est\u00e1 formada por dos placas de cristal espejado couture, finamente elaboradas. La consola crea un juego de luces difusas, donde se reflejan los objetos y las fuentes de luz alrededor. El cristal est\u00e1 modelado con una t\u00e9cnica sin precedentes, que permite dar a la superficie un efecto tridimensional, como una colchadura en un tejido. Esta\u00a0<strong>consola moderna<\/strong>\u00a0est\u00e1 disponible con sobre a elecci\u00f3n entre numerosas y espectaculares tonalidades de cer\u00e1mica con efecto m\u00e1rmol. Atrium Keramik Consolle forma parte de la familia de mesas Atrium, la cual cuenta con numerosas versiones, para satisfacer las m\u00e1s variadas exigencias est\u00e9ticas y decorar de la mejor manera un\u00a0<strong>comedor moderno<\/strong>. Los sobres de las mesas de la l\u00ednea Atrium var\u00edan de la madera, a la cer\u00e1mica, y a\u00a0<strong>mesas redondas de madera<\/strong>\u00a0y cer\u00e1mica combinadas. Las numerosas y cautivadoras versiones disponibles son:\u00a0<b>Atrium Keramik<\/b>,\u00a0<b>Atrium Keramik Premium<\/b>,\u00a0<b>Atrium Keramik Round<\/b>,\u00a0<b>Atrium Keramik Premium Round<\/b>,\u00a0<b>Atrium Ker-Wood Round<\/b>,\u00a0<b>Atrium Wood<\/b>\u00a0y\u00a0<b>Atrium Wood Round<\/b>.<\/p>\n","protected":false},"excerpt":{"rendered":"<p>Consola con base en cristal curvado reflejado couture fum\u00e9 o bronce.<\/p>\n","protected":false},"featured_media":1325,"template":"","meta":{"_joinchat":[]},"product_cat":[21],"product_tag":[],"class_list":{"0":"post-1324","1":"product","2":"type-product","3":"status-publish","4":"has-post-thumbnail","6":"product_cat-cattelan-italia-collection","8":"first","9":"outofstock","10":"shipping-taxable","11":"purchasable","12":"product-type-simple"},"aioseo_notices":[],"_links":{"self":[{"href":"https:\/\/mueblesitalianos.com\/site\/wp-json\/wp\/v2\/product\/1324","targetHints":{"allow":["GET"]}}],"collection":[{"href":"https:\/\/mueblesitalianos.com\/site\/wp-json\/wp\/v2\/product"}],"about":[{"href":"https:\/\/mueblesitalianos.com\/site\/wp-json\/wp\/v2\/types\/product"}],"wp:featuredmedia":[{"embeddable":true,"href":"https:\/\/mueblesitalianos.com\/site\/wp-json\/wp\/v2\/media\/1325"}],"wp:attachment":[{"href":"https:\/\/mueblesitalianos.com\/site\/wp-json\/wp\/v2\/media?parent=1324"}],"wp:term":[{"taxonomy":"product_cat","embeddable":true,"href":"https:\/\/mueblesitalianos.com\/site\/wp-json\/wp\/v2\/product_cat?post=1324"},{"taxonomy":"product_tag","embeddable":true,"href":"https:\/\/mueblesitalianos.com\/site\/wp-json\/wp\/v2\/product_tag?post=1324"}],"curies":[{"name":"wp","href":"https:\/\/api.w.org\/{rel}","templated":true}]}}