{"id":1329,"date":"2022-10-21T14:43:44","date_gmt":"2022-10-21T14:43:44","guid":{"rendered":"https:\/\/mueblesitalianos.com\/site\/?post_type=product&#038;p=1329"},"modified":"2022-10-21T14:43:44","modified_gmt":"2022-10-21T14:43:44","slug":"monaco-consola","status":"publish","type":"product","link":"https:\/\/mueblesitalianos.com\/site\/producto\/monaco-consola\/","title":{"rendered":"Monaco Consola"},"content":{"rendered":"<p>La familia\u00a0<b>Monaco<\/b>, dise\u00f1ada por Giorgio Cattelan, est\u00e1 compuesta por una\u00a0<strong>consola de vidrio<\/strong>\u00a0y por una\u00a0<strong>mesa moderna<\/strong>. Se trata de muebles de dise\u00f1o sofisticado y elegante. La mesa Monaco y la\u00a0<strong>consola de dise\u00f1o de vidrio<\/strong>\u00a0que lleva el mismo nombre presentan una base escultural de madera o acero, con detalles de acero. Estos muebles son \u00fanicos, no solo por el dise\u00f1o original, sino sobre todo por los materiales de elevada calidad y por la atenci\u00f3n puesta en los detalles, que distingue a la elaboraci\u00f3n italiana.<\/p>\n","protected":false},"excerpt":{"rendered":"<p>Consola con base en nogal Canaletto (NC), roble ahumado<\/p>\n","protected":false},"featured_media":1330,"template":"","meta":{"_joinchat":[]},"product_cat":[21],"product_tag":[],"class_list":{"0":"post-1329","1":"product","2":"type-product","3":"status-publish","4":"has-post-thumbnail","6":"product_cat-cattelan-italia-collection","8":"first","9":"outofstock","10":"shipping-taxable","11":"purchasable","12":"product-type-simple"},"aioseo_notices":[],"_links":{"self":[{"href":"https:\/\/mueblesitalianos.com\/site\/wp-json\/wp\/v2\/product\/1329","targetHints":{"allow":["GET"]}}],"collection":[{"href":"https:\/\/mueblesitalianos.com\/site\/wp-json\/wp\/v2\/product"}],"about":[{"href":"https:\/\/mueblesitalianos.com\/site\/wp-json\/wp\/v2\/types\/product"}],"wp:featuredmedia":[{"embeddable":true,"href":"https:\/\/mueblesitalianos.com\/site\/wp-json\/wp\/v2\/media\/1330"}],"wp:attachment":[{"href":"https:\/\/mueblesitalianos.com\/site\/wp-json\/wp\/v2\/media?parent=1329"}],"wp:term":[{"taxonomy":"product_cat","embeddable":true,"href":"https:\/\/mueblesitalianos.com\/site\/wp-json\/wp\/v2\/product_cat?post=1329"},{"taxonomy":"product_tag","embeddable":true,"href":"https:\/\/mueblesitalianos.com\/site\/wp-json\/wp\/v2\/product_tag?post=1329"}],"curies":[{"name":"wp","href":"https:\/\/api.w.org\/{rel}","templated":true}]}}