{"id":1331,"date":"2022-10-21T14:46:08","date_gmt":"2022-10-21T14:46:08","guid":{"rendered":"https:\/\/mueblesitalianos.com\/site\/?post_type=product&#038;p=1331"},"modified":"2022-10-21T14:46:08","modified_gmt":"2022-10-21T14:46:08","slug":"rapa-nui-consola","status":"publish","type":"product","link":"https:\/\/mueblesitalianos.com\/site\/producto\/rapa-nui-consola\/","title":{"rendered":"Rapa Nui Consola"},"content":{"rendered":"<p>La\u00a0<strong>consola de madera<\/strong>\u00a0<b>Rapa Nui<\/b>\u00a0es una elegante combinaci\u00f3n entre una inspiraci\u00f3n que evoca la naturaleza y t\u00e9cnicas de elaboraci\u00f3n de excelencia. El sobre de refinada madera maciza parece apoyado en un precario equilibrio sobre la base irregular, formada por dos monolitos. Los bordes imprecisos de esta\u00a0<strong>consola moderna<\/strong>\u00a0crean un agradable efecto material al tacto y la acercan a\u00fan m\u00e1s a una est\u00e9tica inspirada en la naturaleza.<\/p>\n","protected":false},"excerpt":{"rendered":"<p>Consola con base en cemento pintado blanco o gris. Sobre en madera nogal Canaletto<\/p>\n","protected":false},"featured_media":1332,"template":"","meta":{"_joinchat":[]},"product_cat":[21],"product_tag":[],"class_list":{"0":"post-1331","1":"product","2":"type-product","3":"status-publish","4":"has-post-thumbnail","6":"product_cat-cattelan-italia-collection","8":"first","9":"outofstock","10":"shipping-taxable","11":"purchasable","12":"product-type-simple"},"aioseo_notices":[],"_links":{"self":[{"href":"https:\/\/mueblesitalianos.com\/site\/wp-json\/wp\/v2\/product\/1331","targetHints":{"allow":["GET"]}}],"collection":[{"href":"https:\/\/mueblesitalianos.com\/site\/wp-json\/wp\/v2\/product"}],"about":[{"href":"https:\/\/mueblesitalianos.com\/site\/wp-json\/wp\/v2\/types\/product"}],"wp:featuredmedia":[{"embeddable":true,"href":"https:\/\/mueblesitalianos.com\/site\/wp-json\/wp\/v2\/media\/1332"}],"wp:attachment":[{"href":"https:\/\/mueblesitalianos.com\/site\/wp-json\/wp\/v2\/media?parent=1331"}],"wp:term":[{"taxonomy":"product_cat","embeddable":true,"href":"https:\/\/mueblesitalianos.com\/site\/wp-json\/wp\/v2\/product_cat?post=1331"},{"taxonomy":"product_tag","embeddable":true,"href":"https:\/\/mueblesitalianos.com\/site\/wp-json\/wp\/v2\/product_tag?post=1331"}],"curies":[{"name":"wp","href":"https:\/\/api.w.org\/{rel}","templated":true}]}}