{"id":1336,"date":"2022-10-21T14:50:53","date_gmt":"2022-10-21T14:50:53","guid":{"rendered":"https:\/\/mueblesitalianos.com\/site\/?post_type=product&#038;p=1336"},"modified":"2022-10-21T14:50:53","modified_gmt":"2022-10-21T14:50:53","slug":"terminal-consola","status":"publish","type":"product","link":"https:\/\/mueblesitalianos.com\/site\/producto\/terminal-consola\/","title":{"rendered":"Terminal Consola"},"content":{"rendered":"<p>La\u00a0<strong>consola de dise\u00f1o<\/strong>\u00a0Terminal se adapta a diferentes espacios y necesidades, se puede utilizar como consola de entrada o en cualquier \u00e1ngulo de la casa. Terminal destaca por su dise\u00f1o finamente concebido, su calidad y su oferta de materias primas. La colecci\u00f3n incluye dos versiones de\u00a0<strong>consolas modernas<\/strong>\u00a0con sobre de madera:\u00a0<strong>Terminal<\/strong>\u00a0con borde irregular en macizo y\u00a0<strong>Terminal Wood-C<\/strong>\u00a0con perfil inferior redondeado barnizado.\u00a0<strong>Terminal Keramik Premium<\/strong>, en cambio, es un homenaje a las consolas con\u00a0<strong>encimera de m\u00e1rmol<\/strong>, disponible en varios matices exclusivos de cer\u00e1mica Marmi, valorados por el elegante borde en Brushed Bronze o Brushed Grey.\u00a0<b>Terminal Keramik Premium<\/b>\u00a0y\u00a0<b>Terminal Keramik Drive<\/b>, en cambio, representan un homenaje a las\u00a0<strong>consolas con sobre de m\u00e1rmol<\/strong>, disponibles en numerosas y exclusivas tonalidades. La primera se destaca por el elegante marco Brushed Bronze o Brushed Grey. Mientras que la segunda es una\u00a0<strong>mesa consola extensible<\/strong>\u00a0que, gracias a un ingenioso mecanismo de extensiones y soportes, alcanza los 2 metros de longitud, convirti\u00e9ndose en una magn\u00edfica mesa, lista para recibir a los invitados.<\/p>\n","protected":false},"excerpt":{"rendered":"<p>Consola con base en acero barnizado gofrado titanio<\/p>\n","protected":false},"featured_media":1337,"template":"","meta":{"_joinchat":[]},"product_cat":[21],"product_tag":[],"class_list":{"0":"post-1336","1":"product","2":"type-product","3":"status-publish","4":"has-post-thumbnail","6":"product_cat-cattelan-italia-collection","8":"first","9":"outofstock","10":"shipping-taxable","11":"purchasable","12":"product-type-simple"},"aioseo_notices":[],"_links":{"self":[{"href":"https:\/\/mueblesitalianos.com\/site\/wp-json\/wp\/v2\/product\/1336","targetHints":{"allow":["GET"]}}],"collection":[{"href":"https:\/\/mueblesitalianos.com\/site\/wp-json\/wp\/v2\/product"}],"about":[{"href":"https:\/\/mueblesitalianos.com\/site\/wp-json\/wp\/v2\/types\/product"}],"wp:featuredmedia":[{"embeddable":true,"href":"https:\/\/mueblesitalianos.com\/site\/wp-json\/wp\/v2\/media\/1337"}],"wp:attachment":[{"href":"https:\/\/mueblesitalianos.com\/site\/wp-json\/wp\/v2\/media?parent=1336"}],"wp:term":[{"taxonomy":"product_cat","embeddable":true,"href":"https:\/\/mueblesitalianos.com\/site\/wp-json\/wp\/v2\/product_cat?post=1336"},{"taxonomy":"product_tag","embeddable":true,"href":"https:\/\/mueblesitalianos.com\/site\/wp-json\/wp\/v2\/product_tag?post=1336"}],"curies":[{"name":"wp","href":"https:\/\/api.w.org\/{rel}","templated":true}]}}