{"id":1358,"date":"2022-10-25T18:24:14","date_gmt":"2022-10-25T18:24:14","guid":{"rendered":"https:\/\/mueblesitalianos.com\/site\/?post_type=product&#038;p=1358"},"modified":"2022-10-25T18:24:14","modified_gmt":"2022-10-25T18:24:14","slug":"chrishell-chair","status":"publish","type":"product","link":"https:\/\/mueblesitalianos.com\/site\/producto\/chrishell-chair\/","title":{"rendered":"Chrishell Chair"},"content":{"rendered":"<p>Las sillas\u00a0<b>Chris<\/b>\u00a0son una familia de\u00a0<strong>sillas modernas<\/strong>\u00a0con respaldo amplio y redondeado. Adem\u00e1s de la versi\u00f3n Chris con respaldo liso, forman parte de la l\u00ednea las sillas\u00a0<b>Chrishell<\/b>, que destacan a\u00fan m\u00e1s la redondez del bastidor gracias al dise\u00f1o de la colchadura que recuerda a una concha, en ingl\u00e9s\u00a0<i>shell<\/i>. En ambas\u00a0<strong>sillas de mesa modernas<\/strong>\u00a0Chris y Chrishell, se encuentran disponibles una versi\u00f3n con patas de madera, en la cual se destacan las vetas naturales del material, y otra versi\u00f3n con patas de acero, para una apariencia m\u00e1s longil\u00ednea y luminosa. Estas \u00faltimas,\u00a0<b>Chris ML<\/b>\u00a0y\u00a0<b>Chrishell ML<\/b>, cuentan con la ventaja de ser m\u00e1s f\u00e1cilmente manipulables y adecuadas para proyectos de\u00a0<strong>dise\u00f1o de interiores<\/strong>.<\/p>\n","protected":false},"excerpt":{"rendered":"<p>Silla con estructura en fresno natural (frN), fresno barnizado nogal Canaletto<\/p>\n","protected":false},"featured_media":1359,"template":"","meta":{"_joinchat":[]},"product_cat":[21],"product_tag":[],"class_list":{"0":"post-1358","1":"product","2":"type-product","3":"status-publish","4":"has-post-thumbnail","6":"product_cat-cattelan-italia-collection","8":"first","9":"outofstock","10":"shipping-taxable","11":"purchasable","12":"product-type-simple"},"aioseo_notices":[],"_links":{"self":[{"href":"https:\/\/mueblesitalianos.com\/site\/wp-json\/wp\/v2\/product\/1358","targetHints":{"allow":["GET"]}}],"collection":[{"href":"https:\/\/mueblesitalianos.com\/site\/wp-json\/wp\/v2\/product"}],"about":[{"href":"https:\/\/mueblesitalianos.com\/site\/wp-json\/wp\/v2\/types\/product"}],"wp:featuredmedia":[{"embeddable":true,"href":"https:\/\/mueblesitalianos.com\/site\/wp-json\/wp\/v2\/media\/1359"}],"wp:attachment":[{"href":"https:\/\/mueblesitalianos.com\/site\/wp-json\/wp\/v2\/media?parent=1358"}],"wp:term":[{"taxonomy":"product_cat","embeddable":true,"href":"https:\/\/mueblesitalianos.com\/site\/wp-json\/wp\/v2\/product_cat?post=1358"},{"taxonomy":"product_tag","embeddable":true,"href":"https:\/\/mueblesitalianos.com\/site\/wp-json\/wp\/v2\/product_tag?post=1358"}],"curies":[{"name":"wp","href":"https:\/\/api.w.org\/{rel}","templated":true}]}}