{"id":1361,"date":"2022-10-25T18:26:36","date_gmt":"2022-10-25T18:26:36","guid":{"rendered":"https:\/\/mueblesitalianos.com\/site\/?post_type=product&#038;p=1361"},"modified":"2022-10-25T18:26:36","modified_gmt":"2022-10-25T18:26:36","slug":"dumbo-chair","status":"publish","type":"product","link":"https:\/\/mueblesitalianos.com\/site\/producto\/dumbo-chair\/","title":{"rendered":"Dumbo Chair"},"content":{"rendered":"<p>La silla\u00a0<b>Dumbo<\/b>, realizada tambi\u00e9n en la versi\u00f3n taburete, es una silla de car\u00e1cter fuerte y decidido. La base de madera de gran espesor es el resultado del uso de materiales refinados y de la experimentada elaboraci\u00f3n de la manufactura italiana. Las vetas naturales de la madera se destacan por el contraste con el asiento acolchado y revestido con delicadas pieles o tejidos. Esta\u00a0<strong>silla de dise\u00f1o<\/strong>\u00a0permite equipar un comedor pero, a la vez, no pasa inadvertida si se la coloca de forma individual, como\u00a0<strong>silla de escritorio<\/strong>\u00a0o para completar un rinc\u00f3n de lectura decorativo.<\/p>\n","protected":false},"excerpt":{"rendered":"<p>Silla con estructura en fresno barnizado nogal Canaletto<\/p>\n","protected":false},"featured_media":1362,"template":"","meta":{"_joinchat":[]},"product_cat":[21],"product_tag":[],"class_list":{"0":"post-1361","1":"product","2":"type-product","3":"status-publish","4":"has-post-thumbnail","6":"product_cat-cattelan-italia-collection","8":"first","9":"outofstock","10":"shipping-taxable","11":"purchasable","12":"product-type-simple"},"aioseo_notices":[],"_links":{"self":[{"href":"https:\/\/mueblesitalianos.com\/site\/wp-json\/wp\/v2\/product\/1361","targetHints":{"allow":["GET"]}}],"collection":[{"href":"https:\/\/mueblesitalianos.com\/site\/wp-json\/wp\/v2\/product"}],"about":[{"href":"https:\/\/mueblesitalianos.com\/site\/wp-json\/wp\/v2\/types\/product"}],"wp:featuredmedia":[{"embeddable":true,"href":"https:\/\/mueblesitalianos.com\/site\/wp-json\/wp\/v2\/media\/1362"}],"wp:attachment":[{"href":"https:\/\/mueblesitalianos.com\/site\/wp-json\/wp\/v2\/media?parent=1361"}],"wp:term":[{"taxonomy":"product_cat","embeddable":true,"href":"https:\/\/mueblesitalianos.com\/site\/wp-json\/wp\/v2\/product_cat?post=1361"},{"taxonomy":"product_tag","embeddable":true,"href":"https:\/\/mueblesitalianos.com\/site\/wp-json\/wp\/v2\/product_tag?post=1361"}],"curies":[{"name":"wp","href":"https:\/\/api.w.org\/{rel}","templated":true}]}}