{"id":1364,"date":"2022-10-25T18:29:15","date_gmt":"2022-10-25T18:29:15","guid":{"rendered":"https:\/\/mueblesitalianos.com\/site\/?post_type=product&#038;p=1364"},"modified":"2022-10-25T23:22:17","modified_gmt":"2022-10-25T23:22:17","slug":"ginevra-chair","status":"publish","type":"product","link":"https:\/\/mueblesitalianos.com\/site\/producto\/ginevra-chair\/","title":{"rendered":"Ginevra Chair"},"content":{"rendered":"<p>Dise\u00f1ada para brindar confort y practicidad, la\u00a0<strong>silla moderna de dise\u00f1o<\/strong>\u00a0<b>Ginevra<\/b>\u00a0se realiza prestando la m\u00e1xima atenci\u00f3n en los detalles, tal como es digno de un producto que trasciende el tiempo. Ginevra tiene un esp\u00edritu refinado, su elegante sobriedad &#8211; junto con el distinguido trabajo de la base de madera &#8211; la convierten en un componente esencial de la\u00a0<strong>sala de estar<\/strong>, tanto en proyectos residenciales, como en\u00a0<strong>contratos para trabajos de dise\u00f1o de interiores<\/strong>. La distinguida gama de revestimientos, combinados con los acabados de las patas, da vida a numerosas combinaciones de estilos, que permiten decorar el\u00a0<strong>comedor<\/strong>\u00a0con personalidad.<\/p>\n","protected":false},"excerpt":{"rendered":"<p>Silla con estructura en haya natural (F1), te\u00f1ida nogal Canaletto<\/p>\n","protected":false},"featured_media":1365,"template":"","meta":{"_joinchat":[]},"product_cat":[21],"product_tag":[],"class_list":{"0":"post-1364","1":"product","2":"type-product","3":"status-publish","4":"has-post-thumbnail","6":"product_cat-cattelan-italia-collection","8":"first","9":"outofstock","10":"shipping-taxable","11":"purchasable","12":"product-type-simple"},"aioseo_notices":[],"_links":{"self":[{"href":"https:\/\/mueblesitalianos.com\/site\/wp-json\/wp\/v2\/product\/1364","targetHints":{"allow":["GET"]}}],"collection":[{"href":"https:\/\/mueblesitalianos.com\/site\/wp-json\/wp\/v2\/product"}],"about":[{"href":"https:\/\/mueblesitalianos.com\/site\/wp-json\/wp\/v2\/types\/product"}],"wp:featuredmedia":[{"embeddable":true,"href":"https:\/\/mueblesitalianos.com\/site\/wp-json\/wp\/v2\/media\/1365"}],"wp:attachment":[{"href":"https:\/\/mueblesitalianos.com\/site\/wp-json\/wp\/v2\/media?parent=1364"}],"wp:term":[{"taxonomy":"product_cat","embeddable":true,"href":"https:\/\/mueblesitalianos.com\/site\/wp-json\/wp\/v2\/product_cat?post=1364"},{"taxonomy":"product_tag","embeddable":true,"href":"https:\/\/mueblesitalianos.com\/site\/wp-json\/wp\/v2\/product_tag?post=1364"}],"curies":[{"name":"wp","href":"https:\/\/api.w.org\/{rel}","templated":true}]}}