{"id":1367,"date":"2022-10-25T22:25:19","date_gmt":"2022-10-25T22:25:19","guid":{"rendered":"https:\/\/mueblesitalianos.com\/site\/?post_type=product&#038;p=1367"},"modified":"2022-10-25T22:25:19","modified_gmt":"2022-10-25T22:25:19","slug":"holly-chair","status":"publish","type":"product","link":"https:\/\/mueblesitalianos.com\/site\/producto\/holly-chair\/","title":{"rendered":"Holly Chair"},"content":{"rendered":"<p><b>Holly<\/b>\u00a0es una\u00a0<strong>elegante silla de dise\u00f1o<\/strong>\u00a0que cuenta con detalles pintorescos y originales, para completar delicadamente un\u00a0<strong>comedor moderno<\/strong>\u00a0y acogedor. Cada elemento tiene una l\u00ednea redondeada y suave. En especial, las patas est\u00e1n compuestas por un par de v\u00e1stagos met\u00e1licos, curvados hacia el exterior, y uno hacia el otro, que generan una delicada tensi\u00f3n en la estructura. El asiento es amplio, mientras que el compacto respaldo se ha pensado para brindar la mayor comodidad, a pesar de su tama\u00f1o reducido. La costura enarcada en la parte trasera del respaldo destaca a\u00fan m\u00e1s la redondez de esta\u00a0<strong>silla moderna<\/strong>, realizada con materiales refinados y excelentes t\u00e9cnicas de elaboraci\u00f3n artesanal.<\/p>\n","protected":false},"excerpt":{"rendered":"<p>Silla con estructura en acero barnizado gofrado titanio<\/p>\n","protected":false},"featured_media":1368,"template":"","meta":{"_joinchat":[]},"product_cat":[21],"product_tag":[],"class_list":{"0":"post-1367","1":"product","2":"type-product","3":"status-publish","4":"has-post-thumbnail","6":"product_cat-cattelan-italia-collection","8":"first","9":"outofstock","10":"shipping-taxable","11":"purchasable","12":"product-type-simple"},"aioseo_notices":[],"_links":{"self":[{"href":"https:\/\/mueblesitalianos.com\/site\/wp-json\/wp\/v2\/product\/1367","targetHints":{"allow":["GET"]}}],"collection":[{"href":"https:\/\/mueblesitalianos.com\/site\/wp-json\/wp\/v2\/product"}],"about":[{"href":"https:\/\/mueblesitalianos.com\/site\/wp-json\/wp\/v2\/types\/product"}],"wp:featuredmedia":[{"embeddable":true,"href":"https:\/\/mueblesitalianos.com\/site\/wp-json\/wp\/v2\/media\/1368"}],"wp:attachment":[{"href":"https:\/\/mueblesitalianos.com\/site\/wp-json\/wp\/v2\/media?parent=1367"}],"wp:term":[{"taxonomy":"product_cat","embeddable":true,"href":"https:\/\/mueblesitalianos.com\/site\/wp-json\/wp\/v2\/product_cat?post=1367"},{"taxonomy":"product_tag","embeddable":true,"href":"https:\/\/mueblesitalianos.com\/site\/wp-json\/wp\/v2\/product_tag?post=1367"}],"curies":[{"name":"wp","href":"https:\/\/api.w.org\/{rel}","templated":true}]}}