{"id":1373,"date":"2022-10-25T22:31:35","date_gmt":"2022-10-25T22:31:35","guid":{"rendered":"https:\/\/mueblesitalianos.com\/site\/?post_type=product&#038;p=1373"},"modified":"2022-11-07T23:04:33","modified_gmt":"2022-11-07T23:04:33","slug":"magda-couture-chair","status":"publish","type":"product","link":"https:\/\/mueblesitalianos.com\/site\/producto\/magda-couture-chair\/","title":{"rendered":"Magda Couture Chair"},"content":{"rendered":"<p>Confort y elegancia son los lemas de\u00a0<b>Magda<\/b>, exclusiva familia de\u00a0<strong>sillas acolchadas elegantes<\/strong>. El respaldo envolvente, la estructura de madera maciza de calidad y la cuidada propuesta de revestimientos dan vida a numerosos modelos y combinaciones de estilos. De hecho, la amplia gama cuenta con\u00a0<strong>sillas elegantes<\/strong>\u00a0para el\u00a0<strong>comedor<\/strong>, sillas y\u00a0<strong>sillones modernos de piel<\/strong>,\u00a0<strong>taburetes de dise\u00f1o para cocina<\/strong>, incluidas las versiones Ml, de mayor profundidad y Couture. Esta \u00faltima se expresa a trav\u00e9s de un refinado trabajo artesanal en la parte trasera del respaldo, una espl\u00e9ndida colchadura romboidal que &#8211; adem\u00e1s de embellecer la colecci\u00f3n &#8211; logra una interpretaci\u00f3n que atraviesa la\u00a0<strong>sala de estar<\/strong>, tanto en proyectos residenciales como en\u00a0<strong>trabajos para dise\u00f1os de interiores<\/strong>.<\/p>\n","protected":false},"excerpt":{"rendered":"<p>Silla con o sin brazos con estructura en fresno natural<\/p>\n","protected":false},"featured_media":1374,"template":"","meta":{"_joinchat":[]},"product_cat":[21],"product_tag":[],"class_list":{"0":"post-1373","1":"product","2":"type-product","3":"status-publish","4":"has-post-thumbnail","6":"product_cat-cattelan-italia-collection","8":"first","9":"outofstock","10":"shipping-taxable","11":"purchasable","12":"product-type-simple"},"aioseo_notices":[],"_links":{"self":[{"href":"https:\/\/mueblesitalianos.com\/site\/wp-json\/wp\/v2\/product\/1373","targetHints":{"allow":["GET"]}}],"collection":[{"href":"https:\/\/mueblesitalianos.com\/site\/wp-json\/wp\/v2\/product"}],"about":[{"href":"https:\/\/mueblesitalianos.com\/site\/wp-json\/wp\/v2\/types\/product"}],"wp:featuredmedia":[{"embeddable":true,"href":"https:\/\/mueblesitalianos.com\/site\/wp-json\/wp\/v2\/media\/1374"}],"wp:attachment":[{"href":"https:\/\/mueblesitalianos.com\/site\/wp-json\/wp\/v2\/media?parent=1373"}],"wp:term":[{"taxonomy":"product_cat","embeddable":true,"href":"https:\/\/mueblesitalianos.com\/site\/wp-json\/wp\/v2\/product_cat?post=1373"},{"taxonomy":"product_tag","embeddable":true,"href":"https:\/\/mueblesitalianos.com\/site\/wp-json\/wp\/v2\/product_tag?post=1373"}],"curies":[{"name":"wp","href":"https:\/\/api.w.org\/{rel}","templated":true}]}}