{"id":1376,"date":"2022-10-25T22:33:29","date_gmt":"2022-10-25T22:33:29","guid":{"rendered":"https:\/\/mueblesitalianos.com\/site\/?post_type=product&#038;p=1376"},"modified":"2022-11-07T23:03:53","modified_gmt":"2022-11-07T23:03:53","slug":"pinko-pouf","status":"publish","type":"product","link":"https:\/\/mueblesitalianos.com\/site\/producto\/pinko-pouf\/","title":{"rendered":"Pinko Pouf"},"content":{"rendered":"<p><b>Pinko<\/b>\u00a0<strong>Pouf acolchado<\/strong>\u00a0es un accesorio dise\u00f1ado por Paolo Cattelan, capaz de adaptarse a m\u00faltiples ambientes de la casa. Es perfecto para un dormitorio o un vestidor, pero tambi\u00e9n como\u00a0<strong>pouf para colocar en la sala de estar<\/strong>. Su aspecto inconfundible se logra gracias a la forma sinuosa y a la colchadura capiton\u00e9 que embellece el refinado revestimiento, de manera que este\u00a0<strong>pouf moderno<\/strong>\u00a0luzca acogedor y vers\u00e1til. Pinko Pouf se realiza con materiales de excelencia y con la atenci\u00f3n en los detalles que distingue a la elaboraci\u00f3n italiana.<\/p>\n","protected":false},"excerpt":{"rendered":"<p class=\"novelties-carousel__slide-title\">Explora los ambientes \u00fanicos, d\u00e9jate llevar por los acabados preciosos y pi\u00e9rdete en las formas escult\u00f3ricas de los muebles modernos de dise\u00f1o Cattelan Italia<\/p>\n","protected":false},"featured_media":1378,"template":"","meta":{"_joinchat":[]},"product_cat":[21],"product_tag":[],"class_list":{"0":"post-1376","1":"product","2":"type-product","3":"status-publish","4":"has-post-thumbnail","6":"product_cat-cattelan-italia-collection","8":"first","9":"outofstock","10":"shipping-taxable","11":"purchasable","12":"product-type-simple"},"aioseo_notices":[],"_links":{"self":[{"href":"https:\/\/mueblesitalianos.com\/site\/wp-json\/wp\/v2\/product\/1376","targetHints":{"allow":["GET"]}}],"collection":[{"href":"https:\/\/mueblesitalianos.com\/site\/wp-json\/wp\/v2\/product"}],"about":[{"href":"https:\/\/mueblesitalianos.com\/site\/wp-json\/wp\/v2\/types\/product"}],"wp:featuredmedia":[{"embeddable":true,"href":"https:\/\/mueblesitalianos.com\/site\/wp-json\/wp\/v2\/media\/1378"}],"wp:attachment":[{"href":"https:\/\/mueblesitalianos.com\/site\/wp-json\/wp\/v2\/media?parent=1376"}],"wp:term":[{"taxonomy":"product_cat","embeddable":true,"href":"https:\/\/mueblesitalianos.com\/site\/wp-json\/wp\/v2\/product_cat?post=1376"},{"taxonomy":"product_tag","embeddable":true,"href":"https:\/\/mueblesitalianos.com\/site\/wp-json\/wp\/v2\/product_tag?post=1376"}],"curies":[{"name":"wp","href":"https:\/\/api.w.org\/{rel}","templated":true}]}}