{"id":1391,"date":"2022-10-25T22:41:12","date_gmt":"2022-10-25T22:41:12","guid":{"rendered":"https:\/\/mueblesitalianos.com\/site\/?post_type=product&#038;p=1391"},"modified":"2022-10-25T22:41:13","modified_gmt":"2022-10-25T22:41:13","slug":"aston-tv-aparador","status":"publish","type":"product","link":"https:\/\/mueblesitalianos.com\/site\/producto\/aston-tv-aparador\/","title":{"rendered":"Aston TV Aparador"},"content":{"rendered":"<p>El espl\u00e9ndido aparador y el mueble TV de la colecci\u00f3n\u00a0<b>Aston<\/b>\u00a0son muebles cautivadores que dan personalidad a la sala de estar, de manera que resulte inolvidable. La peculiaridad del\u00a0<strong>aparador de dise\u00f1o<\/strong>\u00a0y del\u00a0<strong>mueble TV moderno<\/strong>\u00a0Aston es la mezcla de numerosos materiales y refinados acabados, que crean una composici\u00f3n perfectamente equilibrada y sofisticada, como as\u00ed tambi\u00e9n altamente funcional. Los estantes centrales a la vista logran la mejor decoraci\u00f3n para la habitaci\u00f3n, destacando los objetos que nos son m\u00e1s preciados. En este juego de\u00a0<strong>muebles para sala de estar moderna<\/strong>\u00a0se conjugan, con inteligente maestr\u00eda, la madera, el acero y la piel, o bien, la ecopiel que, junto al dise\u00f1o cautivador, constituyen un\u00a0<strong>mobiliario contempor\u00e1neo<\/strong>\u00a0y, al mismo tiempo, distinguido, gracias a la refinada manufactura.<\/p>\n","protected":false},"excerpt":{"rendered":"<p>Aparador en madera gofrado titanio<\/p>\n","protected":false},"featured_media":1392,"template":"","meta":{"_joinchat":[]},"product_cat":[21],"product_tag":[],"class_list":{"0":"post-1391","1":"product","2":"type-product","3":"status-publish","4":"has-post-thumbnail","6":"product_cat-cattelan-italia-collection","8":"first","9":"outofstock","10":"shipping-taxable","11":"purchasable","12":"product-type-simple"},"aioseo_notices":[],"_links":{"self":[{"href":"https:\/\/mueblesitalianos.com\/site\/wp-json\/wp\/v2\/product\/1391","targetHints":{"allow":["GET"]}}],"collection":[{"href":"https:\/\/mueblesitalianos.com\/site\/wp-json\/wp\/v2\/product"}],"about":[{"href":"https:\/\/mueblesitalianos.com\/site\/wp-json\/wp\/v2\/types\/product"}],"wp:featuredmedia":[{"embeddable":true,"href":"https:\/\/mueblesitalianos.com\/site\/wp-json\/wp\/v2\/media\/1392"}],"wp:attachment":[{"href":"https:\/\/mueblesitalianos.com\/site\/wp-json\/wp\/v2\/media?parent=1391"}],"wp:term":[{"taxonomy":"product_cat","embeddable":true,"href":"https:\/\/mueblesitalianos.com\/site\/wp-json\/wp\/v2\/product_cat?post=1391"},{"taxonomy":"product_tag","embeddable":true,"href":"https:\/\/mueblesitalianos.com\/site\/wp-json\/wp\/v2\/product_tag?post=1391"}],"curies":[{"name":"wp","href":"https:\/\/api.w.org\/{rel}","templated":true}]}}