{"id":1409,"date":"2022-10-25T22:59:19","date_gmt":"2022-10-25T22:59:19","guid":{"rendered":"https:\/\/mueblesitalianos.com\/site\/?post_type=product&#038;p=1409"},"modified":"2022-10-25T22:59:19","modified_gmt":"2022-10-25T22:59:19","slug":"benny-mesitas","status":"publish","type":"product","link":"https:\/\/mueblesitalianos.com\/site\/producto\/benny-mesitas\/","title":{"rendered":"Benny Mesitas"},"content":{"rendered":"<p>La familia de\u00a0<strong>mesitas de sala de estar modernas<\/strong>\u00a0<b>Benny<\/b>\u00a0y\u00a0<b>Benny Keramik<\/b>\u00a0comprende decenas de versiones que se adaptan a m\u00faltiples necesidades espaciales y combinaciones de colores. Tambi\u00e9n gracias a la forma de X de las patas, las mesitas de sala de estar Benny encuentran su m\u00e1xima expresi\u00f3n cuando se colocan una al lado de la otra con diferentes alturas y tama\u00f1os, para dar dinamismo a la sala de estar. El dise\u00f1o de esta\u00a0<strong>mesita de dise\u00f1o moderna<\/strong>\u00a0es lineal y minimalista para dejar que los materiales preciosos que la componen se expresen. En la versi\u00f3n Benny, la superficie es de cristal espejado, mientras que en la versi\u00f3n Benny Keramik est\u00e1 disponible en una variedad de refinados matices de cer\u00e1mica Marmi. Entre las diversas composiciones que se pueden crear, se encuentra disponible un modelo alargado, realizado en dos alturas. La versi\u00f3n m\u00e1s baja puede utilizarse como centro de mesa, mientras que la m\u00e1s alta puede colocarse a horcajadas sobre otra\u00a0<strong>mesita para sala de estar<\/strong>\u00a0creando un puente o junto a un sof\u00e1.<\/p>\n","protected":false},"excerpt":{"rendered":"<p>Mesita con base en acero barnizado gofrado titanio<\/p>\n","protected":false},"featured_media":1410,"template":"","meta":{"_joinchat":[]},"product_cat":[21],"product_tag":[],"class_list":{"0":"post-1409","1":"product","2":"type-product","3":"status-publish","4":"has-post-thumbnail","6":"product_cat-cattelan-italia-collection","8":"first","9":"outofstock","10":"shipping-taxable","11":"purchasable","12":"product-type-simple"},"aioseo_notices":[],"_links":{"self":[{"href":"https:\/\/mueblesitalianos.com\/site\/wp-json\/wp\/v2\/product\/1409","targetHints":{"allow":["GET"]}}],"collection":[{"href":"https:\/\/mueblesitalianos.com\/site\/wp-json\/wp\/v2\/product"}],"about":[{"href":"https:\/\/mueblesitalianos.com\/site\/wp-json\/wp\/v2\/types\/product"}],"wp:featuredmedia":[{"embeddable":true,"href":"https:\/\/mueblesitalianos.com\/site\/wp-json\/wp\/v2\/media\/1410"}],"wp:attachment":[{"href":"https:\/\/mueblesitalianos.com\/site\/wp-json\/wp\/v2\/media?parent=1409"}],"wp:term":[{"taxonomy":"product_cat","embeddable":true,"href":"https:\/\/mueblesitalianos.com\/site\/wp-json\/wp\/v2\/product_cat?post=1409"},{"taxonomy":"product_tag","embeddable":true,"href":"https:\/\/mueblesitalianos.com\/site\/wp-json\/wp\/v2\/product_tag?post=1409"}],"curies":[{"name":"wp","href":"https:\/\/api.w.org\/{rel}","templated":true}]}}