{"id":1413,"date":"2022-10-25T23:01:03","date_gmt":"2022-10-25T23:01:03","guid":{"rendered":"https:\/\/mueblesitalianos.com\/site\/?post_type=product&#038;p=1413"},"modified":"2022-10-25T23:01:03","modified_gmt":"2022-10-25T23:01:03","slug":"akumal-espejo","status":"publish","type":"product","link":"https:\/\/mueblesitalianos.com\/site\/producto\/akumal-espejo\/","title":{"rendered":"Akumal Espejo"},"content":{"rendered":"<p>Con el modelo\u00a0<b>Akumal<\/b>, Paolo Cattelan conjuga a la perfecci\u00f3n funci\u00f3n y aspecto decorativo. La forma vertical de este\u00a0<strong>espejo moderno<\/strong>\u00a0es capaz de reflejar c\u00f3modamente la figura humana y, asimismo, su distinguida elegancia salta r\u00e1pidamente a la vista. Este espejo es rico en sinuosas curvas irregulares que abrazan la habitaci\u00f3n. Est\u00e1 compuesto en dos niveles, el superior es espejado, mientras que el inferior es transparente fum\u00e8. Si est\u00e1 equipado con luz LED, orientada hacia la pared como un marco luminoso, la funci\u00f3n decorativa de este\u00a0<strong>espejo de dise\u00f1o<\/strong>\u00a0se incrementa a\u00fan m\u00e1s.<\/p>\n","protected":false},"excerpt":{"rendered":"<p>Espejo de pared en cristal reflejado fum\u00e9 con marco en cristal fum\u00e9. Opcional: iluminaci\u00f3n led.<\/p>\n","protected":false},"featured_media":1414,"template":"","meta":{"_joinchat":[]},"product_cat":[21],"product_tag":[],"class_list":{"0":"post-1413","1":"product","2":"type-product","3":"status-publish","4":"has-post-thumbnail","6":"product_cat-cattelan-italia-collection","8":"first","9":"outofstock","10":"shipping-taxable","11":"purchasable","12":"product-type-simple"},"aioseo_notices":[],"_links":{"self":[{"href":"https:\/\/mueblesitalianos.com\/site\/wp-json\/wp\/v2\/product\/1413","targetHints":{"allow":["GET"]}}],"collection":[{"href":"https:\/\/mueblesitalianos.com\/site\/wp-json\/wp\/v2\/product"}],"about":[{"href":"https:\/\/mueblesitalianos.com\/site\/wp-json\/wp\/v2\/types\/product"}],"wp:featuredmedia":[{"embeddable":true,"href":"https:\/\/mueblesitalianos.com\/site\/wp-json\/wp\/v2\/media\/1414"}],"wp:attachment":[{"href":"https:\/\/mueblesitalianos.com\/site\/wp-json\/wp\/v2\/media?parent=1413"}],"wp:term":[{"taxonomy":"product_cat","embeddable":true,"href":"https:\/\/mueblesitalianos.com\/site\/wp-json\/wp\/v2\/product_cat?post=1413"},{"taxonomy":"product_tag","embeddable":true,"href":"https:\/\/mueblesitalianos.com\/site\/wp-json\/wp\/v2\/product_tag?post=1413"}],"curies":[{"name":"wp","href":"https:\/\/api.w.org\/{rel}","templated":true}]}}