{"id":1420,"date":"2022-10-25T23:04:27","date_gmt":"2022-10-25T23:04:27","guid":{"rendered":"https:\/\/mueblesitalianos.com\/site\/?post_type=product&#038;p=1420"},"modified":"2022-10-25T23:04:27","modified_gmt":"2022-10-25T23:04:27","slug":"kenya-espejo","status":"publish","type":"product","link":"https:\/\/mueblesitalianos.com\/site\/producto\/kenya-espejo\/","title":{"rendered":"Kenya Espejo"},"content":{"rendered":"<p>Los\u00a0<strong>espejos modernos de dise\u00f1o<\/strong>\u00a0Cattelan Italia son la uni\u00f3n entre las t\u00e9cnicas de vanguardia y la elaboraci\u00f3n tradicional de alta calidad.\u00a0<b>Kenya<\/b>\u00a0sobresale por su marco original, constituido por una trama sinuosa de acero inoxidable, que contrasta con la forma regular del espejo. Kenya se realiza de diferentes formas y tama\u00f1os; en efecto, se puede escoger entre\u00a0<strong>espejos de dise\u00f1o cuadrados<\/strong>\u00a0o\u00a0<strong>espejos rectangulares<\/strong>, para adaptarse al m\u00e1ximo a las exigencias en t\u00e9rminos de estilo del ambiente. La versi\u00f3n rectangular puede funcionar como\u00a0<strong>elegante espejo vertical<\/strong>\u00a0u horizontal, seg\u00fan las exigencias.<\/p>\n","protected":false},"excerpt":{"rendered":"<div class=\"col-xs-12 col-md-12 name\">\n<p>KENYA<\/p>\n<\/div>\n<p>&nbsp;<\/p>\n<div class=\"col-md-12 descr\">\n<p>Espejo de pared en cristal reflejado o reflejado fum\u00e9. Marco aplicado en acero inox brillo. El espejo tiene soportes para montaje en horizontal o vertical.<\/p>\n<\/div>\n","protected":false},"featured_media":1421,"template":"","meta":{"_joinchat":[]},"product_cat":[21],"product_tag":[],"class_list":{"0":"post-1420","1":"product","2":"type-product","3":"status-publish","4":"has-post-thumbnail","6":"product_cat-cattelan-italia-collection","8":"first","9":"outofstock","10":"shipping-taxable","11":"purchasable","12":"product-type-simple"},"aioseo_notices":[],"_links":{"self":[{"href":"https:\/\/mueblesitalianos.com\/site\/wp-json\/wp\/v2\/product\/1420","targetHints":{"allow":["GET"]}}],"collection":[{"href":"https:\/\/mueblesitalianos.com\/site\/wp-json\/wp\/v2\/product"}],"about":[{"href":"https:\/\/mueblesitalianos.com\/site\/wp-json\/wp\/v2\/types\/product"}],"wp:featuredmedia":[{"embeddable":true,"href":"https:\/\/mueblesitalianos.com\/site\/wp-json\/wp\/v2\/media\/1421"}],"wp:attachment":[{"href":"https:\/\/mueblesitalianos.com\/site\/wp-json\/wp\/v2\/media?parent=1420"}],"wp:term":[{"taxonomy":"product_cat","embeddable":true,"href":"https:\/\/mueblesitalianos.com\/site\/wp-json\/wp\/v2\/product_cat?post=1420"},{"taxonomy":"product_tag","embeddable":true,"href":"https:\/\/mueblesitalianos.com\/site\/wp-json\/wp\/v2\/product_tag?post=1420"}],"curies":[{"name":"wp","href":"https:\/\/api.w.org\/{rel}","templated":true}]}}