{"id":1430,"date":"2022-10-25T23:09:31","date_gmt":"2022-10-25T23:09:31","guid":{"rendered":"https:\/\/mueblesitalianos.com\/site\/?post_type=product&#038;p=1430"},"modified":"2022-10-25T23:09:31","modified_gmt":"2022-10-25T23:09:31","slug":"cristal-lamp","status":"publish","type":"product","link":"https:\/\/mueblesitalianos.com\/site\/producto\/cristal-lamp\/","title":{"rendered":"Cristal Lamp"},"content":{"rendered":"<p>La\u00a0<strong>elegante l\u00e1mpara de sobremesa de dise\u00f1o<\/strong>\u00a0<b>Cristal<\/b>\u00a0est\u00e1 formada por una circunferencia de N\u00edquel, a la cual se le aplican cadenas con pendientes de cristal, que se cruzan con un atractivo y una elegancia dignos de una preciosa joya. Cristal se encuentra disponible tanto en la versi\u00f3n redonda como\u00a0<strong>ovalada<\/strong>. Esta\u00a0<strong>l\u00e1mpara de techo moderna<\/strong>\u00a0es el fruto de la uni\u00f3n entre t\u00e9cnicas de fabricaci\u00f3n de vanguardia y la atenci\u00f3n puesta en los detalles, que distingue a la elaboraci\u00f3n de alta calidad.<\/p>\n","protected":false},"excerpt":{"rendered":"<p>L\u00e1mpara de techo con estructura en acero N\u00edquel satinado. Pantalla con pendientes en cristal. Bombilla incluida.<\/p>\n","protected":false},"featured_media":1431,"template":"","meta":{"_joinchat":[]},"product_cat":[21],"product_tag":[],"class_list":{"0":"post-1430","1":"product","2":"type-product","3":"status-publish","4":"has-post-thumbnail","6":"product_cat-cattelan-italia-collection","8":"first","9":"outofstock","10":"shipping-taxable","11":"purchasable","12":"product-type-simple"},"aioseo_notices":[],"_links":{"self":[{"href":"https:\/\/mueblesitalianos.com\/site\/wp-json\/wp\/v2\/product\/1430","targetHints":{"allow":["GET"]}}],"collection":[{"href":"https:\/\/mueblesitalianos.com\/site\/wp-json\/wp\/v2\/product"}],"about":[{"href":"https:\/\/mueblesitalianos.com\/site\/wp-json\/wp\/v2\/types\/product"}],"wp:featuredmedia":[{"embeddable":true,"href":"https:\/\/mueblesitalianos.com\/site\/wp-json\/wp\/v2\/media\/1431"}],"wp:attachment":[{"href":"https:\/\/mueblesitalianos.com\/site\/wp-json\/wp\/v2\/media?parent=1430"}],"wp:term":[{"taxonomy":"product_cat","embeddable":true,"href":"https:\/\/mueblesitalianos.com\/site\/wp-json\/wp\/v2\/product_cat?post=1430"},{"taxonomy":"product_tag","embeddable":true,"href":"https:\/\/mueblesitalianos.com\/site\/wp-json\/wp\/v2\/product_tag?post=1430"}],"curies":[{"name":"wp","href":"https:\/\/api.w.org\/{rel}","templated":true}]}}