{"id":1434,"date":"2022-10-25T23:11:04","date_gmt":"2022-10-25T23:11:04","guid":{"rendered":"https:\/\/mueblesitalianos.com\/site\/?post_type=product&#038;p=1434"},"modified":"2022-10-25T23:11:04","modified_gmt":"2022-10-25T23:11:04","slug":"heaven-lamp","status":"publish","type":"product","link":"https:\/\/mueblesitalianos.com\/site\/producto\/heaven-lamp\/","title":{"rendered":"Heaven Lamp"},"content":{"rendered":"<p>La\u00a0<strong>l\u00e1mpara de techo de dise\u00f1o<\/strong>\u00a0<b>Heaven<\/b>, ideada por Giorgio Cattelan, es un elemento escenogr\u00e1fico que confiere a la\u00a0<strong>sala de estar moderna<\/strong>\u00a0un estilo \u00fanico y original. La forma es una espiral cerrada, realizada de acero, que sostiene en su interior una luz LED con mando a distancia y regulador de intensidad. La elegante belleza de esta\u00a0<strong>l\u00e1mpara moderna de techo<\/strong>\u00a0se adapta a diferentes estilos de mobiliario, desde una\u00a0<strong>sala de estar contempor\u00e1nea<\/strong>\u00a0a una cl\u00e1sica, desde un dise\u00f1o minimalista a otro m\u00e1s elaborado.<\/p>\n","protected":false},"excerpt":{"rendered":"<p>L\u00e1mpara de techo con estructura en acero barnizado gofrado titanio<\/p>\n","protected":false},"featured_media":1435,"template":"","meta":{"_joinchat":[]},"product_cat":[21],"product_tag":[],"class_list":{"0":"post-1434","1":"product","2":"type-product","3":"status-publish","4":"has-post-thumbnail","6":"product_cat-cattelan-italia-collection","8":"first","9":"outofstock","10":"shipping-taxable","11":"purchasable","12":"product-type-simple"},"aioseo_notices":[],"_links":{"self":[{"href":"https:\/\/mueblesitalianos.com\/site\/wp-json\/wp\/v2\/product\/1434","targetHints":{"allow":["GET"]}}],"collection":[{"href":"https:\/\/mueblesitalianos.com\/site\/wp-json\/wp\/v2\/product"}],"about":[{"href":"https:\/\/mueblesitalianos.com\/site\/wp-json\/wp\/v2\/types\/product"}],"wp:featuredmedia":[{"embeddable":true,"href":"https:\/\/mueblesitalianos.com\/site\/wp-json\/wp\/v2\/media\/1435"}],"wp:attachment":[{"href":"https:\/\/mueblesitalianos.com\/site\/wp-json\/wp\/v2\/media?parent=1434"}],"wp:term":[{"taxonomy":"product_cat","embeddable":true,"href":"https:\/\/mueblesitalianos.com\/site\/wp-json\/wp\/v2\/product_cat?post=1434"},{"taxonomy":"product_tag","embeddable":true,"href":"https:\/\/mueblesitalianos.com\/site\/wp-json\/wp\/v2\/product_tag?post=1434"}],"curies":[{"name":"wp","href":"https:\/\/api.w.org\/{rel}","templated":true}]}}