{"id":1443,"date":"2022-10-25T23:32:58","date_gmt":"2022-10-25T23:32:58","guid":{"rendered":"https:\/\/mueblesitalianos.com\/site\/?post_type=product&#038;p=1443"},"modified":"2023-01-17T20:30:57","modified_gmt":"2023-01-17T20:30:57","slug":"paramount","status":"publish","type":"product","link":"https:\/\/mueblesitalianos.com\/site\/producto\/paramount\/","title":{"rendered":"Paramount"},"content":{"rendered":"<p><b>Paramount<\/b>\u00a0es la expresi\u00f3n de un dise\u00f1o irreverente, pero refinado. Las puertas, que otorgan car\u00e1cter y ritmo a la estructura, est\u00e1n realizadas de cristal bomb\u00e8, gracias a experimentadas t\u00e9cnicas de elaboraci\u00f3n. Paramount es un\u00a0<strong>aparador moderno<\/strong>\u00a0que puede estar revestido con diferentes acabados, opacos o brillantes; estos \u00faltimos reflejan el ambiente alrededor, con un juego de espejos surrealista. Los refinados materiales que constituyen los estantes internos y externos y la base, evidencian que este\u00a0<strong>aparador de vidrio contempor\u00e1neo<\/strong>\u00a0es fruto de la alta calidad de la manufactura italiana.<\/p>\n","protected":false},"excerpt":{"rendered":"<p>Aparador de 2 o 3 puertas en madera lacada moka brillo<\/p>\n","protected":false},"featured_media":1444,"template":"","meta":{"_joinchat":[]},"product_cat":[21],"product_tag":[],"class_list":{"0":"post-1443","1":"product","2":"type-product","3":"status-publish","4":"has-post-thumbnail","6":"product_cat-cattelan-italia-collection","8":"first","9":"outofstock","10":"shipping-taxable","11":"purchasable","12":"product-type-simple"},"aioseo_notices":[],"_links":{"self":[{"href":"https:\/\/mueblesitalianos.com\/site\/wp-json\/wp\/v2\/product\/1443","targetHints":{"allow":["GET"]}}],"collection":[{"href":"https:\/\/mueblesitalianos.com\/site\/wp-json\/wp\/v2\/product"}],"about":[{"href":"https:\/\/mueblesitalianos.com\/site\/wp-json\/wp\/v2\/types\/product"}],"wp:featuredmedia":[{"embeddable":true,"href":"https:\/\/mueblesitalianos.com\/site\/wp-json\/wp\/v2\/media\/1444"}],"wp:attachment":[{"href":"https:\/\/mueblesitalianos.com\/site\/wp-json\/wp\/v2\/media?parent=1443"}],"wp:term":[{"taxonomy":"product_cat","embeddable":true,"href":"https:\/\/mueblesitalianos.com\/site\/wp-json\/wp\/v2\/product_cat?post=1443"},{"taxonomy":"product_tag","embeddable":true,"href":"https:\/\/mueblesitalianos.com\/site\/wp-json\/wp\/v2\/product_tag?post=1443"}],"curies":[{"name":"wp","href":"https:\/\/api.w.org\/{rel}","templated":true}]}}