{"id":1448,"date":"2022-10-27T11:24:52","date_gmt":"2022-10-27T11:24:52","guid":{"rendered":"https:\/\/mueblesitalianos.com\/site\/?post_type=product&#038;p=1448"},"modified":"2023-10-28T06:16:47","modified_gmt":"2023-10-28T06:16:47","slug":"chloe-vanity","status":"publish","type":"product","link":"https:\/\/mueblesitalianos.com\/site\/producto\/chloe-vanity\/","title":{"rendered":"Chlo\u00e9 Vanity"},"content":{"rendered":"<p>Mueble complementario a los dormitorios, Vanity nace con la doble funci\u00f3n de tocador y escritorio. Sofisticado y exclusivo, invita a dedicarse a esas actividades personales que tienen el sabor del tiempo redescubierto, como escribir, so\u00f1ar un viaje o cuidarse en un rinc\u00f3n personal e \u00edntimo. El estante con forma se puede enriquecer con el espejo con un marco delgado de lat\u00f3n bru\u00f1ido, mientras que la gran superficie est\u00e1 equipada con un pasacables funcional en el fondo, un caj\u00f3n con gu\u00edas ocultas y un compartimento de almacenamiento de varios tama\u00f1os; detalles que aportan elegancia y ligereza al conjunto. La amplia gama de acabados tambi\u00e9n permite personalizar el mueble y crear la composici\u00f3n ideal: colorida y deportiva o m\u00e1s sobria y refinada.<\/p>\n","protected":false},"excerpt":{"rendered":"<p>M\u00f3dulos caj\u00f3n y repisas<\/p>\n","protected":false},"featured_media":1449,"template":"","meta":{"_joinchat":[]},"product_cat":[18],"product_tag":[],"class_list":{"0":"post-1448","1":"product","2":"type-product","3":"status-publish","4":"has-post-thumbnail","6":"product_cat-pianca-collection","8":"first","9":"instock","10":"shipping-taxable","11":"purchasable","12":"product-type-simple"},"aioseo_notices":[],"_links":{"self":[{"href":"https:\/\/mueblesitalianos.com\/site\/wp-json\/wp\/v2\/product\/1448","targetHints":{"allow":["GET"]}}],"collection":[{"href":"https:\/\/mueblesitalianos.com\/site\/wp-json\/wp\/v2\/product"}],"about":[{"href":"https:\/\/mueblesitalianos.com\/site\/wp-json\/wp\/v2\/types\/product"}],"wp:featuredmedia":[{"embeddable":true,"href":"https:\/\/mueblesitalianos.com\/site\/wp-json\/wp\/v2\/media\/1449"}],"wp:attachment":[{"href":"https:\/\/mueblesitalianos.com\/site\/wp-json\/wp\/v2\/media?parent=1448"}],"wp:term":[{"taxonomy":"product_cat","embeddable":true,"href":"https:\/\/mueblesitalianos.com\/site\/wp-json\/wp\/v2\/product_cat?post=1448"},{"taxonomy":"product_tag","embeddable":true,"href":"https:\/\/mueblesitalianos.com\/site\/wp-json\/wp\/v2\/product_tag?post=1448"}],"curies":[{"name":"wp","href":"https:\/\/api.w.org\/{rel}","templated":true}]}}