{"id":1452,"date":"2022-10-27T11:31:38","date_gmt":"2022-10-27T11:31:38","guid":{"rendered":"https:\/\/mueblesitalianos.com\/site\/?post_type=product&#038;p=1452"},"modified":"2023-10-28T06:18:47","modified_gmt":"2023-10-28T06:18:47","slug":"esse-lounge","status":"publish","type":"product","link":"https:\/\/mueblesitalianos.com\/site\/producto\/esse-lounge\/","title":{"rendered":"Esse Lounge"},"content":{"rendered":"<p>Para integrar y completar la serie de la familia de asientos Esse, hijo de la misma fuente de \u00a0inspiraci\u00f3n, ahora tambi\u00e9n encontramos Esse Lounge, un sill\u00f3n con un respaldo a\u00fan m\u00e1s envolvente y mullido. Moldeados el asiento, as\u00ed como la base, que se pueden tapizar en tela, cuero o cuero ecol\u00f3gico, a elegir en la gama Pianca. La versi\u00f3n con patas, en cambio, est\u00e1 realizada en madera maciza de nogal negro o fresno. La forma amplia y acogedora del asiento aporta al sill\u00f3n una sensaci\u00f3n de bienvenida y amparo. En comparaci\u00f3n con sus \u00abhermanos\u00bb, Esse Lounge tiene dimensiones m\u00e1s amplias, demostrando su car\u00e1cter informal y m\u00e1s orientado a ofrecer un descanso relajante y restaurador.<\/p>\n","protected":false},"excerpt":{"rendered":"<p>Esse Lounge, un sill\u00f3n con un respaldo a\u00fan m\u00e1s envolvente y mullido.<\/p>\n","protected":false},"featured_media":1459,"template":"","meta":{"_joinchat":[]},"product_cat":[18],"product_tag":[],"class_list":{"0":"post-1452","1":"product","2":"type-product","3":"status-publish","4":"has-post-thumbnail","6":"product_cat-pianca-collection","7":"pa_color-beige","8":"pa_color-blue","9":"pa_color-yellow","11":"first","12":"instock","13":"shipping-taxable","14":"purchasable","15":"product-type-variable"},"aioseo_notices":[],"_links":{"self":[{"href":"https:\/\/mueblesitalianos.com\/site\/wp-json\/wp\/v2\/product\/1452","targetHints":{"allow":["GET"]}}],"collection":[{"href":"https:\/\/mueblesitalianos.com\/site\/wp-json\/wp\/v2\/product"}],"about":[{"href":"https:\/\/mueblesitalianos.com\/site\/wp-json\/wp\/v2\/types\/product"}],"wp:featuredmedia":[{"embeddable":true,"href":"https:\/\/mueblesitalianos.com\/site\/wp-json\/wp\/v2\/media\/1459"}],"wp:attachment":[{"href":"https:\/\/mueblesitalianos.com\/site\/wp-json\/wp\/v2\/media?parent=1452"}],"wp:term":[{"taxonomy":"product_cat","embeddable":true,"href":"https:\/\/mueblesitalianos.com\/site\/wp-json\/wp\/v2\/product_cat?post=1452"},{"taxonomy":"product_tag","embeddable":true,"href":"https:\/\/mueblesitalianos.com\/site\/wp-json\/wp\/v2\/product_tag?post=1452"}],"curies":[{"name":"wp","href":"https:\/\/api.w.org\/{rel}","templated":true}]}}