{"id":1461,"date":"2022-10-27T11:33:43","date_gmt":"2022-10-27T11:33:43","guid":{"rendered":"https:\/\/mueblesitalianos.com\/site\/?post_type=product&#038;p=1461"},"modified":"2023-10-28T06:19:56","modified_gmt":"2023-10-28T06:19:56","slug":"sipario-closet","status":"publish","type":"product","link":"https:\/\/mueblesitalianos.com\/site\/producto\/sipario-closet\/","title":{"rendered":"Sipario Closet"},"content":{"rendered":"<p>Los filtros desaparecen y la elegancia, el orden y el refinamiento acceden al escenario. Sipario se compone de m\u00f3dulos de armario sin puertas, que se combinan libremente seg\u00fan las necesidades pr\u00e1cticas y el gusto est\u00e9tico de cada uno. Hay una amplia oferta de acabados, en la versi\u00f3n enmarcada realzados por la presencia de un gran marco perim\u00e9trico que aporta a las composiciones una atm\u00f3sfera a\u00fan m\u00e1s c\u00e1lida y sofisticada. La gama de accesorios internos es la misma disponible para los armarios y puede satisfacer cualquier exigencia.<\/p>\n","protected":false},"excerpt":{"rendered":"<p>La gama de accesorios internos es la misma disponible para los armarios y puede satisfacer cualquier exigencia.<\/p>\n","protected":false},"featured_media":1462,"template":"","meta":{"_joinchat":[]},"product_cat":[18],"product_tag":[],"class_list":{"0":"post-1461","1":"product","2":"type-product","3":"status-publish","4":"has-post-thumbnail","6":"product_cat-pianca-collection","8":"first","9":"instock","10":"shipping-taxable","11":"purchasable","12":"product-type-simple"},"aioseo_notices":[],"_links":{"self":[{"href":"https:\/\/mueblesitalianos.com\/site\/wp-json\/wp\/v2\/product\/1461","targetHints":{"allow":["GET"]}}],"collection":[{"href":"https:\/\/mueblesitalianos.com\/site\/wp-json\/wp\/v2\/product"}],"about":[{"href":"https:\/\/mueblesitalianos.com\/site\/wp-json\/wp\/v2\/types\/product"}],"wp:featuredmedia":[{"embeddable":true,"href":"https:\/\/mueblesitalianos.com\/site\/wp-json\/wp\/v2\/media\/1462"}],"wp:attachment":[{"href":"https:\/\/mueblesitalianos.com\/site\/wp-json\/wp\/v2\/media?parent=1461"}],"wp:term":[{"taxonomy":"product_cat","embeddable":true,"href":"https:\/\/mueblesitalianos.com\/site\/wp-json\/wp\/v2\/product_cat?post=1461"},{"taxonomy":"product_tag","embeddable":true,"href":"https:\/\/mueblesitalianos.com\/site\/wp-json\/wp\/v2\/product_tag?post=1461"}],"curies":[{"name":"wp","href":"https:\/\/api.w.org\/{rel}","templated":true}]}}