{"id":1465,"date":"2022-10-27T11:36:07","date_gmt":"2022-10-27T11:36:07","guid":{"rendered":"https:\/\/mueblesitalianos.com\/site\/?post_type=product&#038;p=1465"},"modified":"2024-04-05T18:21:09","modified_gmt":"2024-04-05T18:21:09","slug":"spazioteca","status":"publish","type":"product","link":"https:\/\/mueblesitalianos.com\/site\/producto\/spazioteca\/","title":{"rendered":"Spazioteca"},"content":{"rendered":"<p>Disponer de un espacio personalizado para todas\u00a0 las cosas, articular combinaciones, equilibrar espacios llenos y vac\u00edos: Spazioteca es una s\u00edntesis de orden, ritmo y proporci\u00f3n. El concepto cl\u00e1sico de la librer\u00eda se abre a nuevas posibilidades vers\u00e1tiles, capaces de alojar objetos, libros, pantallas de televisi\u00f3n, separar las zonas de la casa e integrar soluciones de home office. Es el primer sistema modular con costados, estantes, traseras y divisiones con paso de 1 cm de serie y compartimentos sin agujeros ni herrajes. Una caracter\u00edstica com\u00fan de cada composici\u00f3n es el dise\u00f1o din\u00e1mico y ligero, adaptado a cualquier necesidad.<\/p>\n","protected":false},"excerpt":{"rendered":"<p>Puertas Correderas Cristal<\/p>\n","protected":false},"featured_media":1466,"template":"","meta":{"_joinchat":[]},"product_cat":[18],"product_tag":[],"class_list":{"0":"post-1465","1":"product","2":"type-product","3":"status-publish","4":"has-post-thumbnail","6":"product_cat-pianca-collection","8":"first","9":"outofstock","10":"shipping-taxable","11":"purchasable","12":"product-type-simple"},"aioseo_notices":[],"_links":{"self":[{"href":"https:\/\/mueblesitalianos.com\/site\/wp-json\/wp\/v2\/product\/1465","targetHints":{"allow":["GET"]}}],"collection":[{"href":"https:\/\/mueblesitalianos.com\/site\/wp-json\/wp\/v2\/product"}],"about":[{"href":"https:\/\/mueblesitalianos.com\/site\/wp-json\/wp\/v2\/types\/product"}],"wp:featuredmedia":[{"embeddable":true,"href":"https:\/\/mueblesitalianos.com\/site\/wp-json\/wp\/v2\/media\/1466"}],"wp:attachment":[{"href":"https:\/\/mueblesitalianos.com\/site\/wp-json\/wp\/v2\/media?parent=1465"}],"wp:term":[{"taxonomy":"product_cat","embeddable":true,"href":"https:\/\/mueblesitalianos.com\/site\/wp-json\/wp\/v2\/product_cat?post=1465"},{"taxonomy":"product_tag","embeddable":true,"href":"https:\/\/mueblesitalianos.com\/site\/wp-json\/wp\/v2\/product_tag?post=1465"}],"curies":[{"name":"wp","href":"https:\/\/api.w.org\/{rel}","templated":true}]}}