{"id":1468,"date":"2022-10-26T11:38:30","date_gmt":"2022-10-26T11:38:30","guid":{"rendered":"https:\/\/mueblesitalianos.com\/site\/?post_type=product&#038;p=1468"},"modified":"2022-10-26T11:38:31","modified_gmt":"2022-10-26T11:38:31","slug":"logos-aparador","status":"publish","type":"product","link":"https:\/\/mueblesitalianos.com\/site\/producto\/logos-aparador\/","title":{"rendered":"Logos Aparador"},"content":{"rendered":"<p>La colecci\u00f3n Logos se ampl\u00eda dando vida a una nueva y prestigiosa colecci\u00f3n de aparadores. Con el desarrollo de este proyecto que se expande desde los dormitorios hasta la zona de estar, Pianca confirma su car\u00e1cter de empresa \u201ctotal living\u201d. El frente de los m\u00f3dulos consiste en una composici\u00f3n de elementos escalonados y superpuestos que interact\u00faan entre s\u00ed, un homenaje a Bruno Munari, artista y dise\u00f1ador que ha estudiado durante mucho tiempo los efectos espaciales derivados de la combinaci\u00f3n de superficies coloreadas. El contraste de colores entre la superficie exterior y la interior da lugar a diferentes composiciones est\u00e9ticas que pueden variar de l\u00fadicas a elegantes seg\u00fan el gusto de cada uno.<\/p>\n","protected":false},"excerpt":{"rendered":"<p>El contraste de colores entre la superficie exterior y la interior da lugar a diferentes composiciones est\u00e9ticas que pueden variar de l\u00fadicas a elegantes seg\u00fan el gusto de cada uno.<\/p>\n","protected":false},"featured_media":1469,"template":"","meta":{"_joinchat":[]},"product_cat":[18],"product_tag":[],"class_list":{"0":"post-1468","1":"product","2":"type-product","3":"status-publish","4":"has-post-thumbnail","6":"product_cat-pianca-collection","8":"first","9":"outofstock","10":"shipping-taxable","11":"purchasable","12":"product-type-simple"},"aioseo_notices":[],"_links":{"self":[{"href":"https:\/\/mueblesitalianos.com\/site\/wp-json\/wp\/v2\/product\/1468","targetHints":{"allow":["GET"]}}],"collection":[{"href":"https:\/\/mueblesitalianos.com\/site\/wp-json\/wp\/v2\/product"}],"about":[{"href":"https:\/\/mueblesitalianos.com\/site\/wp-json\/wp\/v2\/types\/product"}],"wp:featuredmedia":[{"embeddable":true,"href":"https:\/\/mueblesitalianos.com\/site\/wp-json\/wp\/v2\/media\/1469"}],"wp:attachment":[{"href":"https:\/\/mueblesitalianos.com\/site\/wp-json\/wp\/v2\/media?parent=1468"}],"wp:term":[{"taxonomy":"product_cat","embeddable":true,"href":"https:\/\/mueblesitalianos.com\/site\/wp-json\/wp\/v2\/product_cat?post=1468"},{"taxonomy":"product_tag","embeddable":true,"href":"https:\/\/mueblesitalianos.com\/site\/wp-json\/wp\/v2\/product_tag?post=1468"}],"curies":[{"name":"wp","href":"https:\/\/api.w.org\/{rel}","templated":true}]}}