{"id":1471,"date":"2022-10-26T11:41:07","date_gmt":"2022-10-26T11:41:07","guid":{"rendered":"https:\/\/mueblesitalianos.com\/site\/?post_type=product&#038;p=1471"},"modified":"2022-10-26T11:41:07","modified_gmt":"2022-10-26T11:41:07","slug":"people-aparador","status":"publish","type":"product","link":"https:\/\/mueblesitalianos.com\/site\/producto\/people-aparador\/","title":{"rendered":"People Aparador"},"content":{"rendered":"<p>amplia gama del sistema People tambi\u00e9n incluye una colecci\u00f3n de aparadores. La caracter\u00edstica estructura en folding permite la continuidad de la superficie en la estructura y en el sistema de agarre, as\u00ed que los aparadores resultan muy elegantes por su limpieza y sencillez formal. Sus m\u00faltiples posibilidades expresivas y compositivas cambian y se ampl\u00edan en el espacio y el tiempo, para satisfacer las necesidades cualitativas de las personas en los hogares del ma\u00f1ana, gracias a la calidad superior de los materiales y al sumo cuidado con el que est\u00e1n ensamblados.<\/p>\n","protected":false},"excerpt":{"rendered":"<p>Sus m\u00faltiples posibilidades expresivas y compositivas cambian y se ampl\u00edan en el espacio y el tiempo, para satisfacer las necesidades cualitativas de las personas en los hogares del ma\u00f1ana, gracias a la calidad superior de los materiales y al sumo cuidado con el que est\u00e1n ensamblados.<\/p>\n","protected":false},"featured_media":1472,"template":"","meta":{"_joinchat":[]},"product_cat":[18],"product_tag":[],"class_list":{"0":"post-1471","1":"product","2":"type-product","3":"status-publish","4":"has-post-thumbnail","6":"product_cat-pianca-collection","8":"first","9":"outofstock","10":"shipping-taxable","11":"purchasable","12":"product-type-simple"},"aioseo_notices":[],"_links":{"self":[{"href":"https:\/\/mueblesitalianos.com\/site\/wp-json\/wp\/v2\/product\/1471","targetHints":{"allow":["GET"]}}],"collection":[{"href":"https:\/\/mueblesitalianos.com\/site\/wp-json\/wp\/v2\/product"}],"about":[{"href":"https:\/\/mueblesitalianos.com\/site\/wp-json\/wp\/v2\/types\/product"}],"wp:featuredmedia":[{"embeddable":true,"href":"https:\/\/mueblesitalianos.com\/site\/wp-json\/wp\/v2\/media\/1472"}],"wp:attachment":[{"href":"https:\/\/mueblesitalianos.com\/site\/wp-json\/wp\/v2\/media?parent=1471"}],"wp:term":[{"taxonomy":"product_cat","embeddable":true,"href":"https:\/\/mueblesitalianos.com\/site\/wp-json\/wp\/v2\/product_cat?post=1471"},{"taxonomy":"product_tag","embeddable":true,"href":"https:\/\/mueblesitalianos.com\/site\/wp-json\/wp\/v2\/product_tag?post=1471"}],"curies":[{"name":"wp","href":"https:\/\/api.w.org\/{rel}","templated":true}]}}