{"id":1475,"date":"2022-10-26T11:43:44","date_gmt":"2022-10-26T11:43:44","guid":{"rendered":"https:\/\/mueblesitalianos.com\/site\/?post_type=product&#038;p=1475"},"modified":"2022-10-26T11:43:44","modified_gmt":"2022-10-26T11:43:44","slug":"maestro-mesa","status":"publish","type":"product","link":"https:\/\/mueblesitalianos.com\/site\/producto\/maestro-mesa\/","title":{"rendered":"Maestro Mesa"},"content":{"rendered":"<p>Se renueva la colaboraci\u00f3n con Emilio Nanni, autor para Pianca de Haik y Asolo. Su formaci\u00f3n y experiencia como arquitecto, unidas a la versatilidad con la que expresa su creatividad como dise\u00f1ador y artista, le llevan a crear proyectos ic\u00f3nicos y elocuentes, como la mesa Maestro. En un perfecto equilibrio entre concepto geom\u00e9trico y estabilidad estructural, Maestro se presenta como una s\u00edntesis, adquiriendo valor est\u00e9tico de este enfrentamiento-encuentro. El segmento se convierte en el rasgo caracter\u00edstico del proyecto, mientras que, en su conjunto, perfila un dise\u00f1o que recuerda el envigado de las cerchas arquitect\u00f3nicas. La estructura es de madera y metal pintado, mientras que para el sobre se han concebido las opciones del cristal ahumado y cemento natural.<\/p>\n","protected":false},"excerpt":{"rendered":"<p>La estructura es de madera y metal pintado, mientras que para el sobre se han concebido las opciones del cristal ahumado y cemento natural.<\/p>\n","protected":false},"featured_media":1476,"template":"","meta":{"_joinchat":[]},"product_cat":[18],"product_tag":[],"class_list":{"0":"post-1475","1":"product","2":"type-product","3":"status-publish","4":"has-post-thumbnail","6":"product_cat-pianca-collection","8":"first","9":"outofstock","10":"shipping-taxable","11":"purchasable","12":"product-type-simple"},"aioseo_notices":[],"_links":{"self":[{"href":"https:\/\/mueblesitalianos.com\/site\/wp-json\/wp\/v2\/product\/1475","targetHints":{"allow":["GET"]}}],"collection":[{"href":"https:\/\/mueblesitalianos.com\/site\/wp-json\/wp\/v2\/product"}],"about":[{"href":"https:\/\/mueblesitalianos.com\/site\/wp-json\/wp\/v2\/types\/product"}],"wp:featuredmedia":[{"embeddable":true,"href":"https:\/\/mueblesitalianos.com\/site\/wp-json\/wp\/v2\/media\/1476"}],"wp:attachment":[{"href":"https:\/\/mueblesitalianos.com\/site\/wp-json\/wp\/v2\/media?parent=1475"}],"wp:term":[{"taxonomy":"product_cat","embeddable":true,"href":"https:\/\/mueblesitalianos.com\/site\/wp-json\/wp\/v2\/product_cat?post=1475"},{"taxonomy":"product_tag","embeddable":true,"href":"https:\/\/mueblesitalianos.com\/site\/wp-json\/wp\/v2\/product_tag?post=1475"}],"curies":[{"name":"wp","href":"https:\/\/api.w.org\/{rel}","templated":true}]}}