{"id":1478,"date":"2022-10-26T11:45:41","date_gmt":"2022-10-26T11:45:41","guid":{"rendered":"https:\/\/mueblesitalianos.com\/site\/?post_type=product&#038;p=1478"},"modified":"2022-10-26T11:45:41","modified_gmt":"2022-10-26T11:45:41","slug":"confluence-mesa","status":"publish","type":"product","link":"https:\/\/mueblesitalianos.com\/site\/producto\/confluence-mesa\/","title":{"rendered":"Confluence Mesa"},"content":{"rendered":"<p>La experimentaci\u00f3n con el metal, que desde siempre caracteriza el trabajo de Lust, se une a la experiencia de Pianca en el trabajo de la madera, dando vida a una estructura elegante y org\u00e1nica. La estructura de acero es sinuosa en sus curvas y a la vez din\u00e1mica, dando la idea de haber mantenido la consistencia maleable del proceso de deformaci\u00f3n al que ha sido sometido el material. Con un movimiento fluido las patas de acero convergen, soportando el tablero que parece levitar. Los m\u00faltiples acabados permiten que las mesas rectangulares, redondas y el\u00edpticas se adapten a diferentes estilos.<\/p>\n","protected":false},"excerpt":{"rendered":"<p>Con un movimiento fluido las patas de acero convergen, soportando el tablero que parece levitar. Los m\u00faltiples acabados permiten que las mesas rectangulares, redondas y el\u00edpticas se adapten a diferentes estilos.<\/p>\n","protected":false},"featured_media":1479,"template":"","meta":{"_joinchat":[]},"product_cat":[18],"product_tag":[],"class_list":{"0":"post-1478","1":"product","2":"type-product","3":"status-publish","4":"has-post-thumbnail","6":"product_cat-pianca-collection","8":"first","9":"outofstock","10":"shipping-taxable","11":"purchasable","12":"product-type-simple"},"aioseo_notices":[],"_links":{"self":[{"href":"https:\/\/mueblesitalianos.com\/site\/wp-json\/wp\/v2\/product\/1478","targetHints":{"allow":["GET"]}}],"collection":[{"href":"https:\/\/mueblesitalianos.com\/site\/wp-json\/wp\/v2\/product"}],"about":[{"href":"https:\/\/mueblesitalianos.com\/site\/wp-json\/wp\/v2\/types\/product"}],"wp:featuredmedia":[{"embeddable":true,"href":"https:\/\/mueblesitalianos.com\/site\/wp-json\/wp\/v2\/media\/1479"}],"wp:attachment":[{"href":"https:\/\/mueblesitalianos.com\/site\/wp-json\/wp\/v2\/media?parent=1478"}],"wp:term":[{"taxonomy":"product_cat","embeddable":true,"href":"https:\/\/mueblesitalianos.com\/site\/wp-json\/wp\/v2\/product_cat?post=1478"},{"taxonomy":"product_tag","embeddable":true,"href":"https:\/\/mueblesitalianos.com\/site\/wp-json\/wp\/v2\/product_tag?post=1478"}],"curies":[{"name":"wp","href":"https:\/\/api.w.org\/{rel}","templated":true}]}}