{"id":1482,"date":"2022-10-26T11:47:03","date_gmt":"2022-10-26T11:47:03","guid":{"rendered":"https:\/\/mueblesitalianos.com\/site\/?post_type=product&#038;p=1482"},"modified":"2022-10-26T11:47:03","modified_gmt":"2022-10-26T11:47:03","slug":"cartagena-mesa","status":"publish","type":"product","link":"https:\/\/mueblesitalianos.com\/site\/producto\/cartagena-mesa\/","title":{"rendered":"Cartagena Mesa"},"content":{"rendered":"<p>S\u00f3lida, escultural, extensible: Cartagena es una mesa que amuebla sin renunciar a la versatilidad y funcionalidad. Son \u00edntegramente de madera tanto la base como el tablero, este \u00faltimo grabado con listones, al igual que las extensiones que caben en su interior. El dise\u00f1o de las patas tambi\u00e9n es limpio y moderno, con un perfil achaflanado hacia abajo. Es interesante el detalle de los laterales, caracterizados por la continuidad entre el sobre y la base, elegantemente juntados.<\/p>\n","protected":false},"excerpt":{"rendered":"<p>S\u00f3lida, escultural, extensible: Cartagena es una mesa que amuebla sin renunciar a la versatilidad y funcionalidad. Son \u00edntegramente de madera tanto la base como el tablero, este \u00faltimo grabado con listones, al igual que las extensiones que caben en su interior.<\/p>\n","protected":false},"featured_media":1483,"template":"","meta":{"_joinchat":[]},"product_cat":[18],"product_tag":[],"class_list":{"0":"post-1482","1":"product","2":"type-product","3":"status-publish","4":"has-post-thumbnail","6":"product_cat-pianca-collection","8":"first","9":"outofstock","10":"shipping-taxable","11":"purchasable","12":"product-type-simple"},"aioseo_notices":[],"_links":{"self":[{"href":"https:\/\/mueblesitalianos.com\/site\/wp-json\/wp\/v2\/product\/1482","targetHints":{"allow":["GET"]}}],"collection":[{"href":"https:\/\/mueblesitalianos.com\/site\/wp-json\/wp\/v2\/product"}],"about":[{"href":"https:\/\/mueblesitalianos.com\/site\/wp-json\/wp\/v2\/types\/product"}],"wp:featuredmedia":[{"embeddable":true,"href":"https:\/\/mueblesitalianos.com\/site\/wp-json\/wp\/v2\/media\/1483"}],"wp:attachment":[{"href":"https:\/\/mueblesitalianos.com\/site\/wp-json\/wp\/v2\/media?parent=1482"}],"wp:term":[{"taxonomy":"product_cat","embeddable":true,"href":"https:\/\/mueblesitalianos.com\/site\/wp-json\/wp\/v2\/product_cat?post=1482"},{"taxonomy":"product_tag","embeddable":true,"href":"https:\/\/mueblesitalianos.com\/site\/wp-json\/wp\/v2\/product_tag?post=1482"}],"curies":[{"name":"wp","href":"https:\/\/api.w.org\/{rel}","templated":true}]}}