{"id":1486,"date":"2022-10-26T11:48:15","date_gmt":"2022-10-26T11:48:15","guid":{"rendered":"https:\/\/mueblesitalianos.com\/site\/?post_type=product&#038;p=1486"},"modified":"2022-10-26T11:48:16","modified_gmt":"2022-10-26T11:48:16","slug":"delta-table","status":"publish","type":"product","link":"https:\/\/mueblesitalianos.com\/site\/producto\/delta-table\/","title":{"rendered":"Delta Table"},"content":{"rendered":"<p>Belleza, estabilidad y elegancia dialogan en un juego de equilibrios y materiales del que nace Delta. La forma abocinada de la base confiere a la mesa un aspecto armonioso y ligero, al tiempo que realiza una funci\u00f3n est\u00e1tica que garantiza la m\u00e1xima estabilidad y firmeza de la estructura. El sobre sabe aprovechar al m\u00e1ximo la superficie de apoyo y en su conjunto aparece libre y sin v\u00ednculos, ofreciendo una sensaci\u00f3n espacial de apertura y gran usabilidad. Delta fue dise\u00f1ada para satisfacer las necesidades est\u00e9ticas y funcionales de una zona de estar, una cocina, pero tambi\u00e9n un estudio.<\/p>\n","protected":false},"excerpt":{"rendered":"<p>Delta fue dise\u00f1ada para satisfacer las necesidades est\u00e9ticas y funcionales de una zona de estar, una cocina, pero tambi\u00e9n un estudio.<\/p>\n","protected":false},"featured_media":1487,"template":"","meta":{"_joinchat":[]},"product_cat":[18],"product_tag":[],"class_list":{"0":"post-1486","1":"product","2":"type-product","3":"status-publish","4":"has-post-thumbnail","6":"product_cat-pianca-collection","8":"first","9":"outofstock","10":"shipping-taxable","11":"purchasable","12":"product-type-simple"},"aioseo_notices":[],"_links":{"self":[{"href":"https:\/\/mueblesitalianos.com\/site\/wp-json\/wp\/v2\/product\/1486","targetHints":{"allow":["GET"]}}],"collection":[{"href":"https:\/\/mueblesitalianos.com\/site\/wp-json\/wp\/v2\/product"}],"about":[{"href":"https:\/\/mueblesitalianos.com\/site\/wp-json\/wp\/v2\/types\/product"}],"wp:featuredmedia":[{"embeddable":true,"href":"https:\/\/mueblesitalianos.com\/site\/wp-json\/wp\/v2\/media\/1487"}],"wp:attachment":[{"href":"https:\/\/mueblesitalianos.com\/site\/wp-json\/wp\/v2\/media?parent=1486"}],"wp:term":[{"taxonomy":"product_cat","embeddable":true,"href":"https:\/\/mueblesitalianos.com\/site\/wp-json\/wp\/v2\/product_cat?post=1486"},{"taxonomy":"product_tag","embeddable":true,"href":"https:\/\/mueblesitalianos.com\/site\/wp-json\/wp\/v2\/product_tag?post=1486"}],"curies":[{"name":"wp","href":"https:\/\/api.w.org\/{rel}","templated":true}]}}