{"id":1489,"date":"2022-10-26T11:51:35","date_gmt":"2022-10-26T11:51:35","guid":{"rendered":"https:\/\/mueblesitalianos.com\/site\/?post_type=product&#038;p=1489"},"modified":"2022-10-26T11:51:35","modified_gmt":"2022-10-26T11:51:35","slug":"intro-silla","status":"publish","type":"product","link":"https:\/\/mueblesitalianos.com\/site\/producto\/intro-silla\/","title":{"rendered":"Intro Silla"},"content":{"rendered":"<p>Intro como \u00abintrovertida\u00bb surge de la idea de una persona que, con discreci\u00f3n, mantiene los brazos cruzados a la espalda. Su dise\u00f1o esencial manifiesta un car\u00e1cter decidido: la base de l\u00edneas filiformes sostiene un asiento c\u00f3modo, acogedor y suave al tacto. El respaldo, visto desde atr\u00e1s, muestra los brazos cruzados que crean un agarre \u00fatil para levantar y desplazar la silla. La estructura de la silla permite apilarla, optimizando el espacio. Su forma y las caracter\u00edsticas de los materiales hacen de Intro una excelente opci\u00f3n para decorar diferentes ambientes de la casa.<\/p>\n","protected":false},"excerpt":{"rendered":"<p>La estructura de la silla permite apilarla, optimizando el espacio. Su forma y las caracter\u00edsticas de los materiales hacen de Intro una excelente opci\u00f3n para decorar diferentes ambientes de la casa.<\/p>\n","protected":false},"featured_media":1490,"template":"","meta":{"_joinchat":[]},"product_cat":[18],"product_tag":[],"class_list":{"0":"post-1489","1":"product","2":"type-product","3":"status-publish","4":"has-post-thumbnail","6":"product_cat-pianca-collection","8":"first","9":"outofstock","10":"shipping-taxable","11":"purchasable","12":"product-type-simple"},"aioseo_notices":[],"_links":{"self":[{"href":"https:\/\/mueblesitalianos.com\/site\/wp-json\/wp\/v2\/product\/1489","targetHints":{"allow":["GET"]}}],"collection":[{"href":"https:\/\/mueblesitalianos.com\/site\/wp-json\/wp\/v2\/product"}],"about":[{"href":"https:\/\/mueblesitalianos.com\/site\/wp-json\/wp\/v2\/types\/product"}],"wp:featuredmedia":[{"embeddable":true,"href":"https:\/\/mueblesitalianos.com\/site\/wp-json\/wp\/v2\/media\/1490"}],"wp:attachment":[{"href":"https:\/\/mueblesitalianos.com\/site\/wp-json\/wp\/v2\/media?parent=1489"}],"wp:term":[{"taxonomy":"product_cat","embeddable":true,"href":"https:\/\/mueblesitalianos.com\/site\/wp-json\/wp\/v2\/product_cat?post=1489"},{"taxonomy":"product_tag","embeddable":true,"href":"https:\/\/mueblesitalianos.com\/site\/wp-json\/wp\/v2\/product_tag?post=1489"}],"curies":[{"name":"wp","href":"https:\/\/api.w.org\/{rel}","templated":true}]}}