{"id":1496,"date":"2022-10-26T11:54:01","date_gmt":"2022-10-26T11:54:01","guid":{"rendered":"https:\/\/mueblesitalianos.com\/site\/?post_type=product&#038;p=1496"},"modified":"2022-10-26T11:54:01","modified_gmt":"2022-10-26T11:54:01","slug":"inari-silla","status":"publish","type":"product","link":"https:\/\/mueblesitalianos.com\/site\/producto\/inari-silla\/","title":{"rendered":"Inari Silla"},"content":{"rendered":"<p>Inspirada en uno de los lugares sagrados m\u00e1s importantes de Kioto, la familia de muebles Inari est\u00e1 \u00edntimamente ligada a la serie Fushimi, con la que comparte la ra\u00edz conceptual de referencia y las principales caracter\u00edsticas formales y estil\u00edsticas. Simetr\u00eda, ligereza, refinamiento de los detalles, l\u00edneas limpias hacen de Inari una gama con formas esenciales y elegantes. La elaboraci\u00f3n particular de la madera maciza, fresada y torneada, crea una extraordinaria continuidad t\u00e1ctil y est\u00e9tica entre las superficies, resaltando la dimensi\u00f3n artesanal del proceso. Las aristas son todas redondeadas y, gracias a la sinuosidad de las juntas, no hay separaci\u00f3n entre la base y la estructura superior. Amplia la posibilidad de personalizaci\u00f3n.<\/p>\n","protected":false},"excerpt":{"rendered":"<p>Inspirada en uno de los lugares sagrados m\u00e1s importantes de Kioto, la familia de muebles Inari est\u00e1 \u00edntimamente ligada a la serie Fushimi, con la que comparte la ra\u00edz conceptual de referencia y las principales caracter\u00edsticas formales y estil\u00edsticas.<\/p>\n","protected":false},"featured_media":1497,"template":"","meta":{"_joinchat":[]},"product_cat":[18],"product_tag":[],"class_list":{"0":"post-1496","1":"product","2":"type-product","3":"status-publish","4":"has-post-thumbnail","6":"product_cat-pianca-collection","8":"first","9":"outofstock","10":"shipping-taxable","11":"purchasable","12":"product-type-simple"},"aioseo_notices":[],"_links":{"self":[{"href":"https:\/\/mueblesitalianos.com\/site\/wp-json\/wp\/v2\/product\/1496","targetHints":{"allow":["GET"]}}],"collection":[{"href":"https:\/\/mueblesitalianos.com\/site\/wp-json\/wp\/v2\/product"}],"about":[{"href":"https:\/\/mueblesitalianos.com\/site\/wp-json\/wp\/v2\/types\/product"}],"wp:featuredmedia":[{"embeddable":true,"href":"https:\/\/mueblesitalianos.com\/site\/wp-json\/wp\/v2\/media\/1497"}],"wp:attachment":[{"href":"https:\/\/mueblesitalianos.com\/site\/wp-json\/wp\/v2\/media?parent=1496"}],"wp:term":[{"taxonomy":"product_cat","embeddable":true,"href":"https:\/\/mueblesitalianos.com\/site\/wp-json\/wp\/v2\/product_cat?post=1496"},{"taxonomy":"product_tag","embeddable":true,"href":"https:\/\/mueblesitalianos.com\/site\/wp-json\/wp\/v2\/product_tag?post=1496"}],"curies":[{"name":"wp","href":"https:\/\/api.w.org\/{rel}","templated":true}]}}